
{"id":8,"date":"2010-03-02T11:15:55","date_gmt":"2010-03-02T14:15:55","guid":{"rendered":"http:\/\/cursos.unipampa.edu.br\/cursos\/ppgee\/disciplinas\/"},"modified":"2020-08-01T20:46:27","modified_gmt":"2020-08-01T23:46:27","slug":"disciplinas","status":"publish","type":"page","link":"https:\/\/cursos.unipampa.edu.br\/cursos\/ppgee\/?page_id=8","title":{"rendered":"Disciplinas Ofertadas (pr\u00e9 2020)"},"content":{"rendered":"<p><span style=\"color: #3366ff\">Rela\u00e7\u00e3o das disciplinas ofertadas antes de 2020<br \/>\n<em>Para visualizar as disciplinas atuais, <a href=\"https:\/\/cursos.unipampa.edu.br\/cursos\/ppgee\/?page_id=2013\">clique aqui.<\/a><\/em><br \/>\n<\/span><\/p>\n<h4><a href=\"https:\/\/cursos.unipampa.edu.br\/cursos\/ppgee\/files\/2018\/08\/horarios_2018_2_ppgee.pdf\">Hor\u00e1rios 2018\/2<\/a><\/h4>\n<h4><span style=\"color: #3366ff\">Rela\u00e7\u00e3o das disciplinas<\/span><\/h4>\n<p><a href=\"https:\/\/cursos.unipampa.edu.br\/cursos\/ppgee\/?page_id=170\">An\u00e1lise e Projeto de Sistemas<\/a><\/p>\n<p><a href=\"https:\/\/cursos.unipampa.edu.br\/cursos\/ppgee\/?page_id=934\">An\u00e1lise e Projeto de Sistemas de Controle Discreto<\/a><\/p>\n<p><a href=\"https:\/\/cursos.unipampa.edu.br\/cursos\/ppgee\/?page_id=1557\">Aterramento El\u00e9trico<\/a><\/p>\n<p><a href=\"https:\/\/cursos.unipampa.edu.br\/cursos\/ppgee\/?page_id=83\">C\u00f3digos Corretores de Erro de Transmiss\u00e3o Digital<\/a><\/p>\n<p><a href=\"https:\/\/cursos.unipampa.edu.br\/cursos\/ppgee\/?page_id=292\">Confiabilidade de Sistemas El\u00e9tricos<\/a><\/p>\n<p><a href=\"https:\/\/cursos.unipampa.edu.br\/cursos\/ppgee\/?page_id=353\">Controle de Sistemas El\u00e9tricos de Pot\u00eancia<\/a><\/p>\n<p><a href=\"https:\/\/cursos.unipampa.edu.br\/cursos\/ppgee\/?page_id=733\">Controle e Estima\u00e7\u00e3o de Sistemas Lineares<\/a><\/p>\n<p><a href=\"https:\/\/cursos.unipampa.edu.br\/cursos\/ppgee\/?page_id=188\">Desenvolvimento e Implementa\u00e7\u00e3o de Circuitos Eletr\u00f4nicos<\/a><\/p>\n<p><a href=\"https:\/\/cursos.unipampa.edu.br\/cursos\/ppgee\/?page_id=190\">Dispositivos Eletr\u00f4nicos Semicondutores<\/a><\/p>\n<p><a href=\"https:\/\/cursos.unipampa.edu.br\/cursos\/ppgee\/?page_id=493\">Elabora\u00e7\u00e3o de Disserta\u00e7\u00e3o<\/a><\/p>\n<p><a href=\"https:\/\/cursos.unipampa.edu.br\/cursos\/ppgee\/?page_id=192\">Eletr\u00f4nica de Pot\u00eancia Avan\u00e7ada<\/a><\/p>\n<p><a href=\"https:\/\/cursos.unipampa.edu.br\/cursos\/ppgee\/?page_id=295\">Engenharia de Micro-Ondas<\/a><\/p>\n<p><a href=\"https:\/\/cursos.unipampa.edu.br\/cursos\/ppgee\/?page_id=304\">Est\u00e1gio de Doc\u00eancia<\/a><\/p>\n<p><a href=\"https:\/\/cursos.unipampa.edu.br\/cursos\/ppgee\/?page_id=307\">Estudos Dirigidos I<\/a><\/p>\n<p><a href=\"https:\/\/cursos.unipampa.edu.br\/cursos\/ppgee\/?page_id=195\">Fontes Chaveadas<\/a><\/p>\n<p><a href=\"https:\/\/cursos.unipampa.edu.br\/cursos\/ppgee\/?page_id=737\">Fontes Renov\u00e1veis de Energia<\/a><\/p>\n<p><a href=\"https:\/\/cursos.unipampa.edu.br\/cursos\/ppgee\/?page_id=1049&amp;preview=true\">Metodologia da Pesquisa<\/a><\/p>\n<p><a href=\"https:\/\/cursos.unipampa.edu.br\/cursos\/ppgee\/?page_id=197\">M\u00e9todos de Otimiza\u00e7\u00e3o<\/a><\/p>\n<p><a href=\"https:\/\/cursos.unipampa.edu.br\/cursos\/ppgee\/?page_id=199\">M\u00e9todos Matem\u00e1ticos<\/a><\/p>\n<p><a href=\"https:\/\/cursos.unipampa.edu.br\/cursos\/ppgee\/?page_id=1484\">Metrologia \u00d3ptica<\/a><\/p>\n<p><a href=\"https:\/\/cursos.unipampa.edu.br\/cursos\/ppgee\/?page_id=201\">Modelagem e Simula\u00e7\u00e3o de Sistemas de Pot\u00eancia<\/a><\/p>\n<p><a href=\"https:\/\/cursos.unipampa.edu.br\/cursos\/ppgee\/?page_id=203\">Modelagem Num\u00e9rica Computacional<\/a><\/p>\n<p><a href=\"https:\/\/cursos.unipampa.edu.br\/cursos\/ppgee\/?page_id=938\">Modula\u00e7\u00e3o de Conversores Est\u00e1ticos<\/a><\/p>\n<p><a href=\"https:\/\/cursos.unipampa.edu.br\/cursos\/ppgee\/?page_id=731\">Morfologia Matem\u00e1tica<\/a><\/p>\n<p><a href=\"https:\/\/cursos.unipampa.edu.br\/cursos\/ppgee\/?page_id=727\">Planejamento Integrado de Recursos Energ\u00e9ticos<\/a><\/p>\n<p><a href=\"https:\/\/cursos.unipampa.edu.br\/cursos\/ppgee\/?page_id=205\">Planejamento, Opera\u00e7\u00e3o e Controle de Sistemas de Distribui\u00e7\u00e3o<\/a><\/p>\n<p><a href=\"https:\/\/cursos.unipampa.edu.br\/cursos\/ppgee\/?page_id=207\">Programa\u00e7\u00e3o e Estrutura de Dados Avan\u00e7adas<\/a><\/p>\n<p><a href=\"https:\/\/cursos.unipampa.edu.br\/cursos\/ppgee\/?page_id=209\">Projeto de Circuitos Eletr\u00f4nicos Integrados<\/a><\/p>\n<p><a href=\"https:\/\/cursos.unipampa.edu.br\/cursos\/ppgee\/?page_id=1481\">Redes \u00d3pticas<\/a><\/p>\n<p><a href=\"https:\/\/cursos.unipampa.edu.br\/cursos\/ppgee\/?page_id=1413\">Sistemas Eletr\u00f4nicos para Ilumina\u00e7\u00e3o<\/a><\/p>\n<p><a href=\"https:\/\/cursos.unipampa.edu.br\/cursos\/ppgee\/?page_id=356\">Teoria de Antenas<\/a><\/p>\n<p><a href=\"https:\/\/cursos.unipampa.edu.br\/cursos\/ppgee\/?page_id=360\">Teoria e Aplica\u00e7\u00e3o de Filtros Digitais<\/a><\/p>\n<p><a href=\"https:\/\/cursos.unipampa.edu.br\/cursos\/ppgee\/?page_id=832\">T\u00f3picos Avan\u00e7ados em Processamento de Imagens<\/a><\/p>\n<p><a href=\"https:\/\/cursos.unipampa.edu.br\/cursos\/ppgee\/?page_id=825\">T\u00f3picos de Dispositivos Eletromec\u00e2nicos de Capta\u00e7\u00e3o de Energia e Controle<\/a><\/p>\n<p><a href=\"https:\/\/cursos.unipampa.edu.br\/cursos\/ppgee\/?page_id=1045\">T\u00f3picos Especiais em Sistemas de Controle<\/a><\/p>","protected":false},"excerpt":{"rendered":"<p>Rela\u00e7\u00e3o das disciplinas ofertadas antes de 2020 Para visualizar as disciplinas atuais, clique aqui. Hor\u00e1rios 2018\/2 Rela\u00e7\u00e3o das disciplinas An\u00e1lise e Projeto de Sistemas An\u00e1lise e Projeto de Sistemas de Controle Discreto Aterramento El\u00e9trico C\u00f3digos Corretores de Erro de Transmiss\u00e3o Digital Confiabilidade de Sistemas El\u00e9tricos Controle de Sistemas El\u00e9tricos de Pot\u00eancia Controle e Estima\u00e7\u00e3o de &hellip; <a href=\"https:\/\/cursos.unipampa.edu.br\/cursos\/ppgee\/?page_id=8\" class=\"more-link\">Continue lendo <span class=\"screen-reader-text\">Disciplinas Ofertadas (pr\u00e9 2020)<\/span> <span class=\"meta-nav\">&rarr;<\/span><\/a><\/p>\n","protected":false},"author":182,"featured_media":0,"parent":0,"menu_order":0,"comment_status":"open","ping_status":"open","template":"","meta":[],"_links":{"self":[{"href":"https:\/\/cursos.unipampa.edu.br\/cursos\/ppgee\/index.php?rest_route=\/wp\/v2\/pages\/8"}],"collection":[{"href":"https:\/\/cursos.unipampa.edu.br\/cursos\/ppgee\/index.php?rest_route=\/wp\/v2\/pages"}],"about":[{"href":"https:\/\/cursos.unipampa.edu.br\/cursos\/ppgee\/index.php?rest_route=\/wp\/v2\/types\/page"}],"author":[{"embeddable":true,"href":"https:\/\/cursos.unipampa.edu.br\/cursos\/ppgee\/index.php?rest_route=\/wp\/v2\/users\/182"}],"replies":[{"embeddable":true,"href":"https:\/\/cursos.unipampa.edu.br\/cursos\/ppgee\/index.php?rest_route=%2Fwp%2Fv2%2Fcomments&post=8"}],"version-history":[{"count":101,"href":"https:\/\/cursos.unipampa.edu.br\/cursos\/ppgee\/index.php?rest_route=\/wp\/v2\/pages\/8\/revisions"}],"predecessor-version":[{"id":2017,"href":"https:\/\/cursos.unipampa.edu.br\/cursos\/ppgee\/index.php?rest_route=\/wp\/v2\/pages\/8\/revisions\/2017"}],"wp:attachment":[{"href":"https:\/\/cursos.unipampa.edu.br\/cursos\/ppgee\/index.php?rest_route=%2Fwp%2Fv2%2Fmedia&parent=8"}],"curies":[{"name":"wp","href":"https:\/\/api.w.org\/{rel}","templated":true}]}}