
{"id":733,"date":"2013-03-13T09:02:44","date_gmt":"2013-03-13T12:02:44","guid":{"rendered":"http:\/\/cursos.unipampa.edu.br\/cursos\/ppgee\/?page_id=733"},"modified":"2020-08-03T10:55:53","modified_gmt":"2020-08-03T13:55:53","slug":"controle-e-estimacao-de-sistemas-lineares","status":"publish","type":"page","link":"https:\/\/cursos.unipampa.edu.br\/cursos\/ppgee\/?page_id=733","title":{"rendered":"Controle e Estima\u00e7\u00e3o de Sistemas Lineares"},"content":{"rendered":"<h4>C\u00f3digo:<\/h4>\n<h4>Obrigat\u00f3ria: n\u00e3o<\/h4>\n<h4>Carga-hor\u00e1ria: 60h<\/h4>\n<h4>Cr\u00e9ditos: 4<\/h4>\n<h4><strong>Ementa:<\/strong><\/h4>\n<p>Modelagem matem\u00e1tica de sistemas din\u00e2micos. Controlabilidade, Observabilidade e Detectabilidade de equa\u00e7\u00f5es lineares. Realiza\u00e7\u00e3o de sistemas. M\u00e9todos de Resposta em Frequ\u00eancia. Estabilidade de Sistemas Lineares no dom\u00ednio do tempo e da frequ\u00eancia. Estimadores de Estado. Projeto de compensadores. Tecnologias de controladores: PID, Deadbeat, OSAP, VSC, Sliding Mode.<\/p>\n<h4>Bibliografia:<\/h4>\n<ul>\n<li>CHEN, C-T. Linear System Theory and Design. New York: Holt, Rinehart, and Winston, 1984. Print.<\/li>\n<li>GOODWIN, G.C., GRAEBE, S.F. and SALGADO, Mario.E. Control System Design. Upper Saddle River, NJ: Prentice Hall, 2001. Print.<\/li>\n<li>FRANKLIN, G.F., POWELL, J.D. and EMAMI-NAEINI, A. Feedback Control of Dynamic Systems. Upper Saddle River [N.J.: Pearson, 2010. Print.<\/li>\n<li>BACCIOTTI, A. and ROSIER, L. Liapunov Functions and Stability in Control Theory. London: Springer, 2001. Print.<\/li>\n<li>KISAC\u030cANIN, B. and AGARWAL G.C. Linear Control Systems: With Solved Problems and MATLAB Examples. New York: Kluwer Academic\/Plenum, 2001. Print.<\/li>\n<li>DORF, R.C. and BISHOP R.H. Modern Control Systems. Reading, MA: Addison-Wesley, 1995. Print.<\/li>\n<li>Artigos cient\u00edficos publicados nas revistas IEEE Transactions on Automatic Control, Automatica, SBA Controle e Automa\u00e7\u00e3o, IEEE Transactions on Industrial Electronics, IEEE Transactions on Industry Applications, IET on Control Theory and Applications.<\/li>\n<\/ul>\n","protected":false},"excerpt":{"rendered":"<p>C\u00f3digo: Obrigat\u00f3ria: n\u00e3o Carga-hor\u00e1ria: 60h Cr\u00e9ditos: 4 Ementa: Modelagem matem\u00e1tica de sistemas din\u00e2micos. Controlabilidade, Observabilidade e Detectabilidade de equa\u00e7\u00f5es lineares. Realiza\u00e7\u00e3o de sistemas. M\u00e9todos de Resposta em Frequ\u00eancia. Estabilidade de Sistemas Lineares no dom\u00ednio do tempo e da frequ\u00eancia. Estimadores de Estado. Projeto de compensadores. Tecnologias de controladores: PID, Deadbeat, OSAP, VSC, Sliding Mode. Bibliografia: &hellip; <a href=\"https:\/\/cursos.unipampa.edu.br\/cursos\/ppgee\/?page_id=733\" class=\"more-link\">Continue lendo <span class=\"screen-reader-text\">Controle e Estima\u00e7\u00e3o de Sistemas Lineares<\/span> <span class=\"meta-nav\">&rarr;<\/span><\/a><\/p>\n","protected":false},"author":146,"featured_media":0,"parent":2013,"menu_order":0,"comment_status":"open","ping_status":"closed","template":"","meta":[],"_links":{"self":[{"href":"https:\/\/cursos.unipampa.edu.br\/cursos\/ppgee\/index.php?rest_route=\/wp\/v2\/pages\/733"}],"collection":[{"href":"https:\/\/cursos.unipampa.edu.br\/cursos\/ppgee\/index.php?rest_route=\/wp\/v2\/pages"}],"about":[{"href":"https:\/\/cursos.unipampa.edu.br\/cursos\/ppgee\/index.php?rest_route=\/wp\/v2\/types\/page"}],"author":[{"embeddable":true,"href":"https:\/\/cursos.unipampa.edu.br\/cursos\/ppgee\/index.php?rest_route=\/wp\/v2\/users\/146"}],"replies":[{"embeddable":true,"href":"https:\/\/cursos.unipampa.edu.br\/cursos\/ppgee\/index.php?rest_route=%2Fwp%2Fv2%2Fcomments&post=733"}],"version-history":[{"count":4,"href":"https:\/\/cursos.unipampa.edu.br\/cursos\/ppgee\/index.php?rest_route=\/wp\/v2\/pages\/733\/revisions"}],"predecessor-version":[{"id":1337,"href":"https:\/\/cursos.unipampa.edu.br\/cursos\/ppgee\/index.php?rest_route=\/wp\/v2\/pages\/733\/revisions\/1337"}],"up":[{"embeddable":true,"href":"https:\/\/cursos.unipampa.edu.br\/cursos\/ppgee\/index.php?rest_route=\/wp\/v2\/pages\/2013"}],"wp:attachment":[{"href":"https:\/\/cursos.unipampa.edu.br\/cursos\/ppgee\/index.php?rest_route=%2Fwp%2Fv2%2Fmedia&parent=733"}],"curies":[{"name":"wp","href":"https:\/\/api.w.org\/{rel}","templated":true}]}}