
{"id":3281,"date":"2026-03-12T10:01:14","date_gmt":"2026-03-12T13:01:14","guid":{"rendered":"https:\/\/cursos.unipampa.edu.br\/cursos\/ppgee\/?page_id=3281"},"modified":"2026-03-12T10:11:47","modified_gmt":"2026-03-12T13:11:47","slug":"circuitos-de-comunicacao","status":"publish","type":"page","link":"https:\/\/cursos.unipampa.edu.br\/cursos\/ppgee\/?page_id=3281","title":{"rendered":"Circuitos de Comunica\u00e7\u00e3o"},"content":{"rendered":"<p><\/p>\n<header class=\"entry-header\">\n<h1 class=\"entry-title\"><strong style=\"font-size: 16px\">Projeto: <\/strong><strong><span style=\"font-size: 16px\">Desenvolvimento e Caracteriza\u00e7\u00e3o Experimental de Antenas para Telemetria e Radionavega\u00e7\u00e3o para Ve\u00edculos Lan\u00e7adores de Pequenos Sat\u00e9lites<\/span><\/strong><\/h1>\n<\/header>\n<div class=\"entry-content\">\n<p align=\"justify\">\n<strong>Edital:<\/strong>\u00a0CHAMADA CNPq n\u00ba 20\/2022<br \/>\n<strong>In\u00edcio:<\/strong>\u00a021\/11\/2022<br \/>\n<strong>Dura\u00e7\u00e3o:<\/strong>\u00a036 meses<\/p>\n<p align=\"justify\">\n<strong>Resumo:<\/strong><br \/>\nO presente projeto prop\u00f5e o desenvolvimento de antenas para o foguete suborbital VS-50 e o ve\u00edculo lan\u00e7ador de microssat\u00e9lites VLM-1, em conson\u00e2ncia com os objetivos estrat\u00e9gicos do Programa Nacional de Atividades Espaciais 2022-2031 (PNAE 2022-2031). Antenas para recep\u00e7\u00e3o de dados de sistemas globais de navega\u00e7\u00e3o via sat\u00e9lite (do ingl\u00eas, global navigation satellite system \u2013 GNSS) e para transmiss\u00e3o de dados de telemetria para uma esta\u00e7\u00e3o terrena ser\u00e3o projetadas e caracterizadas experimentalmente. Devido ao elevado custo e \u00e0s dimens\u00f5es dos ve\u00edculos VS-50 e VLM-1, a caracteriza\u00e7\u00e3o experimental ser\u00e1 realizada empregando-se o escalonamento (eleva\u00e7\u00e3o) em frequ\u00eancia, reduzindo-se, simultaneamente, as dimens\u00f5es dos foguetes pelo mesmo fator de escala. Este procedimento j\u00e1 vem sendo utilizado na ind\u00fastria aeron\u00e1utica para otimiza\u00e7\u00e3o de instala\u00e7\u00e3o das antenas e ser\u00e1 testado, agora, para ve\u00edculos espaciais. Al\u00e9m disso, esta t\u00e9cnica permite a caracteriza\u00e7\u00e3o das mesmas propriedades eletromagn\u00e9ticas como se fosse para o modelo em escala real com a vantagem de possibilitar a execu\u00e7\u00e3o das medidas em um ambiente mais controlado e com custos muito reduzidos. Parte da infraestrutura necess\u00e1ria para a valida\u00e7\u00e3o experimental j\u00e1 se encontra dispon\u00edvel no Laborat\u00f3rio de Eletromagnetismo, Micro-Ondas e Antenas (LEMA) da Universidade Federal do Pampa (UNIPAMPA). O restante dos equipamentos dever\u00e1 ser adquirido, caso esta proposta seja contemplada com recursos financeiros do CNPq.<\/p>\n<p align=\"justify\"><strong>Equipe:<\/strong><br \/>\n<em>Pesquisadores:<\/em><\/p>\n<p align=\"justify\">UNIPAMPA: Marcos V. T. Heckler, Edson R. Schlosser<br \/>\nITA: Lucas C. Severo<br \/>\nEscola Superior Polit\u00e9cnica do Chimborazo (Equador): Alexis F. Tinoco Salazar<\/p>\n<p><em>Alunos de p\u00f3s-gradua\u00e7\u00e3o:<\/em><br \/>\nPedro Henrique Alves Everling<\/p>\n<p><em>Alunos de inicia\u00e7\u00e3o cient\u00edfica:<\/em><br \/>\nAbdou Halique Atanda Adechinan Bouari<br \/>\nClara Souza Franco<br \/>\nDaniel Bomfim dos Santos<br \/>\nLuan Escarrone Ramos<br \/>\nWillian Fontella da Silva<\/p>\n<\/div>\n<p><\/p>","protected":false},"excerpt":{"rendered":"<p>Projeto: Desenvolvimento e Caracteriza\u00e7\u00e3o Experimental de Antenas para Telemetria e Radionavega\u00e7\u00e3o para Ve\u00edculos Lan\u00e7adores de Pequenos Sat\u00e9lites Edital:\u00a0CHAMADA CNPq n\u00ba 20\/2022 In\u00edcio:\u00a021\/11\/2022 Dura\u00e7\u00e3o:\u00a036 meses Resumo: O presente projeto prop\u00f5e o desenvolvimento de antenas para o foguete suborbital VS-50 e o ve\u00edculo lan\u00e7ador de microssat\u00e9lites VLM-1, em conson\u00e2ncia com os objetivos estrat\u00e9gicos do Programa Nacional de &hellip; <a href=\"https:\/\/cursos.unipampa.edu.br\/cursos\/ppgee\/?page_id=3281\" class=\"more-link\">Continue lendo <span class=\"screen-reader-text\">Circuitos de Comunica\u00e7\u00e3o<\/span> <span class=\"meta-nav\">&rarr;<\/span><\/a><\/p>\n","protected":false},"author":383,"featured_media":0,"parent":0,"menu_order":0,"comment_status":"closed","ping_status":"closed","template":"","meta":[],"_links":{"self":[{"href":"https:\/\/cursos.unipampa.edu.br\/cursos\/ppgee\/index.php?rest_route=\/wp\/v2\/pages\/3281"}],"collection":[{"href":"https:\/\/cursos.unipampa.edu.br\/cursos\/ppgee\/index.php?rest_route=\/wp\/v2\/pages"}],"about":[{"href":"https:\/\/cursos.unipampa.edu.br\/cursos\/ppgee\/index.php?rest_route=\/wp\/v2\/types\/page"}],"author":[{"embeddable":true,"href":"https:\/\/cursos.unipampa.edu.br\/cursos\/ppgee\/index.php?rest_route=\/wp\/v2\/users\/383"}],"replies":[{"embeddable":true,"href":"https:\/\/cursos.unipampa.edu.br\/cursos\/ppgee\/index.php?rest_route=%2Fwp%2Fv2%2Fcomments&post=3281"}],"version-history":[{"count":6,"href":"https:\/\/cursos.unipampa.edu.br\/cursos\/ppgee\/index.php?rest_route=\/wp\/v2\/pages\/3281\/revisions"}],"predecessor-version":[{"id":3302,"href":"https:\/\/cursos.unipampa.edu.br\/cursos\/ppgee\/index.php?rest_route=\/wp\/v2\/pages\/3281\/revisions\/3302"}],"wp:attachment":[{"href":"https:\/\/cursos.unipampa.edu.br\/cursos\/ppgee\/index.php?rest_route=%2Fwp%2Fv2%2Fmedia&parent=3281"}],"curies":[{"name":"wp","href":"https:\/\/api.w.org\/{rel}","templated":true}]}}