
{"id":3081,"date":"2025-06-07T16:44:04","date_gmt":"2025-06-07T19:44:04","guid":{"rendered":"https:\/\/cursos.unipampa.edu.br\/cursos\/ppgee\/?page_id=3081"},"modified":"2025-06-07T16:44:04","modified_gmt":"2025-06-07T19:44:04","slug":"circuitos-integrados-analogicos-ii","status":"publish","type":"page","link":"https:\/\/cursos.unipampa.edu.br\/cursos\/ppgee\/?page_id=3081","title":{"rendered":"Circuitos Integrados Anal\u00f3gicos II"},"content":{"rendered":"<p><\/p>\n<header class=\"entry-header\">\n<h1 class=\"entry-title\"><span style=\"font-size: 20px\">C\u00f3digo: AL5161<\/span><\/h1>\n<\/header>\n<div class=\"entry-content\">\n<h4>Obrigat\u00f3ria: n\u00e3o<\/h4>\n<h4>Carga-hor\u00e1ria: 60h<\/h4>\n<h4>Cr\u00e9ditos: 4<\/h4>\n<h4><strong>Ementa:<\/strong><\/h4>\n<div class=\"page\" title=\"Page 42\">\n<div class=\"section\">\n<div class=\"layoutArea\">\n<div class=\"column\">\n<div class=\"page\" title=\"Page 42\">\n<div class=\"section\">\n<div class=\"layoutArea\">\n<div class=\"column\">\n<div class=\"page\" title=\"Page 43\">\n<div class=\"section\">\n<div class=\"layoutArea\">\n<div class=\"column\">\n<p>Introdu\u00e7\u00e3o \u00e0 comparadores CMOS. Projeto, simula\u00e7\u00e3o e caracteriza\u00e7\u00e3o de comparadores. Comparadores din\u00e2micos. Comparadores de m\u00faltiplos est\u00e1gios. Offset e ru\u00eddo em comparadores CMOS. Calibra\u00e7\u00e3o de offset de comparadores CMOS. Leiaute de comparadores. Projeto de amplificadores avan\u00e7ados. Simula\u00e7\u00e3o e caracteriza\u00e7\u00e3o de amplificadores. Offset e ru\u00eddo em circuitos amplificadores. Chopper e auto-zero. Leiaute de circuitos amplificadores.<\/p>\n<\/div>\n<\/div>\n<\/div>\n<\/div>\n<\/div>\n<\/div>\n<\/div>\n<\/div>\n<\/div>\n<\/div>\n<\/div>\n<\/div>\n<h4>Bibliografia:<\/h4>\n<ul>\n<li>ALLEN, P. E., HOLBERG, D. R., \u201cCMOS Analog Circuit Design,\u201d 2nd Edition, Oxford University Press, New York, 2004.<\/li>\n<li>BAKER, R. J. CMOS: circuit design, layout, and simulation, 3rd ed., Hoboken, NJ: John Wiley &amp; Sons, 2010.<\/li>\n<li>RAZAVI, B., Design of analog cmos integrated circuits. New York, NY: McGraw-Hill, 2001.<\/li>\n<li>BAKER, R. J., CMOS: mixed-signal circuit design. 2nd ed. Hoboken, NJ: John Wiley &amp; Sons, 2009.<\/li>\n<li>CARUSONE, T. C., JOHNS, D., MARTIN, K. W., &amp; JOHNS, D. (2012). Analog integrated circuit design. Hoboken, NJ, John Wiley &amp; Sons.<\/li>\n<li>PELGROM, M., Analog-to-Digital Conversion, 3. ed., Springer, 2012.<\/li>\n<li>RAZAVI, B., Principles of data conversion system design. New York, NY: John Wiley &amp; Sons, 1995.<\/li>\n<li>Artigos cient\u00edficos publicados nas revistas IEEE Journal of Solid-State Circuits, IEEE Transactions on Circuits and Systems I, IEEE Transactions on Circuits and Systems II, IET Electronics Letters, IET Circuits, Devices and Systems, Springer Analog Integrated Circuits and Signal Processing, Elsevier Microelectronics Journal e IEEE Proceedings.<\/li>\n<\/ul>\n<\/div>\n<p><\/p>","protected":false},"excerpt":{"rendered":"<p>C\u00f3digo: AL5161 Obrigat\u00f3ria: n\u00e3o Carga-hor\u00e1ria: 60h Cr\u00e9ditos: 4 Ementa: Introdu\u00e7\u00e3o \u00e0 comparadores CMOS. Projeto, simula\u00e7\u00e3o e caracteriza\u00e7\u00e3o de comparadores. Comparadores din\u00e2micos. Comparadores de m\u00faltiplos est\u00e1gios. Offset e ru\u00eddo em comparadores CMOS. Calibra\u00e7\u00e3o de offset de comparadores CMOS. Leiaute de comparadores. Projeto de amplificadores avan\u00e7ados. Simula\u00e7\u00e3o e caracteriza\u00e7\u00e3o de amplificadores. Offset e ru\u00eddo em circuitos amplificadores. &hellip; <a href=\"https:\/\/cursos.unipampa.edu.br\/cursos\/ppgee\/?page_id=3081\" class=\"more-link\">Continue lendo <span class=\"screen-reader-text\">Circuitos Integrados Anal\u00f3gicos II<\/span> <span class=\"meta-nav\">&rarr;<\/span><\/a><\/p>\n","protected":false},"author":383,"featured_media":0,"parent":0,"menu_order":0,"comment_status":"closed","ping_status":"closed","template":"","meta":[],"_links":{"self":[{"href":"https:\/\/cursos.unipampa.edu.br\/cursos\/ppgee\/index.php?rest_route=\/wp\/v2\/pages\/3081"}],"collection":[{"href":"https:\/\/cursos.unipampa.edu.br\/cursos\/ppgee\/index.php?rest_route=\/wp\/v2\/pages"}],"about":[{"href":"https:\/\/cursos.unipampa.edu.br\/cursos\/ppgee\/index.php?rest_route=\/wp\/v2\/types\/page"}],"author":[{"embeddable":true,"href":"https:\/\/cursos.unipampa.edu.br\/cursos\/ppgee\/index.php?rest_route=\/wp\/v2\/users\/383"}],"replies":[{"embeddable":true,"href":"https:\/\/cursos.unipampa.edu.br\/cursos\/ppgee\/index.php?rest_route=%2Fwp%2Fv2%2Fcomments&post=3081"}],"version-history":[{"count":1,"href":"https:\/\/cursos.unipampa.edu.br\/cursos\/ppgee\/index.php?rest_route=\/wp\/v2\/pages\/3081\/revisions"}],"predecessor-version":[{"id":3082,"href":"https:\/\/cursos.unipampa.edu.br\/cursos\/ppgee\/index.php?rest_route=\/wp\/v2\/pages\/3081\/revisions\/3082"}],"wp:attachment":[{"href":"https:\/\/cursos.unipampa.edu.br\/cursos\/ppgee\/index.php?rest_route=%2Fwp%2Fv2%2Fmedia&parent=3081"}],"curies":[{"name":"wp","href":"https:\/\/api.w.org\/{rel}","templated":true}]}}