
{"id":3,"date":"2017-03-02T11:14:44","date_gmt":"2017-03-02T14:14:44","guid":{"rendered":"http:\/\/cursos.unipampa.edu.br\/cursos\/ppgee\/?page_id=3"},"modified":"2020-07-31T17:07:30","modified_gmt":"2020-07-31T20:07:30","slug":"professores","status":"publish","type":"page","link":"https:\/\/cursos.unipampa.edu.br\/cursos\/ppgee\/?page_id=3","title":{"rendered":"Corpo Docente (pr\u00e9-2020)"},"content":{"rendered":"<p>Corpo docente do PPGEE no per\u00edodo anterior a 2020<br \/>\n<em>Para visualizar o corpo docente atual, <a href=\"https:\/\/cursos.unipampa.edu.br\/cursos\/ppgee\/?page_id=1919\">clique aqui<\/a>.<\/em><\/p>\n<h2><strong>LINHA DE PESQUISA: ELETR\u00d4NICA<\/strong><\/h2>\n<h3><strong>Docentes\u00a0Permanentes<\/strong><\/h3>\n<h4>Prof. Dr. <a href=\"http:\/\/lattes.cnpq.br\/9078785342700446\" target=\"_blank\" rel=\"noopener noreferrer\">Alessandro Gon\u00e7alves Girardi<\/a><\/h4>\n<p style=\"text-align: justify\">Possui interesse na \u00e1rea de Microeletr\u00f4nica, atuando em projeto de circuitos integrados anal\u00f3gicos e digitais, modelagem de dispositivos e desenvolvimento de ferramentas de CAD para projeto de CIs.<\/p>\n<h4>Prof. Dr. <a href=\"http:\/\/lattes.cnpq.br\/5462693554101852\">Djeisson Hoffmann Thomas<\/a><\/h4>\n<p style=\"text-align: justify\">Atua na \u00e1rea de projeto e otimiza\u00e7\u00e3o de sistemas \u00f3pticos; projeto e otimiza\u00e7\u00e3o de redes \u00f3pticas, em especial as de acesso; instrumenta\u00e7\u00e3o optoeletr\u00f4nica e sensoriamento; inspe\u00e7\u00e3o por ondas eletromagn\u00e9ticas.<\/p>\n<h4>Prof. Dr. <a href=\"http:\/\/lattes.cnpq.br\/7323260281207063\" target=\"_blank\" rel=\"noopener noreferrer\">Eduardo Ceretta Moreira<\/a><\/h4>\n<p>Atua na \u00e1rea de f\u00edsica da mat\u00e9ria condensada, com \u00eanfase em F\u00edsica Experimental, atuando principalmente em Implanta\u00e7\u00e3o I\u00f4nica, Fotoluminesc\u00eancia de nanocristais de sil\u00edcio e aplica\u00e7\u00f5es multidisciplinares da Espectroscopia Raman.<\/p>\n<h4>Prof. Dr. <a title=\"Felipe Bovolini Grigoletto\" href=\"http:\/\/buscatextual.cnpq.br\/buscatextual\/visualizacv.do?metodo=apresentar&amp;id=K4531964J0\" target=\"_blank\" rel=\"noopener noreferrer\">Felipe Bovolini Grigoletto<\/a><\/h4>\n<p>Atua nas \u00e1reas de sistemas de convers\u00e3o de energia e\u00f3lica conectados \u00e0 rede, estrat\u00e9gias de modula\u00e7\u00e3o para conversores multin\u00edveis e conversores em paralelo<\/p>\n<h4>Prof. Dr. <a href=\"http:\/\/lattes.cnpq.br\/8066639517474565\" target=\"_blank\" rel=\"noopener noreferrer\">Jumar Luis Russi<\/a><\/h4>\n<p style=\"text-align: justify\">Possui interesse na \u00e1rea de eletr\u00f4nica industrial, sistemas e controles eletr\u00f4nicos, atuando principalmente nos seguintes temas: Comuta\u00e7\u00e3o Suave, Conversores Est\u00e1ticos, Zero Voltage Transition &#8211; ZVT &#8211; e Inversores.<\/p>\n<h4>Prof. Dr. <a href=\"http:\/\/lattes.cnpq.br\/9333498570249062\" target=\"_blank\" rel=\"noopener noreferrer\">M\u00e1rcio Stefanello<\/a><\/h4>\n<p style=\"text-align: justify\">Possui interesse em controle adaptativo e controle discreto de conversores eletr\u00f4nicos de pot\u00eancia.<\/p>\n<h4>Prof. Dr. <a href=\"http:\/\/lattes.cnpq.br\/7326313587019025\" target=\"_blank\" rel=\"noopener noreferrer\">Marcos Vin\u00edcio Thomas Heckler<\/a><\/h4>\n<p style=\"text-align: justify\">Atua principalmente nos seguintes temas: an\u00e1lise de antenas embarcadas em aeronaves, projeto de antenas para telemetria, comunica\u00e7\u00f5es e navega\u00e7\u00e3o, e no desenvolvimento de m\u00e9todos num\u00e9ricos para a an\u00e1lise de antenas de microfita conformadas sobre superf\u00edcies cil\u00edndricas.<\/p>\n<h4>Prof. Dr. <a href=\"http:\/\/lattes.cnpq.br\/6015559740622811\">Vitor Cristiano Bender<\/a>\u00a0\u00a0(UFSM)<\/h4>\n<p style=\"text-align: justify\">Atua na \u00e1rea de Engenharia El\u00e9trica, com \u00eanfase nos seguintes temas: sistemas de ilumina\u00e7\u00e3o, reatores eletr\u00f4nicos, conversores est\u00e1ticos, m\u00e9todos de corre\u00e7\u00e3o do fator de pot\u00eancia, diodos inorg\u00e2nicos emissores de luz (LEDs), diodos org\u00e2nicos emissores de luz (OLEDs), circuitos eletr\u00f4nicos para acionamento de LEDs e OLEDs, gerenciamento t\u00e9rmico de LEDs e OLEDs e simula\u00e7\u00f5es empregando o m\u00e9todo de elementos finitos.<\/p>\n<h2><strong>LINHA DE PESQUISA: MODELAGEM E OTIMIZA\u00c7\u00c3O DE SISTEMAS<\/strong><\/h2>\n<h3><strong>Docentes Permanentes<\/strong><\/h3>\n<h4>\u00a0Prof. Dr. <a href=\"http:\/\/lattes.cnpq.br\/2387118009577291\">Eduardo Machado dos Santos<\/a><\/h4>\n<p>Suas pesquisas incluem intelig\u00eancia artificial e t\u00e9cnicas matem\u00e1ticas e computacionais de processamento de sinais aplicadas \u00e0 prote\u00e7\u00e3o de sistemas el\u00e9tricos de pot\u00eancia.<\/p>\n<h4>\u00a0<strong>Docentes Colaboradores <\/strong><\/h4>\n<h4>Prof. Dr. <a href=\"http:\/\/lattes.cnpq.br\/6004612278397270\" target=\"_blank\" rel=\"noopener noreferrer\">Daniel Pinheiro Bernadon<\/a> (UFSM)<\/h4>\n<p style=\"text-align: justify\">Possui interesse na \u00e1rea de Sistemas El\u00e9tricos de Pot\u00eancia, atuando principalmente nos seguintes temas: redes el\u00e9tricas inteligentes (smart grid), modelagem e otimiza\u00e7\u00e3o de sistemas, planejamento, an\u00e1lise e opera\u00e7\u00e3o de redes de distribui\u00e7\u00e3o.<\/p>\n<p><\/p>","protected":false},"excerpt":{"rendered":"<p>Corpo docente do PPGEE no per\u00edodo anterior a 2020 Para visualizar o corpo docente atual, clique aqui. LINHA DE PESQUISA: ELETR\u00d4NICA Docentes\u00a0Permanentes Prof. Dr. Alessandro Gon\u00e7alves Girardi Possui interesse na \u00e1rea de Microeletr\u00f4nica, atuando em projeto de circuitos integrados anal\u00f3gicos e digitais, modelagem de dispositivos e desenvolvimento de ferramentas de CAD para projeto de CIs. &hellip; <a href=\"https:\/\/cursos.unipampa.edu.br\/cursos\/ppgee\/?page_id=3\" class=\"more-link\">Continue lendo <span class=\"screen-reader-text\">Corpo Docente (pr\u00e9-2020)<\/span> <span class=\"meta-nav\">&rarr;<\/span><\/a><\/p>\n","protected":false},"author":182,"featured_media":0,"parent":0,"menu_order":30,"comment_status":"open","ping_status":"open","template":"","meta":[],"_links":{"self":[{"href":"https:\/\/cursos.unipampa.edu.br\/cursos\/ppgee\/index.php?rest_route=\/wp\/v2\/pages\/3"}],"collection":[{"href":"https:\/\/cursos.unipampa.edu.br\/cursos\/ppgee\/index.php?rest_route=\/wp\/v2\/pages"}],"about":[{"href":"https:\/\/cursos.unipampa.edu.br\/cursos\/ppgee\/index.php?rest_route=\/wp\/v2\/types\/page"}],"author":[{"embeddable":true,"href":"https:\/\/cursos.unipampa.edu.br\/cursos\/ppgee\/index.php?rest_route=\/wp\/v2\/users\/182"}],"replies":[{"embeddable":true,"href":"https:\/\/cursos.unipampa.edu.br\/cursos\/ppgee\/index.php?rest_route=%2Fwp%2Fv2%2Fcomments&post=3"}],"version-history":[{"count":103,"href":"https:\/\/cursos.unipampa.edu.br\/cursos\/ppgee\/index.php?rest_route=\/wp\/v2\/pages\/3\/revisions"}],"predecessor-version":[{"id":1929,"href":"https:\/\/cursos.unipampa.edu.br\/cursos\/ppgee\/index.php?rest_route=\/wp\/v2\/pages\/3\/revisions\/1929"}],"wp:attachment":[{"href":"https:\/\/cursos.unipampa.edu.br\/cursos\/ppgee\/index.php?rest_route=%2Fwp%2Fv2%2Fmedia&parent=3"}],"curies":[{"name":"wp","href":"https:\/\/api.w.org\/{rel}","templated":true}]}}