
{"id":2938,"date":"2025-01-28T15:33:04","date_gmt":"2025-01-28T18:33:04","guid":{"rendered":"https:\/\/cursos.unipampa.edu.br\/cursos\/ppgee\/?page_id=2938"},"modified":"2025-03-21T14:49:01","modified_gmt":"2025-03-21T17:49:01","slug":"autoavaliacao","status":"publish","type":"page","link":"https:\/\/cursos.unipampa.edu.br\/cursos\/ppgee\/?page_id=2938","title":{"rendered":"Autoavalia\u00e7\u00e3o"},"content":{"rendered":"<p>Para acessar o documento de autoavalia\u00e7\u00e3o homologado pelo Conselho do PPGEE no dia 06\/02\/2025 [<a href=\"https:\/\/drive.google.com\/file\/d\/1TQdK6meZBMB46K2_zRAwt5EkoNdTyJpj\/view?usp=sharing\">clique aqui]<\/a><\/p>\n<p>&nbsp;<\/p>","protected":false},"excerpt":{"rendered":"<p>Para acessar o documento de autoavalia\u00e7\u00e3o homologado pelo Conselho do PPGEE no dia 06\/02\/2025 [clique aqui] &nbsp;<\/p>\n","protected":false},"author":383,"featured_media":0,"parent":1973,"menu_order":0,"comment_status":"closed","ping_status":"closed","template":"","meta":[],"_links":{"self":[{"href":"https:\/\/cursos.unipampa.edu.br\/cursos\/ppgee\/index.php?rest_route=\/wp\/v2\/pages\/2938"}],"collection":[{"href":"https:\/\/cursos.unipampa.edu.br\/cursos\/ppgee\/index.php?rest_route=\/wp\/v2\/pages"}],"about":[{"href":"https:\/\/cursos.unipampa.edu.br\/cursos\/ppgee\/index.php?rest_route=\/wp\/v2\/types\/page"}],"author":[{"embeddable":true,"href":"https:\/\/cursos.unipampa.edu.br\/cursos\/ppgee\/index.php?rest_route=\/wp\/v2\/users\/383"}],"replies":[{"embeddable":true,"href":"https:\/\/cursos.unipampa.edu.br\/cursos\/ppgee\/index.php?rest_route=%2Fwp%2Fv2%2Fcomments&post=2938"}],"version-history":[{"count":10,"href":"https:\/\/cursos.unipampa.edu.br\/cursos\/ppgee\/index.php?rest_route=\/wp\/v2\/pages\/2938\/revisions"}],"predecessor-version":[{"id":2995,"href":"https:\/\/cursos.unipampa.edu.br\/cursos\/ppgee\/index.php?rest_route=\/wp\/v2\/pages\/2938\/revisions\/2995"}],"up":[{"embeddable":true,"href":"https:\/\/cursos.unipampa.edu.br\/cursos\/ppgee\/index.php?rest_route=\/wp\/v2\/pages\/1973"}],"wp:attachment":[{"href":"https:\/\/cursos.unipampa.edu.br\/cursos\/ppgee\/index.php?rest_route=%2Fwp%2Fv2%2Fmedia&parent=2938"}],"curies":[{"name":"wp","href":"https:\/\/api.w.org\/{rel}","templated":true}]}}