
{"id":2409,"date":"2021-12-08T13:55:24","date_gmt":"2021-12-08T16:55:24","guid":{"rendered":"https:\/\/cursos.unipampa.edu.br\/cursos\/ppgee\/?page_id=2409"},"modified":"2026-03-02T10:34:31","modified_gmt":"2026-03-02T13:34:31","slug":"procedimentos-e-formularios","status":"publish","type":"page","link":"https:\/\/cursos.unipampa.edu.br\/cursos\/ppgee\/?page_id=2409","title":{"rendered":"Normas, procedimentos e formul\u00e1rios"},"content":{"rendered":"<p><\/p>\n<h4>Normativas Internas<\/h4>\n<ul>\n<li><strong><a href=\"https:\/\/cursos.unipampa.edu.br\/cursos\/ppgee\/files\/2022\/07\/normativa-ppgee-01-2022-regras-de-aproveitamento-creditos.pdf\">Normativa Interna PPGEE 01\/2022<\/a>:<\/strong> regras de aproveitamento de cr\u00e9ditos.\n<ul>\n<li><strong><a href=\"https:\/\/cursos.unipampa.edu.br\/cursos\/ppgee\/files\/2022\/08\/formulario-solicitacao-de-aproveitamento-de-creditos-ppgee-1.docx\">Formul\u00e1rio de aproveitamento de cr\u00e9ditos<\/a>:<\/strong> para solicitar aproveitamento de disciplinas, mini-cursos ou publica\u00e7\u00e3o de artigos como cr\u00e9ditos.<\/li>\n<\/ul>\n<\/li>\n<li><a href=\"https:\/\/cursos.unipampa.edu.br\/cursos\/ppgee\/files\/2023\/08\/normativa-02-2023-credenciamento-e-descredenciamento-de-docentes-permanentes_a.pdf\"><strong>Normativa Interna PPGEE 02\/2023<\/strong><\/a>: normas de credenciamento e recredenciamento de docentes permanentes.<\/li>\n<li><a href=\"https:\/\/cursos.unipampa.edu.br\/cursos\/ppgee\/files\/2025\/11\/normativa-03-2025-estagios-docx.pdf\"><strong>Normativa Interna PPGEE 03\/2025<\/strong><\/a>: normas para realiza\u00e7\u00e3o de est\u00e1gio no \u00e2mbito do PPGEE.<\/li>\n<\/ul>\n<h4>Fluxos<\/h4>\n<ul>\n<li><a href=\"https:\/\/cursos.unipampa.edu.br\/cursos\/ppgee\/files\/2021\/12\/procedimento-estagio-docencia-ppgee.pdf\"><strong>Est\u00e1gio Doc\u00eancia<\/strong> <\/a>: fluxo para solicita\u00e7\u00e3o, realiza\u00e7\u00e3o e conclus\u00e3o de est\u00e1gio supervisionado de doc\u00eancia.<\/li>\n<li><a href=\"https:\/\/cursos.unipampa.edu.br\/cursos\/ppgee\/files\/2022\/12\/procedimento-estudos-dirigidos-ppgee.pdf\"><strong>Estudos Dirigidos<\/strong><\/a>: fluxo para realiza\u00e7\u00e3o e conclus\u00e3o da disciplina de Estudos Dirigidos.<\/li>\n<li><a href=\"https:\/\/cursos.unipampa.edu.br\/cursos\/ppgee\/files\/2022\/03\/procedimento-para-exame-de-qualificacao-ppgee.pdf\"><strong>Defesa de Exame de Qualifica\u00e7\u00e3o<\/strong><\/a>: fluxo para solicita\u00e7\u00e3o de agendamento e defesa de Exame de Qualifica\u00e7\u00e3o.<\/li>\n<li><a href=\"https:\/\/cursos.unipampa.edu.br\/cursos\/ppgee\/files\/2024\/11\/defesa-e-diplomacao-via-sei-1.pdf\"><strong>Defesa de Disserta\u00e7\u00e3o de Mestrado<\/strong><\/a>: fluxo para solicita\u00e7\u00e3o de agendamento de defesa de disserta\u00e7\u00e3o e procedimentos posteriores para diploma\u00e7\u00e3o.<\/li>\n<li><strong><a href=\"https:\/\/docs.google.com\/document\/d\/1s7xJvBMGiya2XCtdO6RhAYrccuRJac-rR-qYU3wNxYA\/edit?tab=t.0\">Realiza\u00e7\u00e3o de Est\u00e1gio n\u00e3o obrigat\u00f3rio<\/a>: <\/strong>fluxo para realiza\u00e7\u00e3o de est\u00e1gio no \u00e2mbito do PPGEE.<\/li>\n<li><a href=\"https:\/\/cursos.unipampa.edu.br\/cursos\/ppgee\/files\/2022\/06\/formulario-de-solicitacao-de-licenca.doc\"><strong>Formul\u00e1rio de solicita\u00e7\u00e3o de licen\u00e7a<\/strong><\/a>: inclui licen\u00e7as por motivo de sa\u00fade, casamento, paternidade\/maternidade ou outros motivos. Anexar documento comprobat\u00f3rio.<\/li>\n<li><a href=\"https:\/\/cursos.unipampa.edu.br\/cursos\/ppgee\/files\/2022\/06\/formulario_solicitacao_prorrogacao_mestrado_ppgee.docx\"><strong>Formul\u00e1rio de prorroga\u00e7\u00e3o de prazo do curso<\/strong><\/a>: para prorrogar o prazo de 24 meses de conclus\u00e3o do curso de mestrado.<\/li>\n<li><a href=\"https:\/\/cursos.unipampa.edu.br\/cursos\/ppgee\/files\/2022\/08\/requerimento_de_ajuste_de_matricula_atual-1.docx\"><strong>Formul\u00e1rio de solicita\u00e7\u00e3o de SOD<\/strong><\/a>: para matr\u00edculas sem oferta de disciplina.<\/li>\n<li><a href=\"https:\/\/cursos.unipampa.edu.br\/cursos\/ppgee\/files\/2023\/10\/formulario-de-solicitacao-auxilio-a-estudantes.doc\"><strong>Formul\u00e1rio de solicita\u00e7\u00e3o de aux\u00edlio a estudantes<\/strong><\/a>: para participa\u00e7\u00e3o em eventos ou miss\u00f5es de pesquisa.<\/li>\n<\/ul>\n<h4>Modelos<\/h4>\n<ul>\n<li><strong><a href=\"https:\/\/cursos.unipampa.edu.br\/cursos\/ppgee\/files\/2017\/03\/latex.zip\">Template Latex <\/a><\/strong>para documentos de qualifica\u00e7\u00e3o e disserta\u00e7\u00e3o.<\/li>\n<\/ul>\n<hr \/>\n<p>Esta p\u00e1gina est\u00e1 em constante atualiza\u00e7\u00e3o. Se voc\u00ea n\u00e3o encontrar aqui a informa\u00e7\u00e3o que precisa, entre em contato com a secretaria do programa:\u00a0 sec.pos.alegrete@unipampa.edu.br<\/p>","protected":false},"excerpt":{"rendered":"<p>Normativas Internas Normativa Interna PPGEE 01\/2022: regras de aproveitamento de cr\u00e9ditos. Formul\u00e1rio de aproveitamento de cr\u00e9ditos: para solicitar aproveitamento de disciplinas, mini-cursos ou publica\u00e7\u00e3o de artigos como cr\u00e9ditos. Normativa Interna PPGEE 02\/2023: normas de credenciamento e recredenciamento de docentes permanentes. Normativa Interna PPGEE 03\/2025: normas para realiza\u00e7\u00e3o de est\u00e1gio no \u00e2mbito do PPGEE. Fluxos Est\u00e1gio &hellip; <a href=\"https:\/\/cursos.unipampa.edu.br\/cursos\/ppgee\/?page_id=2409\" class=\"more-link\">Continue lendo <span class=\"screen-reader-text\">Normas, procedimentos e formul\u00e1rios<\/span> <span class=\"meta-nav\">&rarr;<\/span><\/a><\/p>\n","protected":false},"author":182,"featured_media":0,"parent":0,"menu_order":0,"comment_status":"closed","ping_status":"closed","template":"","meta":[],"_links":{"self":[{"href":"https:\/\/cursos.unipampa.edu.br\/cursos\/ppgee\/index.php?rest_route=\/wp\/v2\/pages\/2409"}],"collection":[{"href":"https:\/\/cursos.unipampa.edu.br\/cursos\/ppgee\/index.php?rest_route=\/wp\/v2\/pages"}],"about":[{"href":"https:\/\/cursos.unipampa.edu.br\/cursos\/ppgee\/index.php?rest_route=\/wp\/v2\/types\/page"}],"author":[{"embeddable":true,"href":"https:\/\/cursos.unipampa.edu.br\/cursos\/ppgee\/index.php?rest_route=\/wp\/v2\/users\/182"}],"replies":[{"embeddable":true,"href":"https:\/\/cursos.unipampa.edu.br\/cursos\/ppgee\/index.php?rest_route=%2Fwp%2Fv2%2Fcomments&post=2409"}],"version-history":[{"count":31,"href":"https:\/\/cursos.unipampa.edu.br\/cursos\/ppgee\/index.php?rest_route=\/wp\/v2\/pages\/2409\/revisions"}],"predecessor-version":[{"id":3266,"href":"https:\/\/cursos.unipampa.edu.br\/cursos\/ppgee\/index.php?rest_route=\/wp\/v2\/pages\/2409\/revisions\/3266"}],"wp:attachment":[{"href":"https:\/\/cursos.unipampa.edu.br\/cursos\/ppgee\/index.php?rest_route=%2Fwp%2Fv2%2Fmedia&parent=2409"}],"curies":[{"name":"wp","href":"https:\/\/api.w.org\/{rel}","templated":true}]}}