
{"id":2314,"date":"2021-05-04T17:08:16","date_gmt":"2021-05-04T20:08:16","guid":{"rendered":"http:\/\/cursos.unipampa.edu.br\/cursos\/ppgee\/?page_id=2314"},"modified":"2021-07-07T18:23:51","modified_gmt":"2021-07-07T21:23:51","slug":"processo-seletivo-2021-2","status":"publish","type":"page","link":"https:\/\/cursos.unipampa.edu.br\/cursos\/ppgee\/?page_id=2314","title":{"rendered":"Processo seletivo 2021\/2"},"content":{"rendered":"<p><a href=\"https:\/\/cursos.unipampa.edu.br\/cursos\/ppgee\/files\/2021\/05\/banner-processo-seletivo-2021-2.png\"><img decoding=\"async\" loading=\"lazy\" class=\"alignnone size-full wp-image-2320\" src=\"https:\/\/cursos.unipampa.edu.br\/cursos\/ppgee\/files\/2021\/05\/banner-processo-seletivo-2021-2.png\" alt=\"\" width=\"2050\" height=\"780\" srcset=\"https:\/\/cursos.unipampa.edu.br\/cursos\/ppgee\/files\/2021\/05\/banner-processo-seletivo-2021-2.png 2050w, https:\/\/cursos.unipampa.edu.br\/cursos\/ppgee\/files\/2021\/05\/banner-processo-seletivo-2021-2-300x114.png 300w, https:\/\/cursos.unipampa.edu.br\/cursos\/ppgee\/files\/2021\/05\/banner-processo-seletivo-2021-2-1024x390.png 1024w, https:\/\/cursos.unipampa.edu.br\/cursos\/ppgee\/files\/2021\/05\/banner-processo-seletivo-2021-2-768x292.png 768w, https:\/\/cursos.unipampa.edu.br\/cursos\/ppgee\/files\/2021\/05\/banner-processo-seletivo-2021-2-1536x584.png 1536w, https:\/\/cursos.unipampa.edu.br\/cursos\/ppgee\/files\/2021\/05\/banner-processo-seletivo-2021-2-2048x779.png 2048w\" sizes=\"(max-width: 2050px) 100vw, 2050px\" \/><\/a><\/p>\n<p><strong>Inscri\u00e7\u00f5es at\u00e9 31 de maio de 2021.<\/strong><\/p>\n<p>In\u00edcio das aulas em 16\/08\/2021.<\/p>\n<p>Edital completo: <a href=\"https:\/\/cursos.unipampa.edu.br\/cursos\/ppgee\/files\/2021\/05\/edital_no_155_2021.pdf\">clique aqui<\/a><\/p>\n<h5>Documentos<\/h5>\n<ul>\n<li><a href=\"https:\/\/cursos.unipampa.edu.br\/cursos\/ppgee\/files\/2021\/06\/ppgee-processo-seletivo-2021-2-homologacao-das-incricoes.pdf\">Lista preliminar de candidatos homologados<\/a> &#8211; (atualizada em 02\/06\/2021)<\/li>\n<li><a href=\"https:\/\/cursos.unipampa.edu.br\/cursos\/ppgee\/files\/2021\/06\/ppgee-processo-seletivo-2021-2-comissao-de-selecao.pdf\">Membros da Comiss\u00e3o de Sele\u00e7\u00e3o<\/a> &#8211; (atualizada em 02\/06\/2021)<\/li>\n<li><a href=\"https:\/\/cursos.unipampa.edu.br\/cursos\/ppgee\/files\/2021\/06\/ppgee-processo-seletivo-2021-2-homologacao-final-das-incricoes-1.pdf\">Lista final de candidatos homologados<\/a> &#8211; (atualizada em 07\/06\/2021)<\/li>\n<li><a href=\"https:\/\/cursos.unipampa.edu.br\/cursos\/ppgee\/files\/2021\/06\/processo-seletivo-2021-2-ppgee-agenda-de-defesas-de-pre-projeto.pdf\">Agenda de defesas de pr\u00e9-projeto<\/a> &#8211; (atualizada em 16\/06\/2021)<\/li>\n<li><a href=\"https:\/\/cursos.unipampa.edu.br\/cursos\/ppgee\/files\/2021\/06\/resultado-preliminar-processo-seletivo-ppgee-2021-2.pdf\">Resultado preliminar<\/a> &#8211; (atualizado em 30\/06\/2021)<\/li>\n<li><a href=\"https:\/\/cursos.unipampa.edu.br\/cursos\/ppgee\/files\/2021\/07\/resultado-final-processo-seletivo-ppgee-2021-2.pdf\">Resultado final<\/a> &#8211; (atualizado em 07\/07\/2021)<\/li>\n<\/ul>\n<p>Leia o FAQ abaixo e entenda melhor o processo seletivo.<\/p>\n<hr \/>\n<h3>Perguntas frequentes<\/h3>\n<h4>Quais os requisitos para inscri\u00e7\u00e3o?<\/h4>\n<p>Para se inscrever no processo seletivo do Mestrado em Engenharia El\u00e9trica, basta ter gradua\u00e7\u00e3o conclu\u00edda em \u00e1rea afim ao programa (Eng. El\u00e9trica, Eng. de Telecomunica\u00e7\u00f5es, Eng. da Computa\u00e7\u00e3o, Ci\u00eancia da Computa\u00e7\u00e3o, An\u00e1lise e Desenvolvimento de Sistemas, etc);<\/p>\n<p>Quem ainda n\u00e3o se formou mas tem previs\u00e3o de concluir a gradua\u00e7\u00e3o at\u00e9 o in\u00edcio das aulas do mestrado tamb\u00e9m pode se inscrever, bastando apresentar um atestado de prov\u00e1vel formando.<\/p>\n<h4>H\u00e1 algum custo?<\/h4>\n<p>N\u00e3o. O curso \u00e9 completamente gratuito.<\/p>\n<h4>Quantas vagas s\u00e3o ofertadas?<\/h4>\n<p>S\u00e3o ofertadas <strong>14 vagas<\/strong> neste processo seletivo para ingresso em <strong>16 de agosto de 2021<\/strong>.<\/p>\n<h4>O que preciso enviar para inscri\u00e7\u00e3o?<\/h4>\n<ul>\n<li>Hist\u00f3rico escolar;<\/li>\n<li>Curr\u00edculo Lattes;<\/li>\n<li>C\u00f3pia de documentos, como diploma da gradua\u00e7\u00e3o (ou declara\u00e7\u00e3o de prov\u00e1vel formando), carteira de identidade e CPF;<\/li>\n<li>Pr\u00e9-projeto de pesquisa;<\/li>\n<\/ul>\n<h4>Como ser\u00e1 realizada a sele\u00e7\u00e3o?<\/h4>\n<p>A sele\u00e7\u00e3o ser\u00e1 realizada atrav\u00e9s da an\u00e1lise do hist\u00f3rico escolar, do curr\u00edculo Lattes e do pr\u00e9-projeto de pesquisa.<\/p>\n<h4>O que \u00e9 o pr\u00e9-projeto de pesquisa?<\/h4>\n<p>O pr\u00e9-projeto de pesquisa deve ser elaborado pelo candidato e enviado na inscri\u00e7\u00e3o do processo seletivo. Ele deve ter no m\u00e1ximo 5 p\u00e1ginas e precisa seguir o\u00a0 roteiro:<\/p>\n<p>a) t\u00edtulo;<br \/>\nb) nome do candidato;<br \/>\nc) endere\u00e7o eletr\u00f4nico do curr\u00edculo lattes do candidato;<br \/>\nd) orientador pretendido;<br \/>\ne) linha de pesquisa;<br \/>\nf) resumo;<br \/>\ng) introdu\u00e7\u00e3o;<br \/>\nh) justificativa;<br \/>\ni) objetivos;<br \/>\nj) materiais e m\u00e9todos;<br \/>\nk) resultados esperados;<br \/>\nl) cronograma;<br \/>\nm) refer\u00eancias bibliogr\u00e1ficas.<\/p>\n<p>Em data a ser agendada com o candidato deve ser realizada, por videoconfer\u00eancia, a apresenta\u00e7\u00e3o do pr\u00e9-projeto de pesquisa perante a banca avaliadora. A banca ir\u00e1 avaliar os seguintes aspectos:<\/p>\n<ul>\n<li>o dom\u00ednio do conte\u00fado t\u00e9cnico contido no pr\u00e9-projeto;<\/li>\n<li>a consist\u00eancia entre tema, problema e objetivos com a metodologia e o cronograma;<\/li>\n<li>a coer\u00eancia do pr\u00e9-projeto com a linha de pesquisa e sub\u00e1reas de interesse.<\/li>\n<\/ul>\n<h4>Como funcionam as cotas?<\/h4>\n<p>Das 14 vagas ofertadas, duas s\u00e3o reservadas para cotistas: uma para t\u00e9cnicos-administrativos da UNIPAMPA e outra para negros, pessoas com defici\u00eancia ou ind\u00edgenas. Verifique no edital do processo seletivo os documentos adicionais que devem ser enviados caso opte por concorrer nas vagas reservadas aos cotistas.<\/p>\n<h4>Estrangeiros podem se inscrever?<\/h4>\n<p>Sim. Neste caso, o candidato deve enviar c\u00f3pia do passaporte ou da Carteira de Registro Nacional Migrat\u00f3rio entre os documentos da inscri\u00e7\u00e3o.<\/p>\n<h4>O que mais preciso saber?<\/h4>\n<p>Voc\u00ea precisa ler atentamente o <a href=\"https:\/\/guri.unipampa.edu.br\/\/psa\/opcoes_edicoes\/downloadAnexo\/11094\/Edital_no_155_2021.pdf\">edital completo<\/a> do processo seletivo, o qual cont\u00e9m detalhes de todas as etapas do processo, as datas importantes e a documenta\u00e7\u00e3o completa a ser enviada.<\/p>\n<p>No site do PPGEE h\u00e1 informa\u00e7\u00f5es sobre o curso, como <a href=\"https:\/\/cursos.unipampa.edu.br\/cursos\/ppgee\/?page_id=1976\">informa\u00e7\u00f5es gerais<\/a>,\u00a0<a href=\"https:\/\/cursos.unipampa.edu.br\/cursos\/ppgee\/?page_id=1951\"> linhas de pesquisa<\/a>, <a href=\"https:\/\/cursos.unipampa.edu.br\/cursos\/ppgee\/?page_id=1919\">professores orientadores<\/a> e <a href=\"https:\/\/cursos.unipampa.edu.br\/cursos\/ppgee\/?page_id=2013\">ementas das disciplinas<\/a>.<\/p>\n<h4>Ainda tenho d\u00favidas. Como tir\u00e1-las?<\/h4>\n<p>Entre em contato com a coordena\u00e7\u00e3o do curso atrav\u00e9s do e-mail ppgee@unipampa.edu.br.<\/p>","protected":false},"excerpt":{"rendered":"<p>Inscri\u00e7\u00f5es at\u00e9 31 de maio de 2021. In\u00edcio das aulas em 16\/08\/2021. Edital completo: clique aqui Documentos Lista preliminar de candidatos homologados &#8211; (atualizada em 02\/06\/2021) Membros da Comiss\u00e3o de Sele\u00e7\u00e3o &#8211; (atualizada em 02\/06\/2021) Lista final de candidatos homologados &#8211; (atualizada em 07\/06\/2021) Agenda de defesas de pr\u00e9-projeto &#8211; (atualizada em 16\/06\/2021) Resultado preliminar &hellip; <a href=\"https:\/\/cursos.unipampa.edu.br\/cursos\/ppgee\/?page_id=2314\" class=\"more-link\">Continue lendo <span class=\"screen-reader-text\">Processo seletivo 2021\/2<\/span> <span class=\"meta-nav\">&rarr;<\/span><\/a><\/p>\n","protected":false},"author":182,"featured_media":0,"parent":13,"menu_order":0,"comment_status":"closed","ping_status":"closed","template":"","meta":[],"_links":{"self":[{"href":"https:\/\/cursos.unipampa.edu.br\/cursos\/ppgee\/index.php?rest_route=\/wp\/v2\/pages\/2314"}],"collection":[{"href":"https:\/\/cursos.unipampa.edu.br\/cursos\/ppgee\/index.php?rest_route=\/wp\/v2\/pages"}],"about":[{"href":"https:\/\/cursos.unipampa.edu.br\/cursos\/ppgee\/index.php?rest_route=\/wp\/v2\/types\/page"}],"author":[{"embeddable":true,"href":"https:\/\/cursos.unipampa.edu.br\/cursos\/ppgee\/index.php?rest_route=\/wp\/v2\/users\/182"}],"replies":[{"embeddable":true,"href":"https:\/\/cursos.unipampa.edu.br\/cursos\/ppgee\/index.php?rest_route=%2Fwp%2Fv2%2Fcomments&post=2314"}],"version-history":[{"count":12,"href":"https:\/\/cursos.unipampa.edu.br\/cursos\/ppgee\/index.php?rest_route=\/wp\/v2\/pages\/2314\/revisions"}],"predecessor-version":[{"id":2362,"href":"https:\/\/cursos.unipampa.edu.br\/cursos\/ppgee\/index.php?rest_route=\/wp\/v2\/pages\/2314\/revisions\/2362"}],"up":[{"embeddable":true,"href":"https:\/\/cursos.unipampa.edu.br\/cursos\/ppgee\/index.php?rest_route=\/wp\/v2\/pages\/13"}],"wp:attachment":[{"href":"https:\/\/cursos.unipampa.edu.br\/cursos\/ppgee\/index.php?rest_route=%2Fwp%2Fv2%2Fmedia&parent=2314"}],"curies":[{"name":"wp","href":"https:\/\/api.w.org\/{rel}","templated":true}]}}