
{"id":2291,"date":"2021-03-08T23:16:57","date_gmt":"2021-03-09T02:16:57","guid":{"rendered":"http:\/\/cursos.unipampa.edu.br\/cursos\/ppgee\/?page_id=2291"},"modified":"2021-03-08T23:16:57","modified_gmt":"2021-03-09T02:16:57","slug":"metodos-numericos-em-eletromagnetismo","status":"publish","type":"page","link":"https:\/\/cursos.unipampa.edu.br\/cursos\/ppgee\/?page_id=2291","title":{"rendered":"M\u00e9todos Num\u00e9ricos em Eletromagnetismo"},"content":{"rendered":"<p><\/p>\n<h4>C\u00f3digo: ALxxxx<\/h4>\n<h4>Obrigat\u00f3ria: n\u00e3o<\/h4>\n<h4>Carga-hor\u00e1ria: 60h<\/h4>\n<h4>Cr\u00e9ditos: 4<\/h4>\n<h4><strong>Ementa:<\/strong><\/h4>\n<div class=\"page\" title=\"Page 41\">\n<div class=\"section\">\n<div class=\"layoutArea\">\n<div class=\"column\">\n<p>M\u00e9todo das diferen\u00e7as finitas. M\u00e9todos dos elementos finitos: formula\u00e7\u00f5es variacional e de res\u00edduos ponderados. M\u00e9todo dos momentos. Aplica\u00e7\u00f5es na an\u00e1lise de linhas de transmiss\u00e3o, guias de onda de se\u00e7\u00f5es retas arbitr\u00e1rias e na irradia\u00e7\u00e3o de antenas filamentares e impressas.<\/p>\n<\/div>\n<\/div>\n<\/div>\n<\/div>\n<h4>Bibliografia:<\/h4>\n<ul>\n<li>ITOH, T. Numerical techniques for microwave and millimeter wave passive structures. Wiley-Interscience, New York, USA, 1st ed., 1989.<\/li>\n<li>SADIKU, Matthew N. O.\u00a0 Numerical Techniques in Electromagnetics with MATLAB. CRC Press; 3rd ed., 2009.<\/li>\n<li>BALANIS, Constantine A. Antenna Theory: Analysis and Design. Hoboken, NJ: John Wiley &amp; Sons, 3rd ed., 2005.<\/li>\n<li>SEVGI, Levent. Complex electromagnetic problems and numerical simulation approaches.\u00a0 Danvers, MA: John Wiley &amp; Sons, 2003.<\/li>\n<li>PETERSON, Andrew F.; MITTRA, Raj; RAY, Scott L. Computational methods for electromagnetics. New York, NY: IEEE Press, 1998.<\/li>\n<li>STUTZMAN, Warren L. Antenna theory and design. Hoboken, NJ: John Wiley &amp; Sons, 3rd ed., 2013.<\/li>\n<li>JOSEFSSON, Lars; PERSSON, Patrik. Conformal array antenna theory and design. Hoboken, NJ: John Wiley &amp; Sons, 2006.<\/li>\n<li>CHAPRA,\u00a0 Steven. Applied Numerical Methods with MATLAB: For Engineers and Scientists. McGraw-Hill Science, 3rd ed., 2011.<\/li>\n<\/ul>\n<p><\/p>","protected":false},"excerpt":{"rendered":"<p>C\u00f3digo: ALxxxx Obrigat\u00f3ria: n\u00e3o Carga-hor\u00e1ria: 60h Cr\u00e9ditos: 4 Ementa: M\u00e9todo das diferen\u00e7as finitas. M\u00e9todos dos elementos finitos: formula\u00e7\u00f5es variacional e de res\u00edduos ponderados. M\u00e9todo dos momentos. Aplica\u00e7\u00f5es na an\u00e1lise de linhas de transmiss\u00e3o, guias de onda de se\u00e7\u00f5es retas arbitr\u00e1rias e na irradia\u00e7\u00e3o de antenas filamentares e impressas. Bibliografia: ITOH, T. Numerical techniques for microwave &hellip; <a href=\"https:\/\/cursos.unipampa.edu.br\/cursos\/ppgee\/?page_id=2291\" class=\"more-link\">Continue lendo <span class=\"screen-reader-text\">M\u00e9todos Num\u00e9ricos em Eletromagnetismo<\/span> <span class=\"meta-nav\">&rarr;<\/span><\/a><\/p>\n","protected":false},"author":182,"featured_media":0,"parent":2013,"menu_order":0,"comment_status":"closed","ping_status":"closed","template":"","meta":[],"_links":{"self":[{"href":"https:\/\/cursos.unipampa.edu.br\/cursos\/ppgee\/index.php?rest_route=\/wp\/v2\/pages\/2291"}],"collection":[{"href":"https:\/\/cursos.unipampa.edu.br\/cursos\/ppgee\/index.php?rest_route=\/wp\/v2\/pages"}],"about":[{"href":"https:\/\/cursos.unipampa.edu.br\/cursos\/ppgee\/index.php?rest_route=\/wp\/v2\/types\/page"}],"author":[{"embeddable":true,"href":"https:\/\/cursos.unipampa.edu.br\/cursos\/ppgee\/index.php?rest_route=\/wp\/v2\/users\/182"}],"replies":[{"embeddable":true,"href":"https:\/\/cursos.unipampa.edu.br\/cursos\/ppgee\/index.php?rest_route=%2Fwp%2Fv2%2Fcomments&post=2291"}],"version-history":[{"count":1,"href":"https:\/\/cursos.unipampa.edu.br\/cursos\/ppgee\/index.php?rest_route=\/wp\/v2\/pages\/2291\/revisions"}],"predecessor-version":[{"id":2292,"href":"https:\/\/cursos.unipampa.edu.br\/cursos\/ppgee\/index.php?rest_route=\/wp\/v2\/pages\/2291\/revisions\/2292"}],"up":[{"embeddable":true,"href":"https:\/\/cursos.unipampa.edu.br\/cursos\/ppgee\/index.php?rest_route=\/wp\/v2\/pages\/2013"}],"wp:attachment":[{"href":"https:\/\/cursos.unipampa.edu.br\/cursos\/ppgee\/index.php?rest_route=%2Fwp%2Fv2%2Fmedia&parent=2291"}],"curies":[{"name":"wp","href":"https:\/\/api.w.org\/{rel}","templated":true}]}}