
{"id":2289,"date":"2021-03-08T23:14:19","date_gmt":"2021-03-09T02:14:19","guid":{"rendered":"http:\/\/cursos.unipampa.edu.br\/cursos\/ppgee\/?page_id=2289"},"modified":"2023-01-31T16:26:59","modified_gmt":"2023-01-31T19:26:59","slug":"conversores-analogico-digitais-e-digital-analogicos-em-cmos","status":"publish","type":"page","link":"https:\/\/cursos.unipampa.edu.br\/cursos\/ppgee\/?page_id=2289","title":{"rendered":"Conversores Anal\u00f3gico-Digitais e Digital-Anal\u00f3gicos em CMOS"},"content":{"rendered":"<p><\/p>\n<h4>C\u00f3digo: AL5118<\/h4>\n<h4>Obrigat\u00f3ria: n\u00e3o<\/h4>\n<h4>Carga-hor\u00e1ria: 60h<\/h4>\n<h4>Cr\u00e9ditos: 4<\/h4>\n<h4><strong>Ementa:<\/strong><\/h4>\n<div class=\"page\" title=\"Page 41\">\n<div class=\"section\">\n<div class=\"layoutArea\">\n<div class=\"column\">\n<p>Fundamentos de convers\u00e3o anal\u00f3gico-digital (AD) e digital-anal\u00f3gico (DA): Teoria da amostragem, crit\u00e9rio de Nyquist e aliasing, conversores AD e DA ideais. Ru\u00eddo de quantiza\u00e7\u00e3o. Par\u00e2metros e limita\u00e7\u00f5es de ADCs: ENOB, SNR, SNDR, SFDR, DR, linearidade, erro de ganho e erro de offset. Topologias de conversores AD do tipo Nyquist: Integrador, Integrador Dupla-Rampa, Flash, SAR, Algor\u00edtmico, Pipeline e Time-Interleaved. Topologias de conversores AD sobreamostrados: Efeito de sobreamostragem e noise-shaping, moduladores sigma-delta em tempo discreto e tempo cont\u00ednuo, e filtros de decima\u00e7\u00e3o. Conversores DA: DACs baseados em resistores (divisor resistivo, resistores com pesos bin\u00e1rios e R2R), DACs current steering e DACs a capacitor chaveado por redistribui\u00e7\u00e3o de carga. Projeto de conversores AD e DA em tecnologia CMOS.<\/p>\n<\/div>\n<\/div>\n<\/div>\n<\/div>\n<h4>Bibliografia:<\/h4>\n<ul>\n<li>CARUSONE, T. C., JOHNS, D., MARTIN, K. W., &amp; JOHNS, D. (2012). Analog integrated circuit design. Hoboken, NJ, John Wiley &amp; Sons.<\/li>\n<li>PELGROM, M., Analog-to-Digital Conversion, 3. ed., Springer, 2012.<\/li>\n<li>MALOBERTI, F., Data Converters, Springer, 2007.<\/li>\n<li>BAKER, R. J. CMOS: circuit design, layout, and simulation, 3rd ed., Hoboken, NJ: John Wiley &amp; Sons, 2010.<\/li>\n<li>BAKER, R. J., CMOS: mixed-signal circuit design. 2nd ed. Hoboken, NJ: John Wiley &amp; Sons, 2009.<\/li>\n<li>RAZAVI, B., Design of analog cmos integrated circuits. New York, NY: McGraw-Hill, 2001.<\/li>\n<li>RAZAVI, B., Principles of data conversion system design. New York, NY: John Wiley &amp; Sons, 1995.<\/li>\n<li>JESPERS, P., Integrated Converters: D to A and A to D Architectures, Analysis and Simulation, OUP Oxford, 2001.<\/li>\n<li>Artigos cient\u00edficos publicados nas revistas IEEE Journal of Solid-State Circuits, IEEE Transactions on Circuits and Systems I, IEEE Transactions on Circuits and Systems II, IET Electronics Letters, IET Circuits, Devices and Systems, Springer Analog Integrated Circuits and Signal Processing e IEEE Proceedings.<\/li>\n<\/ul>\n<p><\/p>","protected":false},"excerpt":{"rendered":"<p>C\u00f3digo: AL5118 Obrigat\u00f3ria: n\u00e3o Carga-hor\u00e1ria: 60h Cr\u00e9ditos: 4 Ementa: Fundamentos de convers\u00e3o anal\u00f3gico-digital (AD) e digital-anal\u00f3gico (DA): Teoria da amostragem, crit\u00e9rio de Nyquist e aliasing, conversores AD e DA ideais. Ru\u00eddo de quantiza\u00e7\u00e3o. Par\u00e2metros e limita\u00e7\u00f5es de ADCs: ENOB, SNR, SNDR, SFDR, DR, linearidade, erro de ganho e erro de offset. Topologias de conversores AD &hellip; <a href=\"https:\/\/cursos.unipampa.edu.br\/cursos\/ppgee\/?page_id=2289\" class=\"more-link\">Continue lendo <span class=\"screen-reader-text\">Conversores Anal\u00f3gico-Digitais e Digital-Anal\u00f3gicos em CMOS<\/span> <span class=\"meta-nav\">&rarr;<\/span><\/a><\/p>\n","protected":false},"author":182,"featured_media":0,"parent":2013,"menu_order":0,"comment_status":"closed","ping_status":"closed","template":"","meta":[],"_links":{"self":[{"href":"https:\/\/cursos.unipampa.edu.br\/cursos\/ppgee\/index.php?rest_route=\/wp\/v2\/pages\/2289"}],"collection":[{"href":"https:\/\/cursos.unipampa.edu.br\/cursos\/ppgee\/index.php?rest_route=\/wp\/v2\/pages"}],"about":[{"href":"https:\/\/cursos.unipampa.edu.br\/cursos\/ppgee\/index.php?rest_route=\/wp\/v2\/types\/page"}],"author":[{"embeddable":true,"href":"https:\/\/cursos.unipampa.edu.br\/cursos\/ppgee\/index.php?rest_route=\/wp\/v2\/users\/182"}],"replies":[{"embeddable":true,"href":"https:\/\/cursos.unipampa.edu.br\/cursos\/ppgee\/index.php?rest_route=%2Fwp%2Fv2%2Fcomments&post=2289"}],"version-history":[{"count":3,"href":"https:\/\/cursos.unipampa.edu.br\/cursos\/ppgee\/index.php?rest_route=\/wp\/v2\/pages\/2289\/revisions"}],"predecessor-version":[{"id":2678,"href":"https:\/\/cursos.unipampa.edu.br\/cursos\/ppgee\/index.php?rest_route=\/wp\/v2\/pages\/2289\/revisions\/2678"}],"up":[{"embeddable":true,"href":"https:\/\/cursos.unipampa.edu.br\/cursos\/ppgee\/index.php?rest_route=\/wp\/v2\/pages\/2013"}],"wp:attachment":[{"href":"https:\/\/cursos.unipampa.edu.br\/cursos\/ppgee\/index.php?rest_route=%2Fwp%2Fv2%2Fmedia&parent=2289"}],"curies":[{"name":"wp","href":"https:\/\/api.w.org\/{rel}","templated":true}]}}