
{"id":2172,"date":"2020-09-18T09:08:54","date_gmt":"2020-09-18T12:08:54","guid":{"rendered":"http:\/\/cursos.unipampa.edu.br\/cursos\/ppgee\/?page_id=2172"},"modified":"2020-09-18T09:08:54","modified_gmt":"2020-09-18T12:08:54","slug":"chamada-01-2020-docentes-permanentes","status":"publish","type":"page","link":"https:\/\/cursos.unipampa.edu.br\/cursos\/ppgee\/?page_id=2172","title":{"rendered":"Chamada 01\/2020 &#8211; Docentes permanentes"},"content":{"rendered":"<p><\/p>\n<h5>Chamada extraordin\u00e1ria para credenciamento de novos docentes permanentes.<\/h5>\n<p>Prazo de inscri\u00e7\u00f5es: at\u00e9 01 de novembro de 2020.<\/p>\n<p><a href=\"https:\/\/cursos.unipampa.edu.br\/cursos\/ppgee\/files\/2020\/09\/chamada-01-2020-ppgee-docentes-permanentes.pdf\">Clique aqui<\/a> para fazer o download da Chamada.<\/p>","protected":false},"excerpt":{"rendered":"<p>Chamada extraordin\u00e1ria para credenciamento de novos docentes permanentes. Prazo de inscri\u00e7\u00f5es: at\u00e9 01 de novembro de 2020. Clique aqui para fazer o download da Chamada.<\/p>\n","protected":false},"author":182,"featured_media":0,"parent":2170,"menu_order":0,"comment_status":"closed","ping_status":"closed","template":"","meta":[],"_links":{"self":[{"href":"https:\/\/cursos.unipampa.edu.br\/cursos\/ppgee\/index.php?rest_route=\/wp\/v2\/pages\/2172"}],"collection":[{"href":"https:\/\/cursos.unipampa.edu.br\/cursos\/ppgee\/index.php?rest_route=\/wp\/v2\/pages"}],"about":[{"href":"https:\/\/cursos.unipampa.edu.br\/cursos\/ppgee\/index.php?rest_route=\/wp\/v2\/types\/page"}],"author":[{"embeddable":true,"href":"https:\/\/cursos.unipampa.edu.br\/cursos\/ppgee\/index.php?rest_route=\/wp\/v2\/users\/182"}],"replies":[{"embeddable":true,"href":"https:\/\/cursos.unipampa.edu.br\/cursos\/ppgee\/index.php?rest_route=%2Fwp%2Fv2%2Fcomments&post=2172"}],"version-history":[{"count":1,"href":"https:\/\/cursos.unipampa.edu.br\/cursos\/ppgee\/index.php?rest_route=\/wp\/v2\/pages\/2172\/revisions"}],"predecessor-version":[{"id":2174,"href":"https:\/\/cursos.unipampa.edu.br\/cursos\/ppgee\/index.php?rest_route=\/wp\/v2\/pages\/2172\/revisions\/2174"}],"up":[{"embeddable":true,"href":"https:\/\/cursos.unipampa.edu.br\/cursos\/ppgee\/index.php?rest_route=\/wp\/v2\/pages\/2170"}],"wp:attachment":[{"href":"https:\/\/cursos.unipampa.edu.br\/cursos\/ppgee\/index.php?rest_route=%2Fwp%2Fv2%2Fmedia&parent=2172"}],"curies":[{"name":"wp","href":"https:\/\/api.w.org\/{rel}","templated":true}]}}