
{"id":2056,"date":"2020-08-02T00:13:09","date_gmt":"2020-08-02T03:13:09","guid":{"rendered":"http:\/\/cursos.unipampa.edu.br\/cursos\/ppgee\/?page_id=2056"},"modified":"2023-01-31T16:48:20","modified_gmt":"2023-01-31T19:48:20","slug":"elementos-de-protecao-numerica-em-sistemas-eletricos-de-potencia","status":"publish","type":"page","link":"https:\/\/cursos.unipampa.edu.br\/cursos\/ppgee\/?page_id=2056","title":{"rendered":"Elementos de Prote\u00e7\u00e3o Num\u00e9rica em Sistemas El\u00e9tricos de Pot\u00eancia"},"content":{"rendered":"<p><\/p>\n<h4>C\u00f3digo: AL5109<\/h4>\n<h4>Obrigat\u00f3ria: n\u00e3o<\/h4>\n<h4>Carga-hor\u00e1ria: 60h<\/h4>\n<h4>Cr\u00e9ditos: 4<\/h4>\n<h4><strong>Ementa:<\/strong><\/h4>\n<div class=\"page\" title=\"Page 42\">\n<div class=\"section\">\n<div class=\"layoutArea\">\n<div class=\"column\">\n<div class=\"page\" title=\"Page 42\">\n<div class=\"section\">\n<div class=\"layoutArea\">\n<div class=\"column\">\n<div class=\"page\" title=\"Page 43\">\n<div class=\"section\">\n<div class=\"layoutArea\">\n<div class=\"column\">\n<p>Transformadores de corrente e potencial. Sistemas de Aterramento. Disjuntores. Aquisi\u00e7\u00e3o de dados e pr\u00e9-processamento dos sinais de corrente e tens\u00e3o. Rel\u00e9s num\u00e9ricos. Prote\u00e7\u00e3o via rel\u00e9s num\u00e9ricos contra sobrecorrentes. Prote\u00e7\u00e3o de dist\u00e2ncia via rel\u00e9s num\u00e9ricos. Prote\u00e7\u00e3o diferencial via rel\u00e9s num\u00e9ricos. T\u00f3picos espec\u00edficos da prote\u00e7\u00e3o de geradores via rel\u00e9s num\u00e9ricos.<\/p>\n<\/div>\n<\/div>\n<\/div>\n<\/div>\n<\/div>\n<\/div>\n<\/div>\n<\/div>\n<\/div>\n<\/div>\n<\/div>\n<\/div>\n<h4>Bibliografia:<\/h4>\n<ul>\n<li>ANDERSON, P. Power System Protection.[s.l.]: Editora: John Wiley Professional, 1999.<\/li>\n<li>SLEVA, A. F. Protective Relay Principles. [s.l.]: Editora: CRC Press, 2009.<\/li>\n<li>GUREVICH, V. Digital Protective Relays: Problems and Solutions. [s.l.]: Editora: CRC Press, 2011.<\/li>\n<li>BLACKBURN, J. L.; DOMIN, T. J. Protective Relaying: Principles and Applications. [s.l.]: Editora: CRC Press, 2006.<\/li>\n<li>HOROWITZ, S. H.; PHADKE, A. G. Power System Relaying. [s.l.]: John Wiley and Sons, 2014.<\/li>\n<li>GLOVER, J. D.; SARMA, M. S.; OVERBYE, T. J. Power System: Analysis &amp; Design. SI EDITION, 5\u00aa Ed., Editora: Cengage Learning, 2012.<\/li>\n<\/ul>\n<p><\/p>","protected":false},"excerpt":{"rendered":"<p>C\u00f3digo: AL5109 Obrigat\u00f3ria: n\u00e3o Carga-hor\u00e1ria: 60h Cr\u00e9ditos: 4 Ementa: Transformadores de corrente e potencial. Sistemas de Aterramento. Disjuntores. Aquisi\u00e7\u00e3o de dados e pr\u00e9-processamento dos sinais de corrente e tens\u00e3o. Rel\u00e9s num\u00e9ricos. Prote\u00e7\u00e3o via rel\u00e9s num\u00e9ricos contra sobrecorrentes. Prote\u00e7\u00e3o de dist\u00e2ncia via rel\u00e9s num\u00e9ricos. Prote\u00e7\u00e3o diferencial via rel\u00e9s num\u00e9ricos. T\u00f3picos espec\u00edficos da prote\u00e7\u00e3o de geradores via &hellip; <a href=\"https:\/\/cursos.unipampa.edu.br\/cursos\/ppgee\/?page_id=2056\" class=\"more-link\">Continue lendo <span class=\"screen-reader-text\">Elementos de Prote\u00e7\u00e3o Num\u00e9rica em Sistemas El\u00e9tricos de Pot\u00eancia<\/span> <span class=\"meta-nav\">&rarr;<\/span><\/a><\/p>\n","protected":false},"author":182,"featured_media":0,"parent":2013,"menu_order":0,"comment_status":"closed","ping_status":"closed","template":"","meta":[],"_links":{"self":[{"href":"https:\/\/cursos.unipampa.edu.br\/cursos\/ppgee\/index.php?rest_route=\/wp\/v2\/pages\/2056"}],"collection":[{"href":"https:\/\/cursos.unipampa.edu.br\/cursos\/ppgee\/index.php?rest_route=\/wp\/v2\/pages"}],"about":[{"href":"https:\/\/cursos.unipampa.edu.br\/cursos\/ppgee\/index.php?rest_route=\/wp\/v2\/types\/page"}],"author":[{"embeddable":true,"href":"https:\/\/cursos.unipampa.edu.br\/cursos\/ppgee\/index.php?rest_route=\/wp\/v2\/users\/182"}],"replies":[{"embeddable":true,"href":"https:\/\/cursos.unipampa.edu.br\/cursos\/ppgee\/index.php?rest_route=%2Fwp%2Fv2%2Fcomments&post=2056"}],"version-history":[{"count":3,"href":"https:\/\/cursos.unipampa.edu.br\/cursos\/ppgee\/index.php?rest_route=\/wp\/v2\/pages\/2056\/revisions"}],"predecessor-version":[{"id":2694,"href":"https:\/\/cursos.unipampa.edu.br\/cursos\/ppgee\/index.php?rest_route=\/wp\/v2\/pages\/2056\/revisions\/2694"}],"up":[{"embeddable":true,"href":"https:\/\/cursos.unipampa.edu.br\/cursos\/ppgee\/index.php?rest_route=\/wp\/v2\/pages\/2013"}],"wp:attachment":[{"href":"https:\/\/cursos.unipampa.edu.br\/cursos\/ppgee\/index.php?rest_route=%2Fwp%2Fv2%2Fmedia&parent=2056"}],"curies":[{"name":"wp","href":"https:\/\/api.w.org\/{rel}","templated":true}]}}