
{"id":2039,"date":"2020-08-01T23:55:47","date_gmt":"2020-08-02T02:55:47","guid":{"rendered":"http:\/\/cursos.unipampa.edu.br\/cursos\/ppgee\/?page_id=2039"},"modified":"2023-01-31T16:47:55","modified_gmt":"2023-01-31T19:47:55","slug":"redes-eletricas-ativas-de-distribuicao","status":"publish","type":"page","link":"https:\/\/cursos.unipampa.edu.br\/cursos\/ppgee\/?page_id=2039","title":{"rendered":"Redes El\u00e9tricas Ativas de Distribui\u00e7\u00e3o"},"content":{"rendered":"<p><\/p>\n<h4>C\u00f3digo: AL5098<\/h4>\n<h4>Obrigat\u00f3ria: n\u00e3o<\/h4>\n<h4>Carga-hor\u00e1ria: 60h<\/h4>\n<h4>Cr\u00e9ditos: 4<\/h4>\n<h4><strong>Ementa:<\/strong><\/h4>\n<div class=\"page\" title=\"Page 42\">\n<div class=\"section\">\n<div class=\"layoutArea\">\n<div class=\"column\">\n<p>Panorama energ\u00e9tico do consumo de energia. Fontes de gera\u00e7\u00e3o distribu\u00edda (fotovoltaica, e\u00f3lica, h\u00eddrica, entre outras). Defini\u00e7\u00e3o das redes ativas e estudo do fluxo de pot\u00eancia nas redes ativas de distribui\u00e7\u00e3o. Equipamentos de eletr\u00f4nica de pot\u00eancia para redes ativas de distribui\u00e7\u00e3o (SSTs, D-STATCOMs, filtros ativos, sistemas PV, sistemas e\u00f3licos, armazenamento, entre outros). Conex\u00f5es de inversores com a rede el\u00e9trica de distribui\u00e7\u00e3o (normas e caracter\u00edsticas t\u00e9cnicas). Controle de sistemas conectados \u00e0 rede de distribui\u00e7\u00e3o ativas.<\/p>\n<\/div>\n<\/div>\n<\/div>\n<\/div>\n<h4>Bibliografia:<\/h4>\n<ul>\n<li>R. Zilles, Sistemas Fotovoltaicos Conectados a\u0300 Rede Ele\u0301trica, Sa\u0303o Paulo, SP, 2012.<\/li>\n<li>F. Gianfranco, Eletro\u0302nica Industrial: Circuitos e Aplicac\u0327o\u0303es, Hemus, Sa\u0303o Paulo, SP, 2002.<\/li>\n<li>N. Mohan, T.M. Undeland, W.P. Robbins, Power Electronics: Converters, Applications and Design, 3a ed., John Wiley &amp; Sons, 2003.<\/li>\n<li>R. W. Erickson, Fundamentals of Power Electronics, Norwell, USA, 2001.<\/li>\n<\/ul>\n<p><\/p>","protected":false},"excerpt":{"rendered":"<p>C\u00f3digo: AL5098 Obrigat\u00f3ria: n\u00e3o Carga-hor\u00e1ria: 60h Cr\u00e9ditos: 4 Ementa: Panorama energ\u00e9tico do consumo de energia. Fontes de gera\u00e7\u00e3o distribu\u00edda (fotovoltaica, e\u00f3lica, h\u00eddrica, entre outras). Defini\u00e7\u00e3o das redes ativas e estudo do fluxo de pot\u00eancia nas redes ativas de distribui\u00e7\u00e3o. Equipamentos de eletr\u00f4nica de pot\u00eancia para redes ativas de distribui\u00e7\u00e3o (SSTs, D-STATCOMs, filtros ativos, sistemas PV, &hellip; <a href=\"https:\/\/cursos.unipampa.edu.br\/cursos\/ppgee\/?page_id=2039\" class=\"more-link\">Continue lendo <span class=\"screen-reader-text\">Redes El\u00e9tricas Ativas de Distribui\u00e7\u00e3o<\/span> <span class=\"meta-nav\">&rarr;<\/span><\/a><\/p>\n","protected":false},"author":182,"featured_media":0,"parent":2013,"menu_order":0,"comment_status":"closed","ping_status":"closed","template":"","meta":[],"_links":{"self":[{"href":"https:\/\/cursos.unipampa.edu.br\/cursos\/ppgee\/index.php?rest_route=\/wp\/v2\/pages\/2039"}],"collection":[{"href":"https:\/\/cursos.unipampa.edu.br\/cursos\/ppgee\/index.php?rest_route=\/wp\/v2\/pages"}],"about":[{"href":"https:\/\/cursos.unipampa.edu.br\/cursos\/ppgee\/index.php?rest_route=\/wp\/v2\/types\/page"}],"author":[{"embeddable":true,"href":"https:\/\/cursos.unipampa.edu.br\/cursos\/ppgee\/index.php?rest_route=\/wp\/v2\/users\/182"}],"replies":[{"embeddable":true,"href":"https:\/\/cursos.unipampa.edu.br\/cursos\/ppgee\/index.php?rest_route=%2Fwp%2Fv2%2Fcomments&post=2039"}],"version-history":[{"count":2,"href":"https:\/\/cursos.unipampa.edu.br\/cursos\/ppgee\/index.php?rest_route=\/wp\/v2\/pages\/2039\/revisions"}],"predecessor-version":[{"id":2693,"href":"https:\/\/cursos.unipampa.edu.br\/cursos\/ppgee\/index.php?rest_route=\/wp\/v2\/pages\/2039\/revisions\/2693"}],"up":[{"embeddable":true,"href":"https:\/\/cursos.unipampa.edu.br\/cursos\/ppgee\/index.php?rest_route=\/wp\/v2\/pages\/2013"}],"wp:attachment":[{"href":"https:\/\/cursos.unipampa.edu.br\/cursos\/ppgee\/index.php?rest_route=%2Fwp%2Fv2%2Fmedia&parent=2039"}],"curies":[{"name":"wp","href":"https:\/\/api.w.org\/{rel}","templated":true}]}}