
{"id":1951,"date":"2020-08-01T15:00:12","date_gmt":"2020-08-01T18:00:12","guid":{"rendered":"http:\/\/cursos.unipampa.edu.br\/cursos\/ppgee\/?page_id=1951"},"modified":"2026-03-05T15:08:15","modified_gmt":"2026-03-05T18:08:15","slug":"linhas-de-pesquisa-2","status":"publish","type":"page","link":"https:\/\/cursos.unipampa.edu.br\/cursos\/ppgee\/?page_id=1951","title":{"rendered":"Linhas de Pesquisa"},"content":{"rendered":"<p>O PPGEE possui quatro linhas de pesquisa:<\/p>\n<ul>\n<li>Circuitos de Comunica\u00e7\u00e3o<\/li>\n<li>Otimiza\u00e7\u00e3o de Sistemas<\/li>\n<li>Eletr\u00f4nica de Pot\u00eancia e Controle<\/li>\n<li>Sistemas El\u00e9tricos de Pot\u00eancia<\/li>\n<\/ul>\n<hr \/>\n<h3><a href=\"https:\/\/cursos.unipampa.edu.br\/cursos\/ppgee\/files\/2020\/08\/circuitos-de-comunicacao.png\"><img decoding=\"async\" loading=\"lazy\" class=\"wp-image-2008 aligncenter\" src=\"https:\/\/cursos.unipampa.edu.br\/cursos\/ppgee\/files\/2020\/08\/circuitos-de-comunicacao-300x60.png\" alt=\"Circuitos de Comunica\u00e7\u00e3o\" width=\"500\" height=\"100\" srcset=\"https:\/\/cursos.unipampa.edu.br\/cursos\/ppgee\/files\/2020\/08\/circuitos-de-comunicacao-300x60.png 300w, https:\/\/cursos.unipampa.edu.br\/cursos\/ppgee\/files\/2020\/08\/circuitos-de-comunicacao.png 500w\" sizes=\"(max-width: 500px) 100vw, 500px\" \/><\/a><\/h3>\n<div class=\"page\" title=\"Page 30\">\n<div class=\"section\">\n<div class=\"layoutArea\">\n<div class=\"column\">\n<div class=\"page\" title=\"Page 30\">\n<div class=\"section\">\n<div class=\"layoutArea\">\n<div class=\"column\">\n<p>Esta linha de pesquisa abrange o desenvolvimento de circuitos el\u00e9tricos e eletr\u00f4nicos aplicados aos diversos sistemas de comunica\u00e7\u00e3o, como enlaces de comunica\u00e7\u00e3o via sat\u00e9lite, telefonia m\u00f3vel celular, criptografia, redes de comunica\u00e7\u00e3o de dados (Internet), antenas, circuitos eletr\u00f4nicos para transmiss\u00e3o e recep\u00e7\u00e3o de sinais, entre outros. A realiza\u00e7\u00e3o de pesquisa na \u00e1rea \u00e9 crucial para o avan\u00e7o de sistemas de comunica\u00e7\u00e3o emergentes como, por exemplo, redes m\u00f3veis 5G e tecnologias como Internet das Coisas. Neste sentido, s\u00e3o desenvolvidas pesquisas anal\u00edticas e experimentais relacionadas ao projeto e avalia\u00e7\u00e3o de antenas, al\u00e9m de ferramentas de CAD, projeto, implementa\u00e7\u00e3o e teste de circuitos integrados VLSI, tanto no dom\u00ednio digital quanto nos dom\u00ednios anal\u00f3gico e RF. O desenvolvimento de ferramentas de CAD tem como objetivo proporcionar maiores n\u00edveis de automa\u00e7\u00e3o durante o projeto de um circuito integrado, al\u00e9m de explorar de forma eficiente o espa\u00e7o de projeto em busca de solu\u00e7\u00f5es otimizadas. Neste sentido, s\u00e3o desenvolvidas pesquisas para gera\u00e7\u00e3o de solu\u00e7\u00f5es mais eficientes nas etapas de sele\u00e7\u00e3o de topologias, dimensionamento dos componentes do circuito (dispositivos ativos, como transistores, e passivos, como resistores, capacitores e indutores) e gera\u00e7\u00e3o de layout. J\u00e1 a pesquisa em projeto de CIs envolve o desenvolvimento de t\u00e9cnicas que permitam a concep\u00e7\u00e3o de circuitos com baixo consumo de energia, pequena \u00e1rea de sil\u00edcio e alto desempenho. Por se tratarem de especifica\u00e7\u00f5es divergentes, este \u00e9 um campo que exige investiga\u00e7\u00e3o intensiva para o desenvolvimento de circuitos no estado da arte que atendam aos requisitos de velocidade e consumo de energia dos protocolos de comunica\u00e7\u00e3o atuais, principalmente em tecnologias de fabrica\u00e7\u00e3o sub-microm\u00e9tricas. A prototipa\u00e7\u00e3o e o teste dos circuitos e\u0301 fundamental para a valida\u00e7\u00e3o das estrat\u00e9gias de projeto. Para isso, pesquisas em t\u00e9cnicas de prototipa\u00e7\u00e3o e medidas el\u00e9tricas de ultra baixa pot\u00eancia tamb\u00e9m fazem parte desta linha.<\/p>\n<p>Docentes:<\/p>\n<ul>\n<li>Alessandro Girardi<\/li>\n<li>Edson Schlosser<\/li>\n<li>Lucas Severo<\/li>\n<li>Marcos Heckler<\/li>\n<li>Paulo C\u00e9sar Comassetto de Aguirre<\/li>\n<li>Cristian Muller<\/li>\n<li>Juner Menezes Vieira<\/li>\n<\/ul>\n<\/div>\n<\/div>\n<\/div>\n<\/div>\n<hr \/>\n<\/div>\n<h3><a href=\"https:\/\/cursos.unipampa.edu.br\/cursos\/ppgee\/files\/2020\/08\/otimizacao-de-sistemas.png\"><img decoding=\"async\" loading=\"lazy\" class=\"aligncenter wp-image-2009\" title=\"Otimiza\u00e7\u00e3o de sistemas\" src=\"https:\/\/cursos.unipampa.edu.br\/cursos\/ppgee\/files\/2020\/08\/otimizacao-de-sistemas-300x60.png\" alt=\"Otimiza\u00e7\u00e3o de Sistemas\" width=\"500\" height=\"100\" srcset=\"https:\/\/cursos.unipampa.edu.br\/cursos\/ppgee\/files\/2020\/08\/otimizacao-de-sistemas-300x60.png 300w, https:\/\/cursos.unipampa.edu.br\/cursos\/ppgee\/files\/2020\/08\/otimizacao-de-sistemas.png 500w\" sizes=\"(max-width: 500px) 100vw, 500px\" \/><\/a><\/h3>\n<div class=\"page\" title=\"Page 29\">\n<div class=\"section\">\n<div class=\"layoutArea\">\n<div class=\"column\">\n<div class=\"page\" title=\"Page 33\">\n<div class=\"section\">\n<div class=\"layoutArea\">\n<div class=\"column\">\n<p>Esta linha de pesquisa abrange a otimiza\u00e7\u00e3o de solu\u00e7\u00f5es em hardware e software que envolvem o projeto de sistemas distribu\u00eddos, rede de computadores e arquiteturas paralelas. A realiza\u00e7\u00e3o de pesquisa na \u00e1rea \u00e9 crucial para o avan\u00e7o de sistemas distribu\u00eddos emergentes como, por exemplo, redes m\u00f3veis 5G e tecnologias como Internet das Coisas. Neste sentido, s\u00e3o desenvolvidas pesquisas relacionadas ao projeto, avalia\u00e7\u00e3o e otimiza\u00e7\u00e3o de redes de acesso, redes de alta velocidade, Internet e novas tecnologias, gerenciamento de novos servi\u00e7os e aplica\u00e7\u00f5es. J\u00e1 o desenvolvimento de pesquisa na \u00e1rea de arquiteturas paralelas \u00e9 crucial para auxiliar projetistas de sistemas paralelos durante a an\u00e1lise, projeto e integra\u00e7\u00e3o de sistemas computacionais de alto desempenho. Considerando solu\u00e7\u00f5es em hardware, s\u00e3o desenvolvidas pesquisas em arquiteturas paralelas reconfigur\u00e1veis, heterog\u00eaneas e de alto desempenho. Neste sentido, a pesquisa em software considera o projeto de algoritmos paralelos e t\u00e9cnicas de otimiza\u00e7\u00e3o do uso dos recursos computacionais. Tem-se como principal objetivo a cria\u00e7\u00e3o de solu\u00e7\u00f5es otimizadas para diferentes m\u00e9tricas, como, por exemplo, desempenho, dissipa\u00e7\u00e3o de pot\u00eancia, efici\u00eancia energ\u00e9tica e confiabilidade de sistemas.<\/p>\n<p>Docentes:<\/p>\n<ul>\n<li>F\u00e1bio Rossi<\/li>\n<li>Marcelo Caggiani Luizelli<\/li>\n<li>Fabio Luis Livi Ramos<\/li>\n<\/ul>\n<\/div>\n<\/div>\n<\/div>\n<\/div>\n<hr \/>\n<h3><a href=\"https:\/\/cursos.unipampa.edu.br\/cursos\/ppgee\/files\/2020\/08\/eletronica-de-potencia-e-controle.png\"><img decoding=\"async\" loading=\"lazy\" class=\"aligncenter wp-image-2010\" title=\"Eletr\u00f4nica de Pot\u00eancia e Controle\" src=\"https:\/\/cursos.unipampa.edu.br\/cursos\/ppgee\/files\/2020\/08\/eletronica-de-potencia-e-controle-300x60.png\" alt=\"Eletr\u00f4nica de Pot\u00eancia e Controle\" width=\"500\" height=\"100\" srcset=\"https:\/\/cursos.unipampa.edu.br\/cursos\/ppgee\/files\/2020\/08\/eletronica-de-potencia-e-controle-300x60.png 300w, https:\/\/cursos.unipampa.edu.br\/cursos\/ppgee\/files\/2020\/08\/eletronica-de-potencia-e-controle.png 500w\" sizes=\"(max-width: 500px) 100vw, 500px\" \/><\/a><\/h3>\n<div class=\"page\" title=\"Page 29\">\n<div class=\"section\">\n<div class=\"layoutArea\">\n<div class=\"column\">\n<div class=\"page\" title=\"Page 33\">\n<div class=\"section\">\n<div class=\"layoutArea\">\n<div class=\"column\">\n<div class=\"page\" title=\"Page 32\">\n<div class=\"section\">\n<div class=\"layoutArea\">\n<div class=\"column\">\n<p>Esta linha de pesquisa envolve o processamento de energia el\u00e9trica e o estudo e desenvolvimento de t\u00e9cnicas de controle para sistemas din\u00e2micos. A eletr\u00f4nica de pot\u00eancia \u00e9 uma \u00e1rea que pode abranger pesquisas com v\u00e1rios enfoques. Tem-se, por exemplo, o projeto de conversores est\u00e1ticos, t\u00e9cnicas de aux\u00edlio \u00e0 comuta\u00e7\u00e3o, concep\u00e7\u00e3o de topologias de conversores e t\u00e9cnicas de modula\u00e7\u00e3o. Adicionalmente, os estudos desenvolvidos em eletr\u00f4nica de pot\u00eancia podem ser aplicados no processamento de energia de fontes de energia renov\u00e1veis, gerenciamento da conex\u00e3o de fontes renov\u00e1veis com a rede el\u00e9trica, melhoria da qualidade de energia empregando filtros ativos e acionamento de m\u00e1quinas el\u00e9tricas. Finalmente, outro enfoque das pesquisas relacionadas \u00e0 eletr\u00f4nica de pot\u00eancia, \u00e9 o controle. Em algumas aplica\u00e7\u00f5es, a complexidade e os requisitos de desempenho s\u00e3o tais, que se fazem necess\u00e1rias t\u00e9cnicas de controle mais complexas, tais como, adaptativas, de estrutura vari\u00e1vel, robustas, etc. Nesta linha tamb\u00e9m s\u00e3o estudadas microrredes de energia modernas considerando a complexidade inerente e a quantidade cada vez maior de conversores e de incertezas nas cargas. S\u00e3o usadas n\u00e3o apenas arquiteturas avan\u00e7adas de microrredes, mas tamb\u00e9m t\u00e9cnicas de controle que apresentam potencial de aplica\u00e7\u00e3o no sistema el\u00e9trico moderno sem considera\u00e7\u00f5es cl\u00e1ssicas, tais como a de tens\u00e3o e frequ\u00eancia constantes. A inclus\u00e3o de din\u00e2micas mais complexas nas pesquisas realizadas demanda a aplica\u00e7\u00e3o de t\u00e9cnicas de an\u00e1lise de sistemas din\u00e2micos e de controle mais avan\u00e7adas para aplica\u00e7\u00e3o em sistemas n\u00e3o-lineares. Vislumbrando ainda aplica\u00e7\u00f5es avan\u00e7adas, a an\u00e1lise de estabilidade e de controle em microrredes embarcadas s\u00e3o tamb\u00e9m temas de estudo nesta linha de pesquisa, visto que se pode fazer uso de alguns conceitos utilizados em microrredes h\u00edbridas terrestres e vice-versa.<\/p>\n<p>Docentes:<\/p>\n<ul>\n<li>Felipe Grigoletto<\/li>\n<li>Guilherme Sebasti\u00e3o da Silva<\/li>\n<li>Marcio Stefanello<\/li>\n<\/ul>\n<\/div>\n<\/div>\n<\/div>\n<\/div>\n<\/div>\n<\/div>\n<\/div>\n<\/div>\n<hr \/>\n<\/div>\n<\/div>\n<\/div>\n<\/div>\n<h3><a href=\"https:\/\/cursos.unipampa.edu.br\/cursos\/ppgee\/files\/2020\/08\/sistemas-eletricos-de-potencia.png\"><img decoding=\"async\" loading=\"lazy\" class=\"aligncenter wp-image-2011\" title=\"Sistemas El\u00e9tricos de Pot\u00eancia\" src=\"https:\/\/cursos.unipampa.edu.br\/cursos\/ppgee\/files\/2020\/08\/sistemas-eletricos-de-potencia-300x60.png\" alt=\"Sistemas El\u00e9tricos de Pot\u00eancia\" width=\"500\" height=\"100\" srcset=\"https:\/\/cursos.unipampa.edu.br\/cursos\/ppgee\/files\/2020\/08\/sistemas-eletricos-de-potencia-300x60.png 300w, https:\/\/cursos.unipampa.edu.br\/cursos\/ppgee\/files\/2020\/08\/sistemas-eletricos-de-potencia.png 500w\" sizes=\"(max-width: 500px) 100vw, 500px\" \/><\/a><\/h3>\n<div class=\"page\" title=\"Page 29\">\n<div class=\"section\">\n<div class=\"layoutArea\">\n<div class=\"column\">\n<div class=\"page\" title=\"Page 33\">\n<div class=\"section\">\n<div class=\"layoutArea\">\n<div class=\"column\">\n<div class=\"page\" title=\"Page 32\">\n<div class=\"section\">\n<div class=\"layoutArea\">\n<div class=\"column\">\n<div class=\"page\" title=\"Page 34\">\n<div class=\"section\">\n<div class=\"layoutArea\">\n<div class=\"column\">\n<p>Estudos na \u00e1rea de gera\u00e7\u00e3o, transmiss\u00e3o e distribui\u00e7\u00e3o de energia el\u00e9trica enquadram-se nesta linha de pesquisa, utilizando simula\u00e7\u00f5es computacionais para obten\u00e7\u00e3o de resultados e buscando a otimiza\u00e7\u00e3o da produ\u00e7\u00e3o e da entrega cont\u00ednua de energia el\u00e9trica. Para tal, faz-se necess\u00e1rio o desenvolvimento de metodologias robustas que permitam a redu\u00e7\u00e3o das perdas el\u00e9tricas, bem como a melhoria significativa dos par\u00e2metros que garantem a estabilidade e o pleno funcionamento dos Sistemas El\u00e9tricos de Pot\u00eancia (SEP), permitindo assim a continuidade de opera\u00e7\u00e3o com altos \u00edndices de qualidade de energia e elevado n\u00edvel confiabilidade dos servi\u00e7os de gera\u00e7\u00e3o, transmiss\u00e3o e distribui\u00e7\u00e3o. Sendo assim, estudos na \u00e1rea de planejamento, opera\u00e7\u00e3o, prote\u00e7\u00e3o e controle de SEP tamb\u00e9m s\u00e3o enquadrados nesta linha de pesquisa. Do ponto de vista do planejamento e opera\u00e7\u00e3o, citam-se os estudos na \u00e1rea de otimiza\u00e7\u00e3o da opera\u00e7\u00e3o de modo que sejam previstas varia\u00e7\u00f5es de carga e o crescimento do sistema, bem como o consequente aumento da demanda por energia el\u00e9trica e a susceptibilidade dos par\u00e2metros como tens\u00e3o, corrente e frequ\u00eancia da rede a essas altera\u00e7\u00f5es. J\u00e1 do ponto de vista da prote\u00e7\u00e3o de SEP, salienta-se a necessidade de estudos para o desenvolvimento de t\u00e9cnicas para o ajuste e coordena\u00e7\u00e3o \u00f3timos dos rel\u00e9s de prote\u00e7\u00e3o, bem como a produ\u00e7\u00e3o de m\u00e9todos para mitiga\u00e7\u00e3o dos impactos dos fen\u00f4menos inerentes ao SEP, os quais prejudicam o funcionamento desses dispositivos. Tais m\u00e9todos s\u00e3o conseguidos a partir da aplica\u00e7\u00e3o de t\u00e9cnicas de otimiza\u00e7\u00e3o e de processamento de sinais, a serem utilizadas nos centros de opera\u00e7\u00e3o e nos rel\u00e9s microprocessados. Por fim, estrat\u00e9gias adequadas para o controle da opera\u00e7\u00e3o, visando a otimiza\u00e7\u00e3o da energia entregue aos consumidores, preservando as condi\u00e7\u00f5es operacionais adequadas de modo que os par\u00e2metros do sistema el\u00e9trico se mantenham dentro dos n\u00edveis aceit\u00e1veis, tamb\u00e9m s\u00e3o foco dos estudos realizados.<\/p>\n<p>Docentes:<\/p>\n<ul>\n<li>Eduardo Machado dos Santos<\/li>\n<li>Micael M\u00e1rcio Oliveira<\/li>\n<\/ul>\n<\/div>\n<\/div>\n<\/div>\n<\/div>\n<\/div>\n<\/div>\n<\/div>\n<\/div>\n<\/div>\n<\/div>\n<\/div>\n<\/div>\n<hr \/>\n<\/div>\n<\/div>\n<\/div>\n<\/div>\n<p>&nbsp;<\/p>\n<p>HIST\u00d3RICO<\/p>\n<p><em>Para visualizar as linhas de pesquisa do programa anteriores a 2020, <a href=\"https:\/\/cursos.unipampa.edu.br\/cursos\/ppgee\/?page_id=6\">clique aqui<\/a>.<\/em><\/p>\n<\/div>\n<\/div>\n<\/div>\n<\/div>\n<\/div>\n<\/div>\n<\/div>\n<p><\/p>","protected":false},"excerpt":{"rendered":"<p>O PPGEE possui quatro linhas de pesquisa: Circuitos de Comunica\u00e7\u00e3o Otimiza\u00e7\u00e3o de Sistemas Eletr\u00f4nica de Pot\u00eancia e Controle Sistemas El\u00e9tricos de Pot\u00eancia Esta linha de pesquisa abrange o desenvolvimento de circuitos el\u00e9tricos e eletr\u00f4nicos aplicados aos diversos sistemas de comunica\u00e7\u00e3o, como enlaces de comunica\u00e7\u00e3o via sat\u00e9lite, telefonia m\u00f3vel celular, criptografia, redes de comunica\u00e7\u00e3o de dados &hellip; <a href=\"https:\/\/cursos.unipampa.edu.br\/cursos\/ppgee\/?page_id=1951\" class=\"more-link\">Continue lendo <span class=\"screen-reader-text\">Linhas de Pesquisa<\/span> <span class=\"meta-nav\">&rarr;<\/span><\/a><\/p>\n","protected":false},"author":182,"featured_media":0,"parent":0,"menu_order":0,"comment_status":"closed","ping_status":"closed","template":"","meta":[],"_links":{"self":[{"href":"https:\/\/cursos.unipampa.edu.br\/cursos\/ppgee\/index.php?rest_route=\/wp\/v2\/pages\/1951"}],"collection":[{"href":"https:\/\/cursos.unipampa.edu.br\/cursos\/ppgee\/index.php?rest_route=\/wp\/v2\/pages"}],"about":[{"href":"https:\/\/cursos.unipampa.edu.br\/cursos\/ppgee\/index.php?rest_route=\/wp\/v2\/types\/page"}],"author":[{"embeddable":true,"href":"https:\/\/cursos.unipampa.edu.br\/cursos\/ppgee\/index.php?rest_route=\/wp\/v2\/users\/182"}],"replies":[{"embeddable":true,"href":"https:\/\/cursos.unipampa.edu.br\/cursos\/ppgee\/index.php?rest_route=%2Fwp%2Fv2%2Fcomments&post=1951"}],"version-history":[{"count":15,"href":"https:\/\/cursos.unipampa.edu.br\/cursos\/ppgee\/index.php?rest_route=\/wp\/v2\/pages\/1951\/revisions"}],"predecessor-version":[{"id":3268,"href":"https:\/\/cursos.unipampa.edu.br\/cursos\/ppgee\/index.php?rest_route=\/wp\/v2\/pages\/1951\/revisions\/3268"}],"wp:attachment":[{"href":"https:\/\/cursos.unipampa.edu.br\/cursos\/ppgee\/index.php?rest_route=%2Fwp%2Fv2%2Fmedia&parent=1951"}],"curies":[{"name":"wp","href":"https:\/\/api.w.org\/{rel}","templated":true}]}}