
{"id":1919,"date":"2020-07-31T17:03:50","date_gmt":"2020-07-31T20:03:50","guid":{"rendered":"http:\/\/cursos.unipampa.edu.br\/cursos\/ppgee\/?page_id=1919"},"modified":"2025-12-23T18:07:11","modified_gmt":"2025-12-23T21:07:11","slug":"professores-2","status":"publish","type":"page","link":"https:\/\/cursos.unipampa.edu.br\/cursos\/ppgee\/?page_id=1919","title":{"rendered":"Professores"},"content":{"rendered":"<p><\/p>\n<h2><strong>\u00c1REA DE CONCENTRA\u00c7\u00c3O:<br \/>\nTECNOLOGIA DA INFORMA\u00c7\u00c3O E COMUNICA\u00c7\u00c3O<br \/>\n<\/strong><\/h2>\n<p>&nbsp;<\/p>\n<table style=\"width: 100%;border-collapse: collapse;background-color: #c8c8c8\" border=\"1\">\n<tbody>\n<tr>\n<td style=\"width: 23.0392%\"><img decoding=\"async\" loading=\"lazy\" class=\"alignnone \" src=\"http:\/\/servicosweb.cnpq.br\/wspessoa\/servletrecuperafoto?tipo=1&amp;id=K4706034U0\" width=\"123\" height=\"144\" \/><\/td>\n<td style=\"width: 76.9608%\">\n<h4>Prof. Dr. <a href=\"https:\/\/unipampa.edu.br\/alegrete\/docente\/13742\/dados-gerais\"><strong>Alessandro Gon\u00e7alves Girardi<\/strong><\/a><\/h4>\n<p><strong>Docente Permanente<\/strong><\/td>\n<\/tr>\n<\/tbody>\n<\/table>\n<p>E-mail: alessandro.girardi@unipampa.edu.br<br \/>\nLattes:<a href=\"http:\/\/lattes.cnpq.br\/9078785342700446\"> http:\/\/lattes.cnpq.br\/9078785342700446<\/a><br \/>\nLinha de pesquisa: Circuitos de Comunica\u00e7\u00e3o<\/p>\n<p><em>Atua em pesquisas na \u00e1rea de microeletr\u00f4nica, principalmente no desenvolvimento de metodologias de projeto de circuitos integrados anal\u00f3gicos com baixo consumo de energia, como amplificadores operacionais, comparadores e conversores DC-DC. Tamb\u00e9m pesquisa formas de automatizar o projeto de circuitos integrados atrav\u00e9s de t\u00e9cnicas que exploram o espa\u00e7o de projeto em busca de solu\u00e7\u00f5es \u00f3timas em termos de desempenho, consumo de pot\u00eancia e rendimento do circuito. Outra \u00e1rea de interesse \u00e9 em pesquisa com sensores de movimento para estimativa de posicionamento e orienta\u00e7\u00e3o e a sua aplica\u00e7\u00e3o em dispositivos embarcados.<\/em><\/p>\n<h3><\/h3>\n<table style=\"height: 176px;background-color: #c8c8c8;width: 590px\" border=\"1\" width=\"608\">\n<tbody>\n<tr>\n<td style=\"width: 134.562px\"><img decoding=\"async\" loading=\"lazy\" class=\"\" src=\"https:\/\/cursos.unipampa.edu.br\/cursos\/ppgee\/files\/2025\/08\/cristian_muller.jpg\" width=\"133\" height=\"177\" \/><\/td>\n<td style=\"width: 439.438px\">\n<h4>Prof. Dr. <a href=\"https:\/\/unipampa.edu.br\/alegrete\/docente\/17437\/dados-gerais\">\u00a0Cristian Muller<\/a><\/h4>\n<p><strong>Docente Permanente<\/strong><\/td>\n<\/tr>\n<\/tbody>\n<\/table>\n<p>E-mail: cristianmuller@unipampa.edu.br<br \/>\nLattes: <a href=\"http:\/\/lattes.cnpq.br\/7355225439863613\">http:\/\/lattes.cnpq.br\/7355225439863613<\/a><br \/>\nLinha de pesquisa: Circuitos de Comunica\u00e7\u00e3o<\/p>\n<p><em>Atua principalmente em pesquisas na \u00e1rea de microeletr\u00f4nica, com foco no projeto e s\u00edntese de circuitos digitais aplicados a conversores anal\u00f3gico-digitais (ADCs). Entre os temas de interesse est\u00e3o o desenvolvimento de filtros decimadores digitais para ADCs Sigma-Delta e t\u00e9cnicas de calibra\u00e7\u00e3o em ADCs SAR. Possui particular interesse em estrat\u00e9gias de redu\u00e7\u00e3o de \u00e1rea e consumo de pot\u00eancia no projeto de filtros digitais implementados em circuitos integrados. Outra linha de atua\u00e7\u00e3o envolve t\u00e9cnicas de localiza\u00e7\u00e3o em redes de sensores sem fio e sua aplica\u00e7\u00e3o em dispositivos embarcados.<\/em><\/p>\n<p>&nbsp;<\/p>\n<table style=\"width: 588px;background-color: #c8c8c8;height: 164px\" border=\"1\">\n<tbody>\n<tr>\n<td style=\"width: 150px\"><img decoding=\"async\" loading=\"lazy\" class=\"foto\" src=\"http:\/\/servicosweb.cnpq.br\/wspessoa\/servletrecuperafoto?tipo=1&amp;id=K4489747T3\" width=\"116\" height=\"155\" \/><\/td>\n<td style=\"width: 422px\">\n<h4>Prof. Dr. <a href=\"https:\/\/unipampa.edu.br\/alegrete\/docente\/16680\/dados-gerais\">Edson Schlosser<\/a><\/h4>\n<p><strong>Docente Permanente<\/strong><\/td>\n<\/tr>\n<\/tbody>\n<\/table>\n<p>E-mail: edsonschlosser@unipampa.edu.br<br \/>\nLattes:\u00a0<a href=\"http:\/\/lattes.cnpq.br\/3824209897555331\"> http:\/\/lattes.cnpq.br\/3824209897555331<\/a><br \/>\nLinha de pesquisa: Circuitos de Comunica\u00e7\u00e3o<\/p>\n<p><em>Membro do Laborat\u00f3rio de Eletromagnetismo, Micro-Ondas e Antenas (LEMA) da UNIPAMPA. Possui interesse na modelagem eletromagn\u00e9tica e solu\u00e7\u00f5es num\u00e9ricas de estruturas planas formadas por estratifica\u00e7\u00f5es diel\u00e9tricas e condutoras. Tamb\u00e9m atua no projeto e constru\u00e7\u00e3o de antenas, redes de antenas impressas, redes refletoras, dispositivos e circuitos para alta frequ\u00eancia e no desenvolvimento de algoritmos para a s\u00edntese de diagramas de irradia\u00e7\u00e3o e para a an\u00e1lise num\u00e9rica de estruturas passivas.<\/em><\/p>\n<p>&nbsp;<\/p>\n<table style=\"background-color: #c8c8c8;width: 594px\" border=\"1\">\n<tbody>\n<tr>\n<td style=\"width: 134.887px\"><img decoding=\"async\" loading=\"lazy\" class=\"alignnone \" src=\"http:\/\/servicosweb.cnpq.br\/wspessoa\/servletrecuperafoto?tipo=1&amp;id=K4715717J4\" width=\"132\" height=\"88\" \/><\/td>\n<td style=\"width: 445.513px\">\n<h4>Prof. Dr.\u00a0 <a href=\"https:\/\/integra.iffarroupilha.edu.br\/portfolio\/pessoas\/fabio-diniz-rossi\">Fabio Diniz Rossi<\/a><\/h4>\n<p><strong>Docente Permanente<\/strong><\/td>\n<\/tr>\n<\/tbody>\n<\/table>\n<p>E-mail: fabio.rossi@iffarroupilha.edu.br<br \/>\nLattes: <a href=\"http:\/\/lattes.cnpq.br\/1338191155744103\">http:\/\/lattes.cnpq.br\/1338191155744103<\/a><br \/>\nLinha de pesquisa: Otimiza\u00e7\u00e3o de Sistemas<\/p>\n<p><em>Atua em pesquisas sobre aloca\u00e7\u00e3o de recursos em ambientes de computa\u00e7\u00e3o em n\u00e9voa, que v\u00e3o desde sensores de Internet-das-Coisas, processamento em arquiteturas embarcadas, redes de comunica\u00e7\u00e3o de dados, computa\u00e7\u00e3o de borda, e ambientes de computa\u00e7\u00e3o em nuvem. O interesse em pesquisa na \u00e1rea de computa\u00e7\u00e3o em n\u00e9voa tem por objetivo, a melhoria no trade-off entre consumo de pot\u00eancia e desempenho das aplica\u00e7\u00f5es.<\/em><\/p>\n<p>&nbsp;<\/p>\n<table style=\"background-color: #c8c8c8;width: 578px\" border=\"1\">\n<tbody>\n<tr>\n<td style=\"width: 122.85px\"><a href=\"https:\/\/cursos.unipampa.edu.br\/cursos\/ppgee\/files\/2025\/05\/fabio_foto.png\"><img decoding=\"async\" loading=\"lazy\" class=\"alignnone wp-image-3036\" src=\"https:\/\/cursos.unipampa.edu.br\/cursos\/ppgee\/files\/2025\/05\/fabio_foto.png\" alt=\"\" width=\"119\" height=\"155\" srcset=\"https:\/\/cursos.unipampa.edu.br\/cursos\/ppgee\/files\/2025\/05\/fabio_foto.png 307w, https:\/\/cursos.unipampa.edu.br\/cursos\/ppgee\/files\/2025\/05\/fabio_foto-231x300.png 231w\" sizes=\"(max-width: 119px) 100vw, 119px\" \/><\/a><\/td>\n<td style=\"width: 441.55px\">\n<h4>Prof. Dr.<a href=\"https:\/\/unipampa.edu.br\/bage\/docente\/17117\/dados-gerais\"> <strong>F\u00e1bio Lu\u00eds Livi Ramos<\/strong><\/a><\/h4>\n<p><strong>Docente Permanente<\/strong><\/td>\n<\/tr>\n<\/tbody>\n<\/table>\n<p>E-mail: fabioramos@unipampa.edu.br<br \/>\nLattes: <a href=\"http:\/\/lattes.cnpq.br\/3250174839323976\">http:\/\/lattes.cnpq.br\/3250174839323976<\/a><br \/>\nLinha de pesquisa: Otimiza\u00e7\u00e3o de Sistemas<\/p>\n<p>Atua em pesquisas relacionadas com a \u00e1rea do processamento digital de sinais, especialmente para codifica\u00e7\u00e3o de v\u00eddeo. Mais especificamente foca em solu\u00e7\u00f5es de aceleradores em hardware digital para a etapa de codifica\u00e7\u00e3o de entropia para codifica\u00e7\u00e3o de v\u00eddeo, mas igualmente solu\u00e7\u00f5es de entropia em software ou hardware para outras aplica\u00e7\u00f5es, como compress\u00e3o de imagens e de redes neurais. Possui interesse em demais \u00e1reas que envolvam o uso de aceleradores em hardware digital para aplica\u00e7\u00f5es que exijam alto desempenho e baixo consumo de pot\u00eancia.<\/p>\n<table style=\"background-color: #c8c8c8;width: 532px\" border=\"1\">\n<tbody>\n<tr>\n<td style=\"width: 138px\"><a href=\"https:\/\/cursos.unipampa.edu.br\/cursos\/ppgee\/files\/2025\/12\/juner-2-400-x-400-px.jpg\"><img decoding=\"async\" loading=\"lazy\" class=\"alignnone wp-image-3197\" src=\"https:\/\/cursos.unipampa.edu.br\/cursos\/ppgee\/files\/2025\/12\/juner-2-400-x-400-px.jpg\" alt=\"\" width=\"159\" height=\"159\" srcset=\"https:\/\/cursos.unipampa.edu.br\/cursos\/ppgee\/files\/2025\/12\/juner-2-400-x-400-px.jpg 400w, https:\/\/cursos.unipampa.edu.br\/cursos\/ppgee\/files\/2025\/12\/juner-2-400-x-400-px-300x300.jpg 300w, https:\/\/cursos.unipampa.edu.br\/cursos\/ppgee\/files\/2025\/12\/juner-2-400-x-400-px-150x150.jpg 150w\" sizes=\"(max-width: 159px) 100vw, 159px\" \/><\/a><\/td>\n<td style=\"width: 380.4px\">\n<h4>Prof. Dr. <a href=\"https:\/\/unipampa.edu.br\/alegrete\/docente\/19485\/dados-gerais\">Juner Menezes Vieira<\/a><\/h4>\n<p><strong>Docente Permanente<\/strong><\/td>\n<\/tr>\n<\/tbody>\n<\/table>\n<p>E-mail: junervieira@unipampa.edu.br<br \/>\nLattes: <a href=\"http:\/\/lattes.cnpq.br\/4117002009538659\">http:\/\/lattes.cnpq.br\/4117002009538659<\/a><br \/>\nLinha de pesquisa: Circuitos de Comunica\u00e7\u00e3o<\/p>\n<p>Possui interesse na an\u00e1lise e no projeto de antenas para sistemas de comunica\u00e7\u00e3o aeroespacial, bem como no desenvolvimento de circuitos eletr\u00f4nicos passivos e ativos de radiofrequ\u00eancia (RF) e de micro-ondas, com foco em aplica\u00e7\u00f5es de radiogoniometria.<\/p>\n<p>&nbsp;<\/p>\n<table style=\"background-color: #c8c8c8\" border=\"1\">\n<tbody>\n<tr>\n<td><img decoding=\"async\" loading=\"lazy\" class=\"alignnone \" src=\"http:\/\/servicosweb.cnpq.br\/wspessoa\/servletrecuperafoto?tipo=1&amp;id=K4207651A5\" width=\"123\" height=\"124\" \/><\/td>\n<td>\n<h4>Prof. Dr. <a href=\"https:\/\/unipampa.edu.br\/alegrete\/docente\/16564\/dados-gerais\" target=\"_blank\" rel=\"noopener noreferrer\">Lucas Compassi Severo<\/a><\/h4>\n<p><strong>Docente Colaborador<\/strong><\/td>\n<\/tr>\n<\/tbody>\n<\/table>\n<p>E-mail: lucassevero@unipampa.edu.br<br \/>\nLattes: <a href=\"http:\/\/lattes.cnpq.br\/9154035500321341\">http:\/\/lattes.cnpq.br\/9154035500321341<\/a><br \/>\nLinha de pesquisa: Circuitos de Comunica\u00e7\u00e3o<\/p>\n<p><em>Atua com pesquisas na \u00e1rea de microeletr\u00f4nica, principalmente no projeto de circuitos integrados anal\u00f3gicos e de r\u00e1dio frequ\u00eancia (RF) para dispositivos da Internet das Coisas (IoT). Tamb\u00e9m pesquisa formas de implementa\u00e7\u00e3o de circuitos com opera\u00e7\u00e3o em ultrabaixa tens\u00e3o e ultrabaixa pot\u00eancia para receptores RF de baixa energia, circuitos para a colheita de energia (Energy Harvesting) e metodologias de projeto para circuitos integrados. Tamb\u00e9m possui interesse pelas \u00e1reas de circuitos ativos na faixa de micro-ondas, sistemas de comunica\u00e7\u00e3o, sistemas avi\u00f4nicos e sistemas embarcados.<\/em><\/p>\n<h3><\/h3>\n<table style=\"background-color: #c8c8c8\" border=\"1\">\n<tbody>\n<tr>\n<td><img decoding=\"async\" loading=\"lazy\" class=\"alignnone \" src=\"http:\/\/servicosweb.cnpq.br\/wspessoa\/servletrecuperafoto?tipo=1&amp;id=K4424311Y4\" width=\"123\" height=\"123\" \/><\/td>\n<td>\n<h4>Prof. Dr. <a href=\"https:\/\/unipampa.edu.br\/alegrete\/docente\/17994\/dados-gerais\" target=\"_blank\" rel=\"noopener noreferrer\">Marcelo Caggiani Luizelli<\/a><\/h4>\n<p><strong>Docente Permanente<\/strong><\/td>\n<\/tr>\n<\/tbody>\n<\/table>\n<p>E-mail: marceloluizelli@unipampa.edu.br<br \/>\nLattes: <a href=\"http:\/\/lattes.cnpq.br\/6613933581513594\">http:\/\/lattes.cnpq.br\/6613933581513594<\/a><br \/>\nLinha de pesquisa: Otimiza\u00e7\u00e3o de Sistemas<\/p>\n<p><em>Seus principais interesses de pesquisa est\u00e3o relacionados com as \u00e1reas de redes de computadores, otimiza\u00e7\u00e3o combinat\u00f3ria e intelig\u00eancia artificial, com foco em paradigmas emergentes como SDN (Software-defined Networks), NFV (Network Functions Virtualization) e planos de dados program\u00e1veis (P4). Atualmente, coordenada projetos com financiamento do CNPq e do MCTIC\/FAPESP relacionados com (i) o monitoramento de infraestruturas program\u00e1veis (por exemplo, telemetria in-band) e (ii) aprendizado de m\u00e1quina aplicado a dispositivos program\u00e1veis.<\/em><\/p>\n<h3><\/h3>\n<table style=\"background-color: #c8c8c8\" border=\"1\">\n<tbody>\n<tr>\n<td><img decoding=\"async\" loading=\"lazy\" class=\"alignnone \" src=\"http:\/\/servicosweb.cnpq.br\/wspessoa\/servletrecuperafoto?tipo=1&amp;id=K4760949D2\" width=\"123\" height=\"157\" \/><\/td>\n<td>\n<h4>Prof. Dr. <a href=\"https:\/\/unipampa.edu.br\/alegrete\/docente\/15774\/dados-gerais\" target=\"_blank\" rel=\"noopener noreferrer\">Marcos Vin\u00edcio Thomas Heckler<\/a><\/h4>\n<p><strong>Docente Permanente<\/strong><\/td>\n<\/tr>\n<\/tbody>\n<\/table>\n<p>E-mail: marcosheckler@unipampa.edu.br<br \/>\nLattes: <a href=\"http:\/\/lattes.cnpq.br\/7326313587019025\">http:\/\/lattes.cnpq.br\/7326313587019025<\/a><br \/>\nLinha de pesquisa: Circuitos de Comunica\u00e7\u00e3o<\/p>\n<p><em>Coordenador do Laborat\u00f3rio de Eletromagnetismo, Micro-Ondas e Antenas (LEMA) da UNIPAMPA. Seus principais interesses de pesquisa englobam o estudo e o desenvolvimento de antenas e circuitos operando em micro-ondas para sistemas de comunica\u00e7\u00e3o e radionavega\u00e7\u00e3o. Redes de antenas, em especial as projetadas em tecnologia de microfita, tamb\u00e9m s\u00e3o alvo de pesquisas no LEMA. Al\u00e9m disso, o docente tamb\u00e9m desenvolve estudos sobre m\u00e9todos num\u00e9ricos em Eletromagnetismo para an\u00e1lise de estruturas passivas operando em micro-ondas.<\/em><\/p>\n<h3><\/h3>\n<table style=\"height: 162px;background-color: #c8c8c8;width: 608px\" border=\"1\" width=\"608\">\n<tbody>\n<tr>\n<td style=\"width: 135px\"><a href=\"https:\/\/cursos.unipampa.edu.br\/cursos\/ppgee\/files\/2020\/11\/paulocomassetto.jpg\"><img decoding=\"async\" loading=\"lazy\" class=\"alignnone wp-image-2244\" src=\"https:\/\/cursos.unipampa.edu.br\/cursos\/ppgee\/files\/2020\/11\/paulocomassetto.jpg\" alt=\"\" width=\"117\" height=\"160\" srcset=\"https:\/\/cursos.unipampa.edu.br\/cursos\/ppgee\/files\/2020\/11\/paulocomassetto.jpg 371w, https:\/\/cursos.unipampa.edu.br\/cursos\/ppgee\/files\/2020\/11\/paulocomassetto-220x300.jpg 220w\" sizes=\"(max-width: 117px) 100vw, 117px\" \/><\/a><\/td>\n<td style=\"width: 457px\">\n<h4>Prof. Dr. <a href=\"https:\/\/sites.unipampa.edu.br\/pauloaguirre\/\">Paulo C\u00e9sar Comassetto de Aguirre<\/a><\/h4>\n<p><strong>Docente Permanente<\/strong><\/td>\n<\/tr>\n<\/tbody>\n<\/table>\n<p>E-mail: pauloaguirre@unipampa.edu.br<br \/>\nLattes: <a href=\"http:\/\/lattes.cnpq.br\/6909803398529948\">http:\/\/lattes.cnpq.br\/6909803398529948<\/a><br \/>\nLinha de pesquisa: Circuitos de Comunica\u00e7\u00e3o<\/p>\n<p><em>Atua na \u00e1rea de eletr\u00f4nica integrada (microeletr\u00f4nica) com foco no estudo e desenvolvimento de circuitos integrados anal\u00f3gicos e de sinais mistos em tecnologias CMOS. Possui experi\u00eancia com projeto e desenvolvimento de conversores anal\u00f3gico-digitais (ADCs), filtros ativos para receptores de RF e circuitos eletr\u00f4nicos de baixa tens\u00e3o. Atualmente, atua no desenvolvimento de ADCs (sigma-delta, flash e h\u00edbridos), filtros ativos e amplificadores operacionais para aplica\u00e7\u00f5es de baixa tens\u00e3o para front-ends anal\u00f3gicos de sistemas de comunica\u00e7\u00e3o (wireless e\/ou wireline) e sistemas de instrumenta\u00e7\u00e3o com foco em internet-das-coisas (IoT). Tamb\u00e9m possui interesse no desenvolvimento de circuitos eletr\u00f4nicos para aplica\u00e7\u00f5es biom\u00e9dicas.<\/em><\/p>\n<p>&nbsp;<\/p>\n<p>&nbsp;<\/p>\n<h2><strong>\u00c1REA DE CONCENTRA\u00c7\u00c3O:<br \/>\nPROCESSAMENTO DE ENERGIA<br \/>\n<\/strong><\/h2>\n<h3><\/h3>\n<table style=\"background-color: #c8c8c8\" border=\"1\">\n<tbody>\n<tr>\n<td><img decoding=\"async\" loading=\"lazy\" class=\"alignnone \" src=\"http:\/\/servicosweb.cnpq.br\/wspessoa\/servletrecuperafoto?tipo=1&amp;id=K4447823J3\" width=\"123\" height=\"140\" \/><\/td>\n<td>\n<h4>Prof. Dr. <a href=\"https:\/\/unipampa.edu.br\/alegrete\/docente\/16351\/dados-gerais\">Eduardo Machado dos Santos<\/a><\/h4>\n<p><strong>Docente Permanente<\/strong><\/td>\n<\/tr>\n<\/tbody>\n<\/table>\n<p>E-mail: eduardosantos@unipampa.edu.br<br \/>\nLattes: <a href=\"http:\/\/lattes.cnpq.br\/2387118009577291\">http:\/\/lattes.cnpq.br\/2387118009577291<\/a><br \/>\nLinha de pesquisa: Sistemas El\u00e9tricos de Pot\u00eancia<\/p>\n<p><em>Suas pesquisas s\u00e3o voltadas \u00e0 \u00e1rea de sistemas el\u00e9tricos de pot\u00eancia, com \u00eanfase em intelig\u00eancia artificial aplicada \u00e0 prote\u00e7\u00e3o, opera\u00e7\u00e3o, controle e otimiza\u00e7\u00e3o de gera\u00e7\u00e3o, transmiss\u00e3o e distribui\u00e7\u00e3o de energia el\u00e9trica. T\u00f3picos de interesse: t\u00e9cnicas matem\u00e1ticas e computacionais de processamento de sinais aplicadas \u00e0 prote\u00e7\u00e3o; m\u00e9todos de otimiza\u00e7\u00e3o aplicados ao despacho econ\u00f4mico\/ambiental de carga e \u00e0 coordena\u00e7\u00e3o de rel\u00e9s de prote\u00e7\u00e3o, bem como \u00e0 aloca\u00e7\u00e3o de dispositivos de prote\u00e7\u00e3o e ao processamento de alarmes; intelig\u00eancia artificial para aux\u00edlio \u00e0 tomada de decis\u00e3o; detec\u00e7\u00e3o e classifica\u00e7\u00e3o de transit\u00f3rios; localiza\u00e7\u00e3o de faltas; detec\u00e7\u00e3o e corre\u00e7\u00e3o de formas de onda distorcidas pela satura\u00e7\u00e3o de transformadores de corrente; prote\u00e7\u00e3o contra sub e sobreexcita\u00e7\u00e3o em geradores s\u00edncronos; estima\u00e7\u00e3o de frequ\u00eancia; correntes geomagneticamente induzidas; estima\u00e7\u00e3o fasorial; prote\u00e7\u00e3o anti-ilhamento; limitadores de corrente; estima\u00e7\u00e3o da vida \u00fatil de elementos da rede via processamento de sinais; t\u00e9cnicas de bloqueio da prote\u00e7\u00e3o durante oscila\u00e7\u00f5es de pot\u00eancia e correntes de magnetiza\u00e7\u00e3o de transformadores; inrush simp\u00e1tico; detec\u00e7\u00e3o e localiza\u00e7\u00e3o de faltas de alta imped\u00e2ncia; otimiza\u00e7\u00e3o de projetos de parques e\u00f3licos\/solares; solu\u00e7\u00f5es mitigadoras para problemas relacionados ao bird streamer.<\/em><\/p>\n<h3><\/h3>\n<table style=\"background-color: #c8c8c8\" border=\"1\">\n<tbody>\n<tr>\n<td><img decoding=\"async\" loading=\"lazy\" class=\"alignnone \" src=\"http:\/\/servicosweb.cnpq.br\/wspessoa\/servletrecuperafoto?tipo=1&amp;id=K4531964J0\" width=\"123\" height=\"141\" \/><\/td>\n<td>\n<h4>Prof. Dr. <a title=\"Felipe Bovolini Grigoletto\" href=\"https:\/\/unipampa.edu.br\/alegrete\/docente\/16719\/dados-gerais\" target=\"_blank\" rel=\"noopener noreferrer\">Felipe Bovolini Grigoletto<\/a><\/h4>\n<p><strong>Docente Permanente<\/strong><\/td>\n<\/tr>\n<\/tbody>\n<\/table>\n<p>E-mail: felipegrigoletto@unipampa.edu.br<br \/>\nLattes:<a href=\"http:\/\/lattes.cnpq.br\/7906627505162145\"> http:\/\/lattes.cnpq.br\/7906627505162145<\/a><br \/>\nLinha de pesquisa: Eletr\u00f4nica de Pot\u00eancia e Controle<\/p>\n<p><em>Seus interesses de pesquisa incluem aplica\u00e7\u00f5es de eletr\u00f4nica de pot\u00eancia com destaque aos sistemas de convers\u00e3o de energia conectados \u00e0 rede el\u00e9trica. Desenvolve estrat\u00e9gias de modula\u00e7\u00e3o aplicadas a conversores est\u00e1ticos de pot\u00eancia, dentre estas: space vector e elimina\u00e7\u00e3o seletiva de harm\u00f4nicos. Atua no projeto e desenvolvimento de estruturas de conversores est\u00e1ticos multin\u00edveis. \u00a0Al\u00e9m disso, trabalha com modelagem e controle de conversores est\u00e1ticos para processamento de energia oriunda de fontes renov\u00e1veis com destaque para energia e\u00f3lica e solar fotovoltaica.<\/em><\/p>\n<p>&nbsp;<\/p>\n<table style=\"background-color: #c8c8c8\" border=\"1\">\n<tbody>\n<tr>\n<td><img decoding=\"async\" loading=\"lazy\" class=\"alignnone \" src=\"http:\/\/servicosweb.cnpq.br\/wspessoa\/servletrecuperafoto?tipo=1&amp;id=K4262327Z0\" width=\"123\" height=\"93\" \/><\/td>\n<td>\n<h4>Prof. Dr. <a title=\"Felipe Bovolini Grigoletto\" href=\"https:\/\/unipampa.edu.br\/alegrete\/docente\/16997\/dados-gerais\" target=\"_blank\" rel=\"noopener noreferrer\">Guilherme Sebasti\u00e3o da Silva<\/a><\/h4>\n<p><strong>Docente Colaborador<\/strong><\/td>\n<\/tr>\n<\/tbody>\n<\/table>\n<p>E-mail: guilhermesilva@unipampa.edu.br<br \/>\nLattes: <a href=\"http:\/\/lattes.cnpq.br\/7093757298381173\">http:\/\/lattes.cnpq.br\/7093757298381173<\/a><br \/>\nLinha de pesquisa: Eletr\u00f4nica de Pot\u00eancia e Controle<\/p>\n<p><em>Atua em pesquisas na \u00e1rea de engenharia el\u00e9trica, principalmente em Eletr\u00f4nica de Pot\u00eancia e Controle de Conversores Est\u00e1ticos. Trabalha em pesquisa e desenvolvimento de conversores est\u00e1ticos para aplica\u00e7\u00e3o em sistemas de pot\u00eancia, tais como: conversores para gera\u00e7\u00e3o distribu\u00edda, conversores multin\u00edveis modulares em transmiss\u00e3o HVDC, modelagem e controle de conversores est\u00e1ticos conectados \u00e0 rede e controle sensorless. Outras linhas de pesquisa s\u00e3o relacionadas \u00e0 sistemas fotovoltaicos tais como: desenvolvimento de dispositivo eletr\u00f4nico para caracteriza\u00e7\u00e3o de pain\u00e9is, classifica\u00e7\u00e3o de defeitos em arranjos, an\u00e1lise e m\u00e9todos para tra\u00e7ar curvas caracter\u00edsticas sob condi\u00e7\u00f5es de sombreamento parcial e projeto de sistemas fotovoltaicos. Tamb\u00e9m trabalha com pesquisa e desenvolvimento de inversores para acionamento de motores em irriga\u00e7\u00e3o de lavouras de arroz.<\/em><\/p>\n<h3><\/h3>\n<table style=\"background-color: #c8c8c8\" border=\"1\">\n<tbody>\n<tr>\n<td><img decoding=\"async\" loading=\"lazy\" class=\"alignnone \" src=\"http:\/\/servicosweb.cnpq.br\/wspessoa\/servletrecuperafoto?tipo=1&amp;id=K4771459U5\" width=\"123\" height=\"154\" \/><\/td>\n<td>\n<h4>Prof. Dr. <a href=\"https:\/\/unipampa.edu.br\/alegrete\/docente\/15740\/dados-gerais\" target=\"_blank\" rel=\"noopener noreferrer\">M\u00e1rcio Stefanello<\/a><\/h4>\n<p><strong>Docente Permanente<\/strong><\/td>\n<\/tr>\n<\/tbody>\n<\/table>\n<p>E-mail: marciostefanello@unipampa.edu.br<br \/>\nLattes: <a href=\"http:\/\/lattes.cnpq.br\/9333498570249062\">http:\/\/lattes.cnpq.br\/9333498570249062<\/a><br \/>\nLinha de pesquisa: Eletr\u00f4nica de Pot\u00eancia e Controle<\/p>\n<p><em>Os principais t\u00f3picos de pesquisa se concentram em teoria de controle avan\u00e7ado e sua aplica\u00e7\u00e3o na eletr\u00f4nica de pot\u00eancia para lidar com desafios fundamentais, tais como sincroniza\u00e7\u00e3o, estabilidade e desempenho em aplica\u00e7\u00f5es em microrredes de energia. Al\u00e9m disso, possui experi\u00eancia em teoria de controle adaptativo e filtros ativos.<\/em><\/p>\n<table style=\"background-color: #c8c8c8\" border=\"1\">\n<tbody>\n<tr>\n<td><a href=\"https:\/\/cursos.unipampa.edu.br\/cursos\/ppgee\/files\/2025\/05\/micael.png\"><img decoding=\"async\" loading=\"lazy\" class=\"aligncenter wp-image-3068 \" src=\"https:\/\/cursos.unipampa.edu.br\/cursos\/ppgee\/files\/2025\/05\/micael-150x150.png\" alt=\"\" width=\"130\" height=\"130\" \/><\/a><\/td>\n<td style=\"width: 283px\">\n<h4>Prof. Dr. <a href=\"https:\/\/unipampa.edu.br\/alegrete\/docente\/19387\/dados-gerais\">Micael M\u00e1rcio Oliveira<\/a><\/h4>\n<p><strong>Docente Permanente<\/strong><\/td>\n<\/tr>\n<\/tbody>\n<\/table>\n<p>E-mail: micaeloliveira@unipampa.edu.br<br \/>\nLattes: <a href=\"http:\/\/lattes.cnpq.br\/6329325710347561\">http:\/\/lattes.cnpq.br\/6329325710347561<\/a><br \/>\nLinha de pesquisa: Sistemas El\u00e9tricos de Pot\u00eancia<\/p>\n<p>Membro do Grupo de pesquisas Explora\u00e7\u00e3o Integrada de Recursos Energ\u00e9ticos \u2013 EIRE, desenvolvendo a\u00e7\u00f5es de extens\u00e3o com as tem\u00e1ticas de efici\u00eancia energ\u00e9tica e recursos renov\u00e1veis. Atua principalmente em pesquisas relacionadas a transformadores, com enfoque na modelagem t\u00e9rmica e eletromagn\u00e9tica desses equipamentos com aux\u00edlio de simula\u00e7\u00f5es CFD e MEF, estrat\u00e9gias de avali\u00e7\u00e3o das condi\u00e7\u00f5es, monitoramento e estimativa de envelhecimento de transformadores. Tamb\u00e9m possui interesse de pesquisas na intera\u00e7\u00e3o dos transformadores com o sistema el\u00e9trico de pot\u00eancia, principalmente na presen\u00e7a de fontes renov\u00e1veis, como energia e\u00f3lica e solar.<\/p>\n<p>&nbsp;<\/p>\n<hr \/>\n<h6>HIST\u00d3RICO<\/h6>\n<p>Para visualizar o corpo docente do PPGEE anterior a 2020, <a href=\"https:\/\/cursos.unipampa.edu.br\/cursos\/ppgee\/?page_id=3\">clique aqui<\/a>.<\/p>","protected":false},"excerpt":{"rendered":"<p>\u00c1REA DE CONCENTRA\u00c7\u00c3O: TECNOLOGIA DA INFORMA\u00c7\u00c3O E COMUNICA\u00c7\u00c3O &nbsp; Prof. Dr. Alessandro Gon\u00e7alves Girardi Docente Permanente E-mail: alessandro.girardi@unipampa.edu.br Lattes: http:\/\/lattes.cnpq.br\/9078785342700446 Linha de pesquisa: Circuitos de Comunica\u00e7\u00e3o Atua em pesquisas na \u00e1rea de microeletr\u00f4nica, principalmente no desenvolvimento de metodologias de projeto de circuitos integrados anal\u00f3gicos com baixo consumo de energia, como amplificadores operacionais, comparadores e conversores &hellip; <a href=\"https:\/\/cursos.unipampa.edu.br\/cursos\/ppgee\/?page_id=1919\" class=\"more-link\">Continue lendo <span class=\"screen-reader-text\">Professores<\/span> <span class=\"meta-nav\">&rarr;<\/span><\/a><\/p>\n","protected":false},"author":182,"featured_media":0,"parent":0,"menu_order":0,"comment_status":"closed","ping_status":"closed","template":"","meta":[],"_links":{"self":[{"href":"https:\/\/cursos.unipampa.edu.br\/cursos\/ppgee\/index.php?rest_route=\/wp\/v2\/pages\/1919"}],"collection":[{"href":"https:\/\/cursos.unipampa.edu.br\/cursos\/ppgee\/index.php?rest_route=\/wp\/v2\/pages"}],"about":[{"href":"https:\/\/cursos.unipampa.edu.br\/cursos\/ppgee\/index.php?rest_route=\/wp\/v2\/types\/page"}],"author":[{"embeddable":true,"href":"https:\/\/cursos.unipampa.edu.br\/cursos\/ppgee\/index.php?rest_route=\/wp\/v2\/users\/182"}],"replies":[{"embeddable":true,"href":"https:\/\/cursos.unipampa.edu.br\/cursos\/ppgee\/index.php?rest_route=%2Fwp%2Fv2%2Fcomments&post=1919"}],"version-history":[{"count":91,"href":"https:\/\/cursos.unipampa.edu.br\/cursos\/ppgee\/index.php?rest_route=\/wp\/v2\/pages\/1919\/revisions"}],"predecessor-version":[{"id":3213,"href":"https:\/\/cursos.unipampa.edu.br\/cursos\/ppgee\/index.php?rest_route=\/wp\/v2\/pages\/1919\/revisions\/3213"}],"wp:attachment":[{"href":"https:\/\/cursos.unipampa.edu.br\/cursos\/ppgee\/index.php?rest_route=%2Fwp%2Fv2%2Fmedia&parent=1919"}],"curies":[{"name":"wp","href":"https:\/\/api.w.org\/{rel}","templated":true}]}}