
{"id":1484,"date":"2016-11-09T15:23:34","date_gmt":"2016-11-09T18:23:34","guid":{"rendered":"http:\/\/cursos.unipampa.edu.br\/cursos\/ppgee\/?page_id=1484"},"modified":"2020-08-03T10:55:11","modified_gmt":"2020-08-03T13:55:11","slug":"metrologia-optica","status":"publish","type":"page","link":"https:\/\/cursos.unipampa.edu.br\/cursos\/ppgee\/?page_id=1484","title":{"rendered":"Metrologia \u00d3ptica"},"content":{"rendered":"<p><\/p>\n<header class=\"entry-header\">\n<h1 class=\"entry-title\"><\/h1>\n<\/header>\n<div class=\"entry-content\">\n<h4>C\u00f3digo:<\/h4>\n<h4>Obrigat\u00f3ria: n\u00e3o<\/h4>\n<h4>Carga-hor\u00e1ria: 60h<\/h4>\n<h4>Cr\u00e9ditos: 4<\/h4>\n<h4><strong>Ementa:<\/strong><\/h4>\n<p>Introdu\u00e7\u00e3o aos Sistemas de Comunica\u00e7\u00f5es \u00d3pticas. Medidas de caracteriza\u00e7\u00e3o do<br \/>\ntransmissor \u00f3ptico. Medidas de pot\u00eancia \u00f3ptica. Procedimento de medi\u00e7\u00e3o da perda<br \/>\nde inser\u00e7\u00e3o de dispositivos \u00f3pticos. Procedimentos de medi\u00e7\u00e3o para caracteriza\u00e7\u00e3o da<br \/>\natenua\u00e7\u00e3o e da dispers\u00e3o do sinal \u00f3ptico. Medidas de caracteriza\u00e7\u00e3o do desempenho<br \/>\nde amplificadores \u00f3pticos. Medidas de avalia\u00e7\u00e3o de desempenho de enlaces \u00f3pticos<br \/>\nanal\u00f3gicos e digitais. Caracteriza\u00e7\u00e3o da integridade de enlaces \u00f3pticos operacionais<br \/>\nusando OTDR.<\/p>\n<h4>Bibliografia:<\/h4>\n<ul>\n<li>DERICKSON, D., Fiber Optic Test and Measurement. 1. ed. Prentice Hall, 1997.<\/li>\n<li>KEISER, G. Comunica\u00e7\u00f5es por fibras \u00f3pticas. 4. ed. McGraw-Hill, 2014.<\/li>\n<li>AGRAWAL, G. P. Sistemas de Comunica\u00e7\u00e3o por Fibra \u00d3ptica. 4. ed. Elsevier<br \/>\nacad\u00eamico, 2014.<\/li>\n<li>SENIOR, J. M. Optical Fiber Communications: Principles and Practice. 3. ed.<br \/>\nPrentice Hall, 2008.<\/li>\n<li>CEVIJETIC, M., DJORDJEVIC, I. B., Advanced Optical Communication Systems<br \/>\nand Networks, Artech House, 2013.<\/li>\n<li>CRISP, J.; Elliott, B. Introduction to Fiber Optics. 3. ed. Newnes, 2005.<\/li>\n<li>RIBEIRO, J. A. J., Comunica\u00e7\u00f5es \u00d3pticas, Erica, 2009.<\/li>\n<li>AMAZONAS, J. R. A. Projeto de sistemas de comunica\u00e7\u00f5es \u00f3pticas. 1. ed. Manole,<br \/>\n2005.<\/li>\n<\/ul>\n<\/div>\n<p><\/p>","protected":false},"excerpt":{"rendered":"<p>C\u00f3digo: Obrigat\u00f3ria: n\u00e3o Carga-hor\u00e1ria: 60h Cr\u00e9ditos: 4 Ementa: Introdu\u00e7\u00e3o aos Sistemas de Comunica\u00e7\u00f5es \u00d3pticas. Medidas de caracteriza\u00e7\u00e3o do transmissor \u00f3ptico. Medidas de pot\u00eancia \u00f3ptica. Procedimento de medi\u00e7\u00e3o da perda de inser\u00e7\u00e3o de dispositivos \u00f3pticos. Procedimentos de medi\u00e7\u00e3o para caracteriza\u00e7\u00e3o da atenua\u00e7\u00e3o e da dispers\u00e3o do sinal \u00f3ptico. Medidas de caracteriza\u00e7\u00e3o do desempenho de amplificadores \u00f3pticos. &hellip; <a href=\"https:\/\/cursos.unipampa.edu.br\/cursos\/ppgee\/?page_id=1484\" class=\"more-link\">Continue lendo <span class=\"screen-reader-text\">Metrologia \u00d3ptica<\/span> <span class=\"meta-nav\">&rarr;<\/span><\/a><\/p>\n","protected":false},"author":383,"featured_media":0,"parent":2013,"menu_order":0,"comment_status":"closed","ping_status":"closed","template":"","meta":[],"_links":{"self":[{"href":"https:\/\/cursos.unipampa.edu.br\/cursos\/ppgee\/index.php?rest_route=\/wp\/v2\/pages\/1484"}],"collection":[{"href":"https:\/\/cursos.unipampa.edu.br\/cursos\/ppgee\/index.php?rest_route=\/wp\/v2\/pages"}],"about":[{"href":"https:\/\/cursos.unipampa.edu.br\/cursos\/ppgee\/index.php?rest_route=\/wp\/v2\/types\/page"}],"author":[{"embeddable":true,"href":"https:\/\/cursos.unipampa.edu.br\/cursos\/ppgee\/index.php?rest_route=\/wp\/v2\/users\/383"}],"replies":[{"embeddable":true,"href":"https:\/\/cursos.unipampa.edu.br\/cursos\/ppgee\/index.php?rest_route=%2Fwp%2Fv2%2Fcomments&post=1484"}],"version-history":[{"count":2,"href":"https:\/\/cursos.unipampa.edu.br\/cursos\/ppgee\/index.php?rest_route=\/wp\/v2\/pages\/1484\/revisions"}],"predecessor-version":[{"id":1487,"href":"https:\/\/cursos.unipampa.edu.br\/cursos\/ppgee\/index.php?rest_route=\/wp\/v2\/pages\/1484\/revisions\/1487"}],"up":[{"embeddable":true,"href":"https:\/\/cursos.unipampa.edu.br\/cursos\/ppgee\/index.php?rest_route=\/wp\/v2\/pages\/2013"}],"wp:attachment":[{"href":"https:\/\/cursos.unipampa.edu.br\/cursos\/ppgee\/index.php?rest_route=%2Fwp%2Fv2%2Fmedia&parent=1484"}],"curies":[{"name":"wp","href":"https:\/\/api.w.org\/{rel}","templated":true}]}}