
{"id":1413,"date":"2016-06-16T10:19:56","date_gmt":"2016-06-16T13:19:56","guid":{"rendered":"http:\/\/cursos.unipampa.edu.br\/cursos\/ppgee\/?page_id=1413"},"modified":"2020-08-03T10:53:29","modified_gmt":"2020-08-03T13:53:29","slug":"sistemas-eletronicos-para-iluminacao","status":"publish","type":"page","link":"https:\/\/cursos.unipampa.edu.br\/cursos\/ppgee\/?page_id=1413","title":{"rendered":"Sistemas Eletr\u00f4nicos para Ilumina\u00e7\u00e3o"},"content":{"rendered":"<h4>C\u00f3digo: ALXXX<\/h4>\n<h4>Obrigat\u00f3ria: n\u00e3o<\/h4>\n<h4>Carga-hor\u00e1ria: 60h<\/h4>\n<h4>Cr\u00e9ditos: 4<\/h4>\n<h4><strong>Ementa:<\/strong><\/h4>\n<p>Introdu\u00e7\u00e3o e hist\u00f3rico dos sistemas de ilumina\u00e7\u00e3o artificial; Conceitos luminot\u00e9cnicos, colorim\u00e9tricos e fotom\u00e9tricos; L\u00e2mpadas de Descarga de Alta Intensidade; L\u00e2mpadas Fluorescentes; Diodos Emissores de Luz (LEDs) aplicados \u00e0 ilumina\u00e7\u00e3o; Diodos Org\u00e2nicos Emissores de Luz (OLEDs) aplicados \u00e0 ilumina\u00e7\u00e3o; Projetos luminot\u00e9cnicos; Novas tend\u00eancias em ilumina\u00e7\u00e3o.<\/p>\n<h4>Bibliografia:<\/h4>\n<ul>\n<li>IESNA-Illuminating Engineering Society of North America., <b>Lighting Handbook<\/b>, Ninth Edition , 2000.<\/li>\n<li>GROOT, J., VAN VLIET, Y J., <b>The High-Pressure Sodium Lamp<\/b>, Philips technical Library, 1986.<\/li>\n<li>SCHUBERT, Fred. E., <b>Light-Emitting Diodes<\/b>, Second Edition, Cambridge University Press, 2006.<\/li>\n<li>POLONSKII, M., SEIDEL, \u00c1. R., <b>Reatores Eletr\u00f4nicos para Ilumina\u00e7\u00e3o<\/b><br \/>\n<b>Fluorescente<\/b>, Editora UNIJUI, 2005.<\/li>\n<li>MAZZEO, M., <b>Organic Light-Emitting Diodes<\/b>, Sciyo, 2010.<\/li>\n<li>COSTA, Gilberto Jose Correa da, <b>Iluminacao economica: calculo e avaliacao <\/b>\/ 4. ed. Porto Alegre, RS : EDIPUCRS, 2013. 561 p. :<\/li>\n<li>ERICKSON, R. W., MAKSIMOVIC, D., <b>Fundamentals of Power Electronics<\/b>, Second Edition, Kluwer Academic Publishers, 2004.<\/li>\n<\/ul>\n","protected":false},"excerpt":{"rendered":"<p>C\u00f3digo: ALXXX Obrigat\u00f3ria: n\u00e3o Carga-hor\u00e1ria: 60h Cr\u00e9ditos: 4 Ementa: Introdu\u00e7\u00e3o e hist\u00f3rico dos sistemas de ilumina\u00e7\u00e3o artificial; Conceitos luminot\u00e9cnicos, colorim\u00e9tricos e fotom\u00e9tricos; L\u00e2mpadas de Descarga de Alta Intensidade; L\u00e2mpadas Fluorescentes; Diodos Emissores de Luz (LEDs) aplicados \u00e0 ilumina\u00e7\u00e3o; Diodos Org\u00e2nicos Emissores de Luz (OLEDs) aplicados \u00e0 ilumina\u00e7\u00e3o; Projetos luminot\u00e9cnicos; Novas tend\u00eancias em ilumina\u00e7\u00e3o. Bibliografia: IESNA-Illuminating &hellip; <a href=\"https:\/\/cursos.unipampa.edu.br\/cursos\/ppgee\/?page_id=1413\" class=\"more-link\">Continue lendo <span class=\"screen-reader-text\">Sistemas Eletr\u00f4nicos para Ilumina\u00e7\u00e3o<\/span> <span class=\"meta-nav\">&rarr;<\/span><\/a><\/p>\n","protected":false},"author":383,"featured_media":0,"parent":2013,"menu_order":0,"comment_status":"closed","ping_status":"closed","template":"","meta":[],"_links":{"self":[{"href":"https:\/\/cursos.unipampa.edu.br\/cursos\/ppgee\/index.php?rest_route=\/wp\/v2\/pages\/1413"}],"collection":[{"href":"https:\/\/cursos.unipampa.edu.br\/cursos\/ppgee\/index.php?rest_route=\/wp\/v2\/pages"}],"about":[{"href":"https:\/\/cursos.unipampa.edu.br\/cursos\/ppgee\/index.php?rest_route=\/wp\/v2\/types\/page"}],"author":[{"embeddable":true,"href":"https:\/\/cursos.unipampa.edu.br\/cursos\/ppgee\/index.php?rest_route=\/wp\/v2\/users\/383"}],"replies":[{"embeddable":true,"href":"https:\/\/cursos.unipampa.edu.br\/cursos\/ppgee\/index.php?rest_route=%2Fwp%2Fv2%2Fcomments&post=1413"}],"version-history":[{"count":1,"href":"https:\/\/cursos.unipampa.edu.br\/cursos\/ppgee\/index.php?rest_route=\/wp\/v2\/pages\/1413\/revisions"}],"predecessor-version":[{"id":1414,"href":"https:\/\/cursos.unipampa.edu.br\/cursos\/ppgee\/index.php?rest_route=\/wp\/v2\/pages\/1413\/revisions\/1414"}],"up":[{"embeddable":true,"href":"https:\/\/cursos.unipampa.edu.br\/cursos\/ppgee\/index.php?rest_route=\/wp\/v2\/pages\/2013"}],"wp:attachment":[{"href":"https:\/\/cursos.unipampa.edu.br\/cursos\/ppgee\/index.php?rest_route=%2Fwp%2Fv2%2Fmedia&parent=1413"}],"curies":[{"name":"wp","href":"https:\/\/api.w.org\/{rel}","templated":true}]}}