
{"id":1050,"date":"2014-08-04T13:57:52","date_gmt":"2014-08-04T16:57:52","guid":{"rendered":"http:\/\/cursos.unipampa.edu.br\/cursos\/ppgee\/?page_id=1050"},"modified":"2020-08-03T10:55:53","modified_gmt":"2020-08-03T13:55:53","slug":"metodologia-da-pesquisa","status":"publish","type":"page","link":"https:\/\/cursos.unipampa.edu.br\/cursos\/ppgee\/?page_id=1050&lang=en","title":{"rendered":"Metodologia da Pesquisa"},"content":{"rendered":"<h4>C\u00f3digo:<\/h4>\n<h4>Obrigat\u00f3ria: n\u00e3o<\/h4>\n<h4>Carga-hor\u00e1ria: 60h<\/h4>\n<h4>Cr\u00e9ditos: 4<\/h4>\n<h4><strong>Ementa:<\/strong><\/h4>\n<p><span style=\"font-family: Arial,sans-serif\"><span style=\"font-size: small\">Desenvolvimento da pesquisa t\u00e9cnico-cient\u00edfica em n\u00edvel de mestrado acad\u00eamico<\/span><\/span><\/p>\n<h4>Bibliografia:<\/h4>\n<ul>\n<li><span style=\"font-family: Arial,sans-serif\"><span style=\"font-size: small\">WAZLAWICK, R. S. <\/span><\/span><span style=\"font-family: Arial,sans-serif\"><span style=\"font-size: small\"><b>Metodologia de pesquisa para ci\u00eancia da computa\u00e7\u00e3o<\/b><\/span><\/span><span style=\"font-family: Arial,sans-serif\"><span style=\"font-size: small\">. Rio de Janeiro, RJ: Campus, 2009.<\/span><\/span><\/li>\n<li><span style=\"font-family: Arial,sans-serif\"><span style=\"font-size: small\">ANDRADE MARCONI, M. de; LAKATOS, E. M. <\/span><\/span><span style=\"font-family: Arial,sans-serif\"><span style=\"font-size: small\"><b>Metodologia do trabalho cient\u00edfico<\/b><\/span><\/span><span style=\"font-family: Arial,sans-serif\"><span style=\"font-size: small\">: procedimentos b\u00e1sicos, pesquisa bibliogr\u00e1fica, projeto e relatoria, publica\u00e7\u00e3o<\/span><\/span><span style=\"font-family: Arial,sans-serif\"><span style=\"font-size: small\">e trabalhos cient\u00edficos. S\u00e3o Paulo, SP: Atlas, 2007.<\/span><\/span><\/li>\n<li><span style=\"font-family: LMRoman12-Regular\"><span style=\"font-size: small\">BOOTH, W. C.; COLOMB, G. G.; WILLIAMS, J. M. <\/span><\/span><span style=\"font-family: LMRoman12-Bold\"><span style=\"font-size: small\"><b>A arte da pesquisa<\/b><\/span><\/span><span style=\"font-family: LMRoman12-Regular\"><span style=\"font-size: small\">. 2.ed. S\u00e3o Paulo, SP: Martin Fontes, 2005.<\/span><\/span><\/li>\n<li><span style=\"font-family: LMRoman12-Regular\"><span style=\"font-size: small\">BARROS NETO, B. de; SPACINO, I.; BRUNS, R. E. <\/span><\/span><span style=\"font-family: LMRoman12-Bold\"><span style=\"font-size: small\"><b>Como fazer experimentos<\/b><\/span><\/span><span style=\"font-family: LMRoman12-Regular\"><span style=\"font-size: small\">: pesquisa e desenvolvimento na ci\u00eancia e na ind\u00fastria. 4.ed. Porto Alegre, RS: Bookman, 2010.<\/span><\/span><\/li>\n<li><span style=\"font-family: LMRoman12-Regular\"><span style=\"font-size: small\">Artigos do Portal de Peri\u00f3dicos da CAPES.<\/span><\/span><\/li>\n<\/ul>\n","protected":false},"excerpt":{"rendered":"<p>C\u00f3digo: Obrigat\u00f3ria: n\u00e3o Carga-hor\u00e1ria: 60h Cr\u00e9ditos: 4 Ementa: Desenvolvimento da pesquisa t\u00e9cnico-cient\u00edfica em n\u00edvel de mestrado acad\u00eamico Bibliografia: WAZLAWICK, R. S. Metodologia de pesquisa para ci\u00eancia da computa\u00e7\u00e3o. Rio de Janeiro, RJ: Campus, 2009. ANDRADE MARCONI, M. de; LAKATOS, E. M. Metodologia do trabalho cient\u00edfico: procedimentos b\u00e1sicos, pesquisa bibliogr\u00e1fica, projeto e relatoria, publica\u00e7\u00e3oe trabalhos cient\u00edficos. &hellip; <a href=\"https:\/\/cursos.unipampa.edu.br\/cursos\/ppgee\/?page_id=1050&#038;lang=en\" class=\"more-link\">Continue reading <span class=\"screen-reader-text\">Metodologia da Pesquisa<\/span> <span class=\"meta-nav\">&rarr;<\/span><\/a><\/p>\n","protected":false},"author":146,"featured_media":0,"parent":2013,"menu_order":0,"comment_status":"open","ping_status":"closed","template":"","meta":[],"_links":{"self":[{"href":"https:\/\/cursos.unipampa.edu.br\/cursos\/ppgee\/index.php?rest_route=\/wp\/v2\/pages\/1050"}],"collection":[{"href":"https:\/\/cursos.unipampa.edu.br\/cursos\/ppgee\/index.php?rest_route=\/wp\/v2\/pages"}],"about":[{"href":"https:\/\/cursos.unipampa.edu.br\/cursos\/ppgee\/index.php?rest_route=\/wp\/v2\/types\/page"}],"author":[{"embeddable":true,"href":"https:\/\/cursos.unipampa.edu.br\/cursos\/ppgee\/index.php?rest_route=\/wp\/v2\/users\/146"}],"replies":[{"embeddable":true,"href":"https:\/\/cursos.unipampa.edu.br\/cursos\/ppgee\/index.php?rest_route=%2Fwp%2Fv2%2Fcomments&post=1050"}],"version-history":[{"count":2,"href":"https:\/\/cursos.unipampa.edu.br\/cursos\/ppgee\/index.php?rest_route=\/wp\/v2\/pages\/1050\/revisions"}],"predecessor-version":[{"id":1347,"href":"https:\/\/cursos.unipampa.edu.br\/cursos\/ppgee\/index.php?rest_route=\/wp\/v2\/pages\/1050\/revisions\/1347"}],"up":[{"embeddable":true,"href":"https:\/\/cursos.unipampa.edu.br\/cursos\/ppgee\/index.php?rest_route=\/wp\/v2\/pages\/2013"}],"wp:attachment":[{"href":"https:\/\/cursos.unipampa.edu.br\/cursos\/ppgee\/index.php?rest_route=%2Fwp%2Fv2%2Fmedia&parent=1050"}],"curies":[{"name":"wp","href":"https:\/\/api.w.org\/{rel}","templated":true}]}}