
{"id":9,"date":"2012-04-23T19:45:09","date_gmt":"2012-04-23T22:45:09","guid":{"rendered":"http:\/\/cursos.unipampa.edu.br\/cursos\/ppgcf\/linhas-de-pesquisa\/"},"modified":"2026-03-16T17:37:33","modified_gmt":"2026-03-16T20:37:33","slug":"linhas-de-pesquisa","status":"publish","type":"page","link":"https:\/\/cursos.unipampa.edu.br\/cursos\/ppgcf\/es\/linhas-de-pesquisa\/","title":{"rendered":"L\u00edneas de investigaci\u00f3n y \u00e1reas de concentraci\u00f3n"},"content":{"rendered":"<p><\/p>\n<ol>\n<li><strong>Desarrollo y control de calidad de f\u00e1rmacos, medicamentos y cosm\u00e9ticos.<\/strong><\/li>\n<\/ol>\n<p>Esta l\u00ednea de investigaci\u00f3n propone realizar actividades de investigaci\u00f3n en el \u00e1rea de desarrollo y control de calidad de ingredientes farmac\u00e9uticos de origen natural y sint\u00e9tico, medicamentos y cosm\u00e9ticos de uso humano y\/o veterinario. Los investigadores implicados en esta l\u00ednea de investigaci\u00f3n tienen experiencia en el desarrollo de productos nanotecnol\u00f3gicos, desarrollo y validaci\u00f3n de metodolog\u00edas anal\u00edticas, estudios de disponibilidad in vitro, aplicaci\u00f3n de herramientas quimiom\u00e9tricas y m\u00e9todos de calibraci\u00f3n multivariante en la cuantificaci\u00f3n de sustancias de uso terap\u00e9utico, estudios de estabilidad y caracterizaci\u00f3n fisicoqu\u00edmica de insumos, f\u00e1rmacos, medicamentos y cosm\u00e9ticos.<\/p>\n<ol start=\"2\">\n<li><strong>Obtenci\u00f3n y evaluaci\u00f3n de las propiedades qu\u00edmicas y biol\u00f3gicas de compuestos bioactivos e ingredientes farmac\u00e9uticos.<\/strong><\/li>\n<\/ol>\n<p>Esta l\u00ednea de investigaci\u00f3n tiene como objetivo obtener, identificar y evaluar la actividad biol\u00f3gica y t\u00f3xica de productos naturales, compuestos bioactivos e ingredientes farmac\u00e9uticos de uso humano y\/o veterinario, as\u00ed como estudiar sus propiedades fisicoqu\u00edmicas e investigar su influencia en la actividad biol\u00f3gica. Los investigadores implicados en esta l\u00ednea tienen experiencia en las actividades propuestas como la obtenci\u00f3n de compuestos bioactivos, la evaluaci\u00f3n de compuestos de origen natural, la realizaci\u00f3n de estudios de relaci\u00f3n estructura- actividad, la investigaci\u00f3n de la actividad microbiol\u00f3gica y antiinflamatoria, los efectos cardiovasculares, el estr\u00e9s oxidativo, in vitro e in vivo, la presi\u00f3n arterial y el sistema nervioso central en animales de experimentaci\u00f3n.<\/p>","protected":false},"excerpt":{"rendered":"<p>Desarrollo y control de calidad de f\u00e1rmacos, medicamentos y cosm\u00e9ticos. Esta l\u00ednea de investigaci\u00f3n propone realizar actividades de investigaci\u00f3n en el \u00e1rea de desarrollo y control de calidad de ingredientes farmac\u00e9uticos de origen natural y sint\u00e9tico, medicamentos y cosm\u00e9ticos de uso humano y\/o veterinario. Los investigadores implicados en esta l\u00ednea de investigaci\u00f3n tienen experiencia en &hellip; <a href=\"https:\/\/cursos.unipampa.edu.br\/cursos\/ppgcf\/es\/linhas-de-pesquisa\/\" class=\"more-link\">Continue reading <span class=\"screen-reader-text\">L\u00edneas de investigaci\u00f3n y \u00e1reas de concentraci\u00f3n<\/span> <span class=\"meta-nav\">&rarr;<\/span><\/a><\/p>\n","protected":false},"author":181,"featured_media":0,"parent":0,"menu_order":2,"comment_status":"open","ping_status":"closed","template":"","meta":[],"_links":{"self":[{"href":"https:\/\/cursos.unipampa.edu.br\/cursos\/ppgcf\/es\/wp-json\/wp\/v2\/pages\/9"}],"collection":[{"href":"https:\/\/cursos.unipampa.edu.br\/cursos\/ppgcf\/es\/wp-json\/wp\/v2\/pages"}],"about":[{"href":"https:\/\/cursos.unipampa.edu.br\/cursos\/ppgcf\/es\/wp-json\/wp\/v2\/types\/page"}],"author":[{"embeddable":true,"href":"https:\/\/cursos.unipampa.edu.br\/cursos\/ppgcf\/es\/wp-json\/wp\/v2\/users\/181"}],"replies":[{"embeddable":true,"href":"https:\/\/cursos.unipampa.edu.br\/cursos\/ppgcf\/es\/wp-json\/wp\/v2\/comments?post=9"}],"version-history":[{"count":31,"href":"https:\/\/cursos.unipampa.edu.br\/cursos\/ppgcf\/es\/wp-json\/wp\/v2\/pages\/9\/revisions"}],"predecessor-version":[{"id":4585,"href":"https:\/\/cursos.unipampa.edu.br\/cursos\/ppgcf\/es\/wp-json\/wp\/v2\/pages\/9\/revisions\/4585"}],"wp:attachment":[{"href":"https:\/\/cursos.unipampa.edu.br\/cursos\/ppgcf\/es\/wp-json\/wp\/v2\/media?parent=9"}],"curies":[{"name":"wp","href":"https:\/\/api.w.org\/{rel}","templated":true}]}}