
{"id":626,"date":"2014-01-14T17:49:16","date_gmt":"2014-01-14T19:49:16","guid":{"rendered":"http:\/\/cursos.unipampa.edu.br\/cursos\/ppgcf\/?page_id=626"},"modified":"2024-08-05T11:53:12","modified_gmt":"2024-08-05T14:53:12","slug":"publicacoes","status":"publish","type":"page","link":"https:\/\/cursos.unipampa.edu.br\/cursos\/ppgcf\/es\/publicacoes\/","title":{"rendered":"10. Publicaciones"},"content":{"rendered":"<p><\/p>\n<p><p><b>2014<\/b><\/p>\n<p><b>Mendez, A.S.L.<\/b>; Cassol, J.P.E.; de Camargo, V.B.; <strong>Malesuik, M.D<\/strong>.; <strong>Garcia, C.V<\/strong>. Quantitative determination of paliperidone in OROS tablets by derivative spectrophotometric method application in extraction and comparison to HPLC. Current Analytical Chemistry, v. 10, p. 158-165, 2014.<\/p>\n<p>Barin, J.S.; Piccoloto, R.S.; Goldschmidt, F.; <b>Silva, F.E.B<\/b>.; <b>Paula, F.R.<\/b>; Flores, \u00c9.M.M. Determination of Toxic Elements in Tricyclic Active Pharmaceutical Ingredients by ICP-MS: A Critical Study of Digestion Methods. Journal of Analytical Atomic Spectrometry (Print), v. 29, p. 352-358, 2014.<\/p>\n<p>Melo, E. B.; Moura, S.; <b>Paula, F. R.<\/b> Molecular modelling and quantitative structure-activity relationship studies of anatoxin-a and epibatidine derivatives with affinity to rodent nAChR receptors. <i>Chemical Papers (Online<\/i>), v. 68, p. i, 2014. doi: 10.2478\/s11696-014-0545-7.<b><\/b><\/p>\n<p><b>Paim, C. S.<\/b>; Fuhr, F.; Miron, D. S.; Steppe, M.; Schapoval, E. E. S.\u00a0 Highly Selective Colorimetric Method to Determine Gemifloxacin Mesylate in the Presence of a Synthetic Impurity. <i>Journal of AOAC International<\/i>, v. 97, p. 94-98, 2014.<\/p>\n<p><b>Paim, C. S.<\/b>; Fuhr, F.; Todeschini, V.; Steppe, M.; Schapoval, E. E. S. Simultaneous analysis of gemifloxacin mesylate and its main synthetic impurity by an optimized capillary zone electrophoretic method. <i>Analytical Methods (Print)<\/i>, v. 6, p. 1657-1665, 2014.<\/p>\n<p><b>Paim, C. S.<\/b>; Ara\u00fajo, B. V.; Volpato, N. M. ; Steppe, M.; Schapoval, E. E. S. Gemifloxacin mesylate (GFM): dissolution test based on <i>in vivo<\/i> data. <i>Drug Development and Industrial Pharmacy<\/i>, v. p. 1-6, 2014. doi:10.3109\/03639045.2014.884128.<\/p>\n<p>Ara\u00fajo, B. V.; <b>Haas, S. E.<\/b>; Blatt, V. C.; Costa, T. D. Animal models os systemic candidiasis designed for pharmacokinetics studies. <i>Latin American Journal of Pharmacy<\/i>, v. 32, p. 1552-1557, 2014.<\/p>\n<p>Torres, B. G. S.; Uch\u00f4a, F. D.; Pigatto, M.; Johansson, F. A.; <b>Haas, S. E.<\/b>; Dallegrave, E.; Canto, R. F.; Eifler-Lima, V.; Costa, T. D. Pre-Clinical Pharmacokinetics and Acute Toxicological Evaluation of a Monastrol Derivative Anticancer Candidate LaSOM 65 in Rats. <i>Xenobiotica (London. Print)<\/i>, v. 44, n. 3, p. 254-263, 2014. doi: 10.3109\/00498254.2013.822131..<\/p>\n<p><b>\u00a0<\/b><\/p>\n<p><b>2013<\/b><\/p>\n<p><b>Piccoli, J.C.E.<\/b>; Manfredini, V.; Faoro, D.; <b>Farias, F. M.<\/b>; Bodanese, L. C.; Bogo, M. R. Association between endothelial nitric oxide synthase gene polymorphism (-786T&gt;C) and interleukin-6 in acute coronary syndrome. <i>Human &amp; Experimental Toxicology<\/i>, v. 8, p. 1, 2013.<\/p>\n<p>Sayago, C.; de Camargo, V.; <strong>Barbosa, F<\/strong>.; Gularte, C. ; Pereira, G. C.; Miotto, S.; Cechinel Filho, V.; Puntel, R.; Folmer, V.; <b>Mendez, A. S. L.<\/b> Chemical composition and in vitro antioxidant activity of hydro-ethanolic extracts from Bauhinia forficata subsp. pruinosa and Bauhinia variegata. Acta Biologica Hungarica (Print), v. 64, p. 21-33, 2013.<\/p>\n<p>Fuhr, F.; Paliosa, P.; Costa, M.; <strong>Garcia, C.V<\/strong>.; Schapoval, E.; Steppe, M.; <b>Mendez, A.S.L<\/b>. Bioassay applied to quantitative determination of doripenem in powder for injection: degradation kinetics and comparison to HPLC and CE methods. Current Pharmaceutical Analysis, v. 9, p. 244-251, 2013.<\/p>\n<p>Soares, M.B.; Izaguirry, A.P.; Vargas, L.M.; <b>Mendez, A. S. L.<\/b>; Spiazzi, C.C.; Santos, F.W. Catechins are not major components responsible for the beneficial effect of Camellia sinensis on the ovarian -ALA-D activity inhibited by cadmium. Food and Chemical Toxicology, v. 55, p. 463-469, 2013.<\/p>\n<p>Salgueiro, A.; Leal, C.; Bianchini, M.; Prado, I.; <b>Mendez, A.S.L<\/b>.; Puntel, R.; Folmer, V.; Soares, F.A.A.; \u00c1vila, D.S.; Puntel, G. The influence of Bauhinia forficata Link subsp. pruinosa tea on lipid peroxidation and non-protein SH groups in human erythrocytes exposed to high glucose concentrations. Journal of Ethnopharmacology, v. 148, p. 81-87, 2013.<\/p>\n<p>Bittencourt, L.; Machado, D.C.; <b>Machado, M.M.<\/b>; Santos, G.F.F.; Algarve, T.; Marinowic, D.R.; Ribeiro, E.E.; Soares, F.A.A.; Barbisan, F.; Athayde, M.; Cruz, I.B.M. The In Vitro Protective Effects of Guaran\u00e1 (Paullinia cupana) On Fiblroblast NIH-3T3 Cell Exposed to Sodium Nitroprusside. Food and Chemical Toxicology, v. 53, p. 119-125, 2013.<\/p>\n<p>Viegas, C. R.; <b>Mendez, A.S.L.<\/b> Avalia\u00e7\u00e3o preliminar da estabilidade de emuls\u00f5es n\u00e3o i\u00f4nicas contendo \u00e1cido k\u00f3jico a 2,0 % manipuladas em farm\u00e1cias magistrais. Infarma (Bras\u00edlia), v. 25, p. 193-198, 2013.<\/p>\n<p>Schmatz, R.; Mann, T.; Spanevello, R.; <b>Machado, M.M.<\/b>; Zanini, D.; Pimentel, V.C.; Stefanello, N.; Martins, C.C.; Cardoso, A. M.; Bagatini, M.; Gutierres, J.; Leal, A.M.C.; Pereira, L.B.; Mazzanti, C.; Schetinger, M.R.; Morsch, V.M. Moderate red wine and grape juice consumption modulate the hydrolysis of the adenine nucleotides and decrease platelet aggregation in streptozotocin-induced diabetic rats. Cell Biochemistry and Biophysics, v. 65, p. 129-143, 2013.<\/p>\n<p>Bolignon, A.; Mahke, J.D.; <b>Machado, M.M.<\/b>; Athayde, M. Composition of the essential oil of Lam. leaves from Brazil. Natural Product Research (Print), v. 27, p. 1319-1322, 2013.<\/p>\n<p>De Brum, T.; Zadra, M.; Piana, M.; Bolignon, A.; Fr\u00f6hlich, J.; De Freitas, R.; Stefanello, S.; Froeder, A.; Belke, B.; Nunes, L.; Jesus, R.S.; <b>Machado, M.M.<\/b>; Rocha, J.T.; Soares, F.; Athayde, M. HPLC Analysis of Phenolics Compounds and Antioxidant Capacity of Leaves of Vitex megapotamica (Sprengel) Moldenke. Molecules (Basel. Online), v. 18, p. 8342-8357, 2013.<\/p>\n<p>Spiazzi, C. C.; Manfredini, V.; <b>Silva, F.E.B.<\/b>; Flores, E.M.M.; Izagurry, A.P.; Soares, M.B.; Santos, F.W. \u03b3-Oryzanol protects against acute cadmium-induced oxidative damage in mice testes. Food and Chemical Toxicology, 2013.<\/p>\n<p>Roman, J.; <strong>Garcia, C.V<\/strong>.; <b>Mendez, A.S.L.;<\/b> <b>Silva, F.E.B.<\/b> Development and evaluation of tablets from spray dried extract of yerba mate (<i>Ilex paraguariensis<\/i> st. HIL A). Revista Cubana de Farmacia (Impresa), 2013.<\/p>\n<p><b>Silva, F. E.B.<\/b>; Kaefer, C. L.; <strong>Becker, N<\/strong>.; <strong>Barbosa, F.S<\/strong>.; Picoloto, R. S.; Barin, J. S.; Flores, E.M.M. Innovative use of microwave radiation in forced degradation of azol pharmaceutical. Revista Brasileira de Farm\u00e1cia \/ Brazilian Journal of Pharmacy, 2013.<\/p>\n<p>Giacomel, C. B.; Dartora, G.; Diefenthaeler, H.S.; <b>Haas, S. E.<\/b> Investigation on the use of expired make-up and microbiological contamination of mascaras. International Journal of Cosmetic Science (Print), 35(4):375-80, 2013.<\/p>\n<p>Andrade, C.; Araujo, B.; <b>Haas, S. E.<\/b>; Costa, T.D. Compara\u00e7\u00e3o metab\u00f3lica entre animais e humanos dos principais anticonvulsivantes usados na pr\u00e1tica cl\u00ednica. Revista Brasileira de Farmacia, v. 94, p. 321-330, 2013.<\/p>\n<p>Santos, K.T.; Lima B.G.; Tietbohl, L.A.C.; Fernandes, C. P.; Sant&#8217;Anna, L.S.; Bressa, P.A.C.; <b>Moreira, C. M.<\/b>; Rocha L. Effects of essential oil from leaves of Eugenia sulcata Spring ex Mart. (Myrtaceae) on hemodynamic parameters of Wistar rats. Latin American Journal of Pharmacy, 2013.<\/p>\n<p>Det\u00f3fano, D.; Teixeira, M.L.; <b>Oliveira, L.F.S.<\/b>; Fuentefria, A. M. Evaluation of toxicity risks in farmers exposed to pesticides in an agricultural community in Conc\u00f3rdia, Santa Catarina State, Brazil. Acta Scientiarum. Health Sciences (Online), v. 35, p. 111-118, 2013.<\/p>\n<p>Schrekker, H.S.; Fuentefria, A. M.; Keitel, R.; Bergamo, V.; <b>Oliveira, L. F. S.;<\/b> <b>Machado, M.M<\/b>. Imidazolium salts as antifungal agents: activity against emerging yeast pathogens, without human leukocyte toxicity. MedChemComm, v. 4, p. 1457-1460, 2013.<\/p>\n<p>\u00a0<\/p>\n<p><b>2012<\/b>.<\/p>\n<p>Mantovani, L. Sayago, C.; de Camargo, V.B.; Silveira, V.; Garcia, C.; Schapoval, E.; <b>MENDEZ, A.S.L.<\/b> Stability-indicating RP-HPLC Method for Analysis of the Antibiotic Doripenem in Pharmaceutical Formulation Comparison to UV Spectrophotometry and Microbiological Assay. Acta Chromatographica, v. 24, p. 367-382, 2012.<\/p>\n<p>Garcia, C\u00e1ssia. V.; Costa, Gislaine R.; <b>Mendez, A.S.L.<\/b> . Stability-Indicating HPLC Method for Posaconazole Bulk Assay. Scientia Pharmaceutica, v. 80, p. 317-327, 2012.<\/p>\n<p>Barbosa, F.; Mantovani, L.; Garcia, C\u00e1ssia V.; <b>Mendez, A.S.L. <\/b>Studies on Paliperidone in OROS Tablets: Extraction Procedure and Chromatographic Analysis. ISRN Chromatography, v. 2012, p. 1-9, 2012.<\/p>\n<p>Boligon, A. A.; Sagrillo, M.; Machado, L. F.; Souza-Filho, O.; <b>Machado, M. M.<\/b>; Cruz, I. B. M.; Athayde, M. L. Protective effect of extracts and flavonoids isolated of Scutia buxifolia Reissek on chromosomes damage in human lymphocytes exposed to hydrogen peroxide.. Molecules (Basel. Online), v. 17, p. 5757-5769, 2012.<\/p>\n<p>Zadra, M.; Piana, M.; Brum, T.F.; Boligon, A.A.; Freitas, R. B.; <b>Machado, M. M.<\/b>; Stefanello, S. T.; Soares, F. A. A.; Athayde, M. L. Antioxidant Activity and Phytochemical Composition of the Leaves of Solanum guaraniticum A. St.-Hil. Molecules (Basel. Online), v. 17, p. 12560-12574, 2012.<\/p>\n<p>Brondani, V. N.; <b>Machado, M. M.<\/b>; oliveira, L. F. S. Autoimmune Hepatitis: Pathophysiology, Diagnosis and Pharmacological Therapy. Current Immunology Reviews, v. 8, p. 268-274, 2012.<\/p>\n<p>Tietbohl, L. A. C., Lima, B. G., Fernandes, C. P., Santos, M. G., <b>Silva, F. E.B.<\/b>, Denardin, E. G., Bachinski, R., Alves, G. G., Silva-Filho, M. V., Rocha, L. Comparative Study and Anticholinesterasic Evaluationof Essential Oils from Leaves, Stems and Flowers of Myrciaria floribunda (H.West ex Willd.) O. Berg. Acta Farmaceutica Bonaerense. v.31, p.637 &#8211; 641, 2012.<\/p>\n<p>Muller, A. L. H., Picoloto, R. S., Ferr\u00e3o, M. F., <b>Silva, F. E.B.<\/b>, Ferr\u00e3o, M. F., M\u00fcller, E. I., Flores, \u00c9. M. M. Simultaneous diffuse reflectance infrared determination of clavulanic acid and amoxicillin using multivariate calibration techniques. Drug Testing Analysis, v.4, p.500 &#8211; 506, 2012.<\/p>\n<p><b>Farias, F. M<\/b>.; Passos, C. P.; Arbo, M.D.; Barros, D.M.; Gottfried, C.; Steffen, V.M.; Henriques, A.<b> <\/b>Strictosidinic acid, isolated from Psychotria myriantha Mull. Arg. (Rubiaceae), decreases serotonin levels in rat hippocampus. Fitoterapia, v. 83, p. 1138-1143, 2012.<\/p>\n<p><b>Malesuik, M.D.<\/b>; Gon\u00e7alves, H.M.L.; Garcia, C.V.; Trein, M.R.; Nardi, N.; Schapoval, E.; Steppe, M. Identification, characterization and cytotoxicity in vitro assay of nitazoxanide major degradation product. Talanta (Oxford), v. 93, p. 206-211, 2012.<\/p>\n<p>Angeli, F.S.; Caramori, P.R.A.; <b>Piccoli, J.C.E<\/b>.; Danzmann, L.C.; Magedanz, E.H.; Bertaso, A.; \u00a0Drechsler, C.E.R.; Busato, S.; Anacker, J.A.; da Silva, N.; Garicochea, B.; Machado, D.C.; Bodanese, L.C. Autologus transplantation of mononuclear bone marrow cells after acute myocardial infarction: A PILOT study. International Journal of Cardiology (Print). , v.158, p.449 &#8211; 450, 2012.<\/p>\n<p><b>Piccoli, J.C.E<\/b>.; Manfredini, V.; Hamester, F.I.; Bandinelli, J.B.; Turkienicz, I.M.; Chies, J.A.B.; Peres, A.; Bodanese, L.C.; Bogo, M.R. Interaction between Endothelial Nitric Oxide Synthase Gene Polymorphisms (-86T&gt;C, 894G&gt;T and Intron 4 a\/b) and Cardiovascular Risk Factors in Acute Coronary Syndromes. Archives of Medical Research. , v.43, p.205 &#8211; 211, 2012.<\/p>\n<p>Santos, G.S.; Pereira, G.G.; Bender, E.A.; Carvalho, D.C.M., Weissmuller, G.; <b>Colom\u00e9, L.M.<\/b>; Guterres, S.S. Desenvolvimento e caracteriza\u00e7\u00e3o de nanopart\u00edculas lip\u00eddicas destinadas \u00e0 aplica\u00e7\u00e3o t\u00f3pica de dapsona. Qu\u00edmica Nova, v.35, p.1388 &#8211; 1394, 2012.<\/p>\n<p>Bender, E.A.; Adorne, M.D.; <b>Colom\u00e9, L.M.<\/b>; Abdalla, D.S.P.; Guterres, S.S.; Pohlmann, A.R. Hemocompatibility of poly(e-caprolactone) lipid-core nanocapsules stabilized with polysorbate 80-lecithin and uncoated or coated with chitosan. International Journal of Pharmaceutics, v. 426, p. 271 &#8211; 279, 2012.<\/p>\n<p><b>Moreira, C.M.<\/b>; Meira, E.F.; Vestena, L.; Stefanon, I.; Vassallo, D.V.; Padilha, A.S. Tension cost correlates mechanical and biochemical parameters in different myocardial contractility condition. Clinics (USP, Impresso), v. 67, p. 489-496, 2012.<\/p>\n<p>Figueiredo, M.; Wendt, E.W.; Santos, H.T.; <b>Moreira, C.M.<\/b> Levantamento sazonal de parasitos em caixas de areia nas escolas municipais de educa\u00e7\u00e3o infantil em Uruguaiana, RS, Brasil.. Revista de Patologia Tropical (Impresso), v. 41, p. 36-46, 2012.<\/p>\n<\/p>\n<p><\/p>","protected":false},"excerpt":{"rendered":"<p>2014 Mendez, A.S.L.; Cassol, J.P.E.; de Camargo, V.B.; Malesuik, M.D.; Garcia, C.V. Quantitative determination of paliperidone in OROS tablets by derivative spectrophotometric method application in extraction and comparison to HPLC. Current Analytical Chemistry, v. 10, p. 158-165, 2014. Barin, J.S.; Piccoloto, R.S.; Goldschmidt, F.; Silva, F.E.B.; Paula, F.R.; Flores, \u00c9.M.M. Determination of Toxic Elements in &hellip; <a href=\"https:\/\/cursos.unipampa.edu.br\/cursos\/ppgcf\/es\/publicacoes\/\" class=\"more-link\">Continue reading <span class=\"screen-reader-text\">10. Publicaciones<\/span> <span class=\"meta-nav\">&rarr;<\/span><\/a><\/p>\n","protected":false},"author":155,"featured_media":0,"parent":0,"menu_order":10,"comment_status":"open","ping_status":"closed","template":"","meta":[],"_links":{"self":[{"href":"https:\/\/cursos.unipampa.edu.br\/cursos\/ppgcf\/es\/wp-json\/wp\/v2\/pages\/626"}],"collection":[{"href":"https:\/\/cursos.unipampa.edu.br\/cursos\/ppgcf\/es\/wp-json\/wp\/v2\/pages"}],"about":[{"href":"https:\/\/cursos.unipampa.edu.br\/cursos\/ppgcf\/es\/wp-json\/wp\/v2\/types\/page"}],"author":[{"embeddable":true,"href":"https:\/\/cursos.unipampa.edu.br\/cursos\/ppgcf\/es\/wp-json\/wp\/v2\/users\/155"}],"replies":[{"embeddable":true,"href":"https:\/\/cursos.unipampa.edu.br\/cursos\/ppgcf\/es\/wp-json\/wp\/v2\/comments?post=626"}],"version-history":[{"count":41,"href":"https:\/\/cursos.unipampa.edu.br\/cursos\/ppgcf\/es\/wp-json\/wp\/v2\/pages\/626\/revisions"}],"predecessor-version":[{"id":4318,"href":"https:\/\/cursos.unipampa.edu.br\/cursos\/ppgcf\/es\/wp-json\/wp\/v2\/pages\/626\/revisions\/4318"}],"wp:attachment":[{"href":"https:\/\/cursos.unipampa.edu.br\/cursos\/ppgcf\/es\/wp-json\/wp\/v2\/media?parent=626"}],"curies":[{"name":"wp","href":"https:\/\/api.w.org\/{rel}","templated":true}]}}