
{"id":6,"date":"2012-04-23T19:45:58","date_gmt":"2012-04-23T22:45:58","guid":{"rendered":"http:\/\/cursos.unipampa.edu.br\/cursos\/ppgcf\/?page_id=6"},"modified":"2025-08-06T15:56:31","modified_gmt":"2025-08-06T18:56:31","slug":"corpo-docente","status":"publish","type":"page","link":"https:\/\/cursos.unipampa.edu.br\/cursos\/ppgcf\/es\/corpo-docente\/","title":{"rendered":"Equipo de Profesores"},"content":{"rendered":"<p><strong>L\u00ednea de Investigaci\u00f3n 1 \u2013 Desarrollo y control de calidad de f\u00e1rmacos, medicamentos y cosm\u00e9ticos.<\/strong><strong>Miembros permanentes:<\/strong><\/p>\n<p>Prof. Dr. Cl\u00e9sio Soldateli Paim \u2013\u00a0\u00a0<a href=\"http:\/\/lattes.cnpq.br\/0120736228044122\" target=\"_blank\" rel=\"noopener noreferrer\"><em>Link Curr\u00edculo Lattes<\/em><\/a><\/p>\n<p>Prof. Dr. Eduardo Andr\u00e9 Bender \u2013\u00a0\u00a0<a href=\"http:\/\/lattes.cnpq.br\/1814676097078820\" target=\"_blank\" rel=\"noopener noreferrer\"><em>Link Curr\u00edculo Lattes<\/em><\/a><\/p>\n<p>Prof\u00aa. Dr\u00aa. Fabiana Ernestina Barcellos da Silva \u2013\u00a0\u00a0<a href=\"http:\/\/lattes.cnpq.br\/3992443023418750\" target=\"_blank\" rel=\"noopener noreferrer\"><em>Link Curr\u00edculo Lattes<\/em><\/a><\/p>\n<p>Prof. Dr. Juliano Smanioto Barin \u2013\u00a0\u00a0<a href=\"http:\/\/lattes.cnpq.br\/7545847424095994\" target=\"_blank\" rel=\"noopener noreferrer\"><em>Link Curr\u00edculo Lattes<\/em><\/a><\/p>\n<p>Prof\u00aa. Dr\u00aa. Let\u00edcia Marques Colom\u00e9 \u2013\u00a0\u00a0<a href=\"http:\/\/lattes.cnpq.br\/8800974824747213\" target=\"_blank\" rel=\"noopener noreferrer\"><em>Link Curr\u00edculo Lattes<\/em><\/a><\/p>\n<p>Prof. Dr. Marcelo Donadel Malesuik \u2013\u00a0\u00a0<a href=\"http:\/\/lattes.cnpq.br\/8153279253583982\" target=\"_blank\" rel=\"noopener noreferrer\"><em>Link Curr\u00edculo Lattes<\/em><\/a><\/p>\n<p>Prof\u00aa. Dr\u00aa. Sandra Elisa Haas \u2013\u00a0\u00a0<a href=\"http:\/\/lattes.cnpq.br\/9814152155074530\" target=\"_blank\" rel=\"noopener noreferrer\"><em>Link Curr\u00edculo Lattes<\/em><\/a><\/p>\n<p>Prof. Dr. Rodrigo Jos\u00e9 Freddo \u2013\u00a0<a href=\"http:\/\/lattes.cnpq.br\/9118206539574994\"><em>Link Curr\u00edculo Lattes<\/em><\/a><\/p>\n<p><strong><em>L\u00ednea de Investigaci\u00f3n 2 &#8211; Recopilaci\u00f3n y evaluaci\u00f3n de las propiedades qu\u00edmicas y biol\u00f3gicas de los compuestos bioactivos e ingredientes farmac\u00e9uticos.<\/em><\/strong><\/p>\n<p>Prof. Dr Augusto Gonzaga Oliveira de Freitas<em>\u00a0\u2013\u00a0<a href=\"http:\/\/lattes.cnpq.br\/2698783509266261\">Link Curr\u00edculo Lattes<\/a><\/em><\/p>\n<p>Prof\u00aa. Dr\u00aa. Cheila Denise Ottonelli Stopiglia\u00a0<a href=\"http:\/\/lattes.cnpq.br\/5400708933813339\">\u2013\u00a0<em>Link Curr\u00edculo Lattes\u00a0<\/em><\/a><\/p>\n<p>Prof\u00aa. Dr\u00aa. Fabiane Moreira Farias \u2013\u00a0\u00a0<a href=\"http:\/\/lattes.cnpq.br\/5421615151521751\" target=\"_blank\" rel=\"noopener noreferrer\"><em>Link Curr\u00edculo Lattes<\/em><\/a><\/p>\n<p>Prof. Dr. Favero Reisdorfer Paula \u2013\u00a0\u00a0<a href=\"http:\/\/lattes.cnpq.br\/4455461576886254\" target=\"_blank\" rel=\"noopener noreferrer\"><em>Link Curr\u00edculo Lattes<\/em><\/a><\/p>\n<p>Prof. Dr. Elton Luis Gasparotto Denardin \u2013\u00a0\u2013\u00a0\u00a0<a href=\"http:\/\/lattes.cnpq.br\/6758699828667193\" target=\"_blank\" rel=\"noopener noreferrer\"><em>Link Curr\u00edculo Lattes<\/em><\/a><\/p>\n<p>Prof. Dr. Juliano Braun de Azeredo \u2013\u00a0<a href=\"http:\/\/lattes.cnpq.br\/6704567679943812\" target=\"_blank\" rel=\"noopener\"><em>Link Curr\u00edculo Lattes<\/em><\/a><\/p>\n<p>Prof. Dr. Michel Mansur Machado \u2013\u00a0<a href=\"http:\/\/lattes.cnpq.br\/7651341120825287\">Link Curr\u00edculo Lattes<\/a><\/p>\n<p>&nbsp;<\/p>","protected":false},"excerpt":{"rendered":"<p>L\u00ednea de Investigaci\u00f3n 1 \u2013 Desarrollo y control de calidad de f\u00e1rmacos, medicamentos y cosm\u00e9ticos.Miembros permanentes: Prof. Dr. Cl\u00e9sio Soldateli Paim \u2013\u00a0\u00a0Link Curr\u00edculo Lattes Prof. Dr. Eduardo Andr\u00e9 Bender \u2013\u00a0\u00a0Link Curr\u00edculo Lattes Prof\u00aa. Dr\u00aa. Fabiana Ernestina Barcellos da Silva \u2013\u00a0\u00a0Link Curr\u00edculo Lattes Prof. Dr. Juliano Smanioto Barin \u2013\u00a0\u00a0Link Curr\u00edculo Lattes Prof\u00aa. Dr\u00aa. Let\u00edcia Marques Colom\u00e9 &hellip; <a href=\"https:\/\/cursos.unipampa.edu.br\/cursos\/ppgcf\/es\/corpo-docente\/\" class=\"more-link\">Continue reading <span class=\"screen-reader-text\">Equipo de Profesores<\/span> <span class=\"meta-nav\">&rarr;<\/span><\/a><\/p>\n","protected":false},"author":155,"featured_media":0,"parent":0,"menu_order":8,"comment_status":"open","ping_status":"closed","template":"","meta":[],"_links":{"self":[{"href":"https:\/\/cursos.unipampa.edu.br\/cursos\/ppgcf\/es\/wp-json\/wp\/v2\/pages\/6"}],"collection":[{"href":"https:\/\/cursos.unipampa.edu.br\/cursos\/ppgcf\/es\/wp-json\/wp\/v2\/pages"}],"about":[{"href":"https:\/\/cursos.unipampa.edu.br\/cursos\/ppgcf\/es\/wp-json\/wp\/v2\/types\/page"}],"author":[{"embeddable":true,"href":"https:\/\/cursos.unipampa.edu.br\/cursos\/ppgcf\/es\/wp-json\/wp\/v2\/users\/155"}],"replies":[{"embeddable":true,"href":"https:\/\/cursos.unipampa.edu.br\/cursos\/ppgcf\/es\/wp-json\/wp\/v2\/comments?post=6"}],"version-history":[{"count":93,"href":"https:\/\/cursos.unipampa.edu.br\/cursos\/ppgcf\/es\/wp-json\/wp\/v2\/pages\/6\/revisions"}],"predecessor-version":[{"id":4480,"href":"https:\/\/cursos.unipampa.edu.br\/cursos\/ppgcf\/es\/wp-json\/wp\/v2\/pages\/6\/revisions\/4480"}],"wp:attachment":[{"href":"https:\/\/cursos.unipampa.edu.br\/cursos\/ppgcf\/es\/wp-json\/wp\/v2\/media?parent=6"}],"curies":[{"name":"wp","href":"https:\/\/api.w.org\/{rel}","templated":true}]}}