
{"id":4589,"date":"2026-03-16T17:42:25","date_gmt":"2026-03-16T20:42:25","guid":{"rendered":"https:\/\/cursos.unipampa.edu.br\/cursos\/ppgcf\/?page_id=4589"},"modified":"2026-03-16T17:46:54","modified_gmt":"2026-03-16T20:46:54","slug":"2026-1","status":"publish","type":"page","link":"https:\/\/cursos.unipampa.edu.br\/cursos\/ppgcf\/es\/2026-1\/","title":{"rendered":"(Portugu\u00eas) 2026.1"},"content":{"rendered":"<p class=\"qtranxs-available-languages-message qtranxs-available-languages-message-es\">Disculpa, pero esta entrada est\u00e1 disponible s\u00f3lo en <a href=\"https:\/\/cursos.unipampa.edu.br\/cursos\/ppgcf\/pt\/wp-json\/wp\/v2\/pages\/4589\" class=\"qtranxs-available-language-link qtranxs-available-language-link-pt\" title=\"Portugu\u00eas\">Portugu\u00e9s De Brasil<\/a>.<\/p>","protected":false},"excerpt":{"rendered":"<p>Disculpa, pero esta entrada est\u00e1 disponible s\u00f3lo en Portugu\u00e9s De Brasil.<\/p>\n","protected":false},"author":1127,"featured_media":0,"parent":0,"menu_order":0,"comment_status":"closed","ping_status":"closed","template":"","meta":[],"_links":{"self":[{"href":"https:\/\/cursos.unipampa.edu.br\/cursos\/ppgcf\/es\/wp-json\/wp\/v2\/pages\/4589"}],"collection":[{"href":"https:\/\/cursos.unipampa.edu.br\/cursos\/ppgcf\/es\/wp-json\/wp\/v2\/pages"}],"about":[{"href":"https:\/\/cursos.unipampa.edu.br\/cursos\/ppgcf\/es\/wp-json\/wp\/v2\/types\/page"}],"author":[{"embeddable":true,"href":"https:\/\/cursos.unipampa.edu.br\/cursos\/ppgcf\/es\/wp-json\/wp\/v2\/users\/1127"}],"replies":[{"embeddable":true,"href":"https:\/\/cursos.unipampa.edu.br\/cursos\/ppgcf\/es\/wp-json\/wp\/v2\/comments?post=4589"}],"version-history":[{"count":2,"href":"https:\/\/cursos.unipampa.edu.br\/cursos\/ppgcf\/es\/wp-json\/wp\/v2\/pages\/4589\/revisions"}],"predecessor-version":[{"id":4593,"href":"https:\/\/cursos.unipampa.edu.br\/cursos\/ppgcf\/es\/wp-json\/wp\/v2\/pages\/4589\/revisions\/4593"}],"wp:attachment":[{"href":"https:\/\/cursos.unipampa.edu.br\/cursos\/ppgcf\/es\/wp-json\/wp\/v2\/media?parent=4589"}],"curies":[{"name":"wp","href":"https:\/\/api.w.org\/{rel}","templated":true}]}}