
{"id":4428,"date":"2025-03-13T18:14:36","date_gmt":"2025-03-13T21:14:36","guid":{"rendered":"https:\/\/cursos.unipampa.edu.br\/cursos\/ppgcf\/?page_id=4428"},"modified":"2025-08-06T16:29:48","modified_gmt":"2025-08-06T19:29:48","slug":"grupos-de-pesquisa","status":"publish","type":"page","link":"https:\/\/cursos.unipampa.edu.br\/cursos\/ppgcf\/es\/grupos-de-pesquisa\/","title":{"rendered":"Grupos de Investigaci\u00f3n"},"content":{"rendered":"<p><strong>Centro de Investigaci\u00f3n de Drogas y Medicamentos:<\/strong> Este grupo de investigaci\u00f3n incluye a los siguientes investigadores: Fabiana Ernestina Barcellos da Silva, Cl\u00e9sio Soldateli Paim, F\u00e1vero Reisdorfer Paula, Marcelo Donadel Malesuik, Jos\u00e9 Luiz Portela (becario postdoctoral PPGCF) y Juliano Braun de Azeredo. El grupo est\u00e1 actualmente dirigido por el Prof. F\u00e1vero R. Paula, y las actividades del grupo se llevan a cabo en los siguientes laboratorios de UNIPAMPA-Campus Uruguaiana: Laboratorio de Desarrollo y Control de Calidad; Laboratorio de Estudios F\u00edsico- Qu\u00edmicos y Productos Naturales (LEFQPN); Laboratorio de Farmacotecnia y Tecnolog\u00eda Farmac\u00e9utica; Laboratorio de Farmacognosia y Qu\u00edmica Org\u00e1nica; Laboratorio de Control de Calidad de F\u00e1rmacos y Medicamentos y Qu\u00edmica Farmac\u00e9utica y Medicinal.<\/p>\n<p><strong>Grupo de Investigaci\u00f3n en Nanobiotecnolog\u00eda y Nanotoxicolog\u00eda:<\/strong> Este grupo de investigaci\u00f3n incluye a los investigadores Let\u00edcia Marques Colom\u00e9, Sandra Elisa Haas y Eduardo Andr\u00e9 Bender. Actualmente est\u00e1 liderado por la Prof. Let\u00edcia M Colom\u00e9, y las actividades del grupo se desarrollan en los siguientes laboratorios de UNIPAMPA, Campus Uruguaiana: Laboratorio de Nanobiotecnolog\u00eda; Laboratorio de Farmacolog\u00eda, BIOPAMPA; Laboratorio de Farmacotecnia y Tecnolog\u00eda Farmac\u00e9utica.<\/p>\n<p><strong>Laboratorio de Farmacolog\u00eda y Farmacometr\u00eda (LABFAR):<\/strong> Este grupo de investigaci\u00f3n incluye a los investigadores Sandra Elisa Haas, Fernando Olinto Carre\u00f1o (GlaxoSmithKline\/USA), Graziela de Araujo Lock (UFRGS) y Rodrigo Jos\u00e9 Freddo. El grupo est\u00e1 actualmente dirigido por la Prof. Sandra Elisa Haas y sus actividades se llevan a cabo en los siguientes laboratorios de la UNIPAMPA, Campus Uruguaiana: Laboratorio de Nanobiotecnolog\u00eda; Laboratorio de Farmacolog\u00eda, BIOPAMPA; Laboratorio de Farmacotecnia y Tecnolog\u00eda Farmac\u00e9utica.<\/p>\n<p><strong>Grupo de Investigaci\u00f3n en Estudios F\u00edsico-Qu\u00edmicos y Productos Naturales:<\/strong> Este grupo de investigaci\u00f3n incluye a los siguientes investigadores: Elton Luis Gasparotto Denardin, Fabiana Ernestina Barcellos da Silva, F\u00e1vero Reisdorfer Paula y Fabiane Moreira Farias. El grupo est\u00e1 actualmente dirigido por el Prof. Elton Denardin y sus actividades se llevan a cabo en los siguientes laboratorios de UNIPAMPA, Campus Uruguaiana: Laboratorio de Estudios F\u00edsico-Qu\u00edmicos y Productos Naturales (LEFQPN).<\/p>\n<p><strong>Laboratorio de Pol\u00edmeros y Nanomateriales (LPNano):<\/strong> Este grupo de investigaci\u00f3n incluye a los siguientes investigadores: Augusto G. O de Freitas, Caroline Jaskulski Rupp, Caroline Raquel Bender (UFSM), Magali Kemmerich (UFFS, Campus Erechim) y Patr\u00edcia Foletto (UFFS, Campus Cerro Largo). El grupo est\u00e1 dirigido actualmente por el profesor Augusto G. O. de Freitas. O. de Freitas, y las actividades del grupo se llevan a cabo en los siguientes laboratorios de UNIPAMPA- Campus Itaqui y otros laboratorios vinculados a instituciones asociadas.<\/p>\n<p><strong>Grupo de Investigaci\u00f3n en Compuestos Bioactivos y Tecnolog\u00edas Alternativas en Productos Vegetales (VegeTalBio):<\/strong> El grupo est\u00e1 actualmente dirigido por el Prof. Juliano S. Barin, y las actividades del grupo se llevan a cabo en los laboratorios de la UFSM vinculados al PPG CTA.<\/p>\n<p>&nbsp;<\/p>","protected":false},"excerpt":{"rendered":"<p>Centro de Investigaci\u00f3n de Drogas y Medicamentos: Este grupo de investigaci\u00f3n incluye a los siguientes investigadores: Fabiana Ernestina Barcellos da Silva, Cl\u00e9sio Soldateli Paim, F\u00e1vero Reisdorfer Paula, Marcelo Donadel Malesuik, Jos\u00e9 Luiz Portela (becario postdoctoral PPGCF) y Juliano Braun de Azeredo. El grupo est\u00e1 actualmente dirigido por el Prof. F\u00e1vero R. Paula, y las actividades &hellip; <a href=\"https:\/\/cursos.unipampa.edu.br\/cursos\/ppgcf\/es\/grupos-de-pesquisa\/\" class=\"more-link\">Continue reading <span class=\"screen-reader-text\">Grupos de Investigaci\u00f3n<\/span> <span class=\"meta-nav\">&rarr;<\/span><\/a><\/p>\n","protected":false},"author":952,"featured_media":0,"parent":0,"menu_order":0,"comment_status":"closed","ping_status":"closed","template":"","meta":[],"_links":{"self":[{"href":"https:\/\/cursos.unipampa.edu.br\/cursos\/ppgcf\/es\/wp-json\/wp\/v2\/pages\/4428"}],"collection":[{"href":"https:\/\/cursos.unipampa.edu.br\/cursos\/ppgcf\/es\/wp-json\/wp\/v2\/pages"}],"about":[{"href":"https:\/\/cursos.unipampa.edu.br\/cursos\/ppgcf\/es\/wp-json\/wp\/v2\/types\/page"}],"author":[{"embeddable":true,"href":"https:\/\/cursos.unipampa.edu.br\/cursos\/ppgcf\/es\/wp-json\/wp\/v2\/users\/952"}],"replies":[{"embeddable":true,"href":"https:\/\/cursos.unipampa.edu.br\/cursos\/ppgcf\/es\/wp-json\/wp\/v2\/comments?post=4428"}],"version-history":[{"count":2,"href":"https:\/\/cursos.unipampa.edu.br\/cursos\/ppgcf\/es\/wp-json\/wp\/v2\/pages\/4428\/revisions"}],"predecessor-version":[{"id":4492,"href":"https:\/\/cursos.unipampa.edu.br\/cursos\/ppgcf\/es\/wp-json\/wp\/v2\/pages\/4428\/revisions\/4492"}],"wp:attachment":[{"href":"https:\/\/cursos.unipampa.edu.br\/cursos\/ppgcf\/es\/wp-json\/wp\/v2\/media?parent=4428"}],"curies":[{"name":"wp","href":"https:\/\/api.w.org\/{rel}","templated":true}]}}