
{"id":4424,"date":"2025-03-13T18:06:54","date_gmt":"2025-03-13T21:06:54","guid":{"rendered":"https:\/\/cursos.unipampa.edu.br\/cursos\/ppgcf\/?page_id=4424"},"modified":"2025-08-06T16:37:30","modified_gmt":"2025-08-06T19:37:30","slug":"extensao","status":"publish","type":"page","link":"https:\/\/cursos.unipampa.edu.br\/cursos\/ppgcf\/es\/extensao\/","title":{"rendered":"Extensi\u00f3n"},"content":{"rendered":"<p><\/p>\n<ul>\n<li>El dopaje y sus riesgos para la salud<\/li>\n<li>Compartir informaci\u00f3n sobre la salud de las personas mayores a trav\u00e9s de los medios electr\u00f3nicos<\/li>\n<li>Desmitificaci\u00f3n de innovaciones terap\u00e9uticas de inter\u00e9s social: divulgaci\u00f3n de nuevos f\u00e1rmacos, sustancias terap\u00e9uticas y tratamientos innovadores a la comunidad<\/li>\n<li>La educaci\u00f3n sanitaria como estrategia para promover la salud de las personas mayores<\/li>\n<li>Farmacomundo<\/li>\n<li>Fotoeducaci\u00f3n: Promoci\u00f3n del uso del protector solar y prevenci\u00f3n del c\u00e1ncer de piel<\/li>\n<li>Gu\u00eda para la correcta conservaci\u00f3n de los medicamentos en la farmacia dom\u00e9stica<\/li>\n<li>Gu\u00eda para el uso racional de medicamentos humanos utilizados en veterinaria<\/li>\n<li>Radioeducaci\u00f3n: di\u00e1logo con la comunidad<\/li>\n<li>Unicosm\u00e9tica: un proyecto de UNIPAMPA de educaci\u00f3n sanitaria y divulgaci\u00f3n cient\u00edfica centrado en los productos cosm\u00e9ticos<\/li>\n<li>Uso de las redes sociales como herramienta de promoci\u00f3n de la salud<\/li>\n<\/ul>\n<p><\/p>","protected":false},"excerpt":{"rendered":"<p>El dopaje y sus riesgos para la salud Compartir informaci\u00f3n sobre la salud de las personas mayores a trav\u00e9s de los medios electr\u00f3nicos Desmitificaci\u00f3n de innovaciones terap\u00e9uticas de inter\u00e9s social: divulgaci\u00f3n de nuevos f\u00e1rmacos, sustancias terap\u00e9uticas y tratamientos innovadores a la comunidad La educaci\u00f3n sanitaria como estrategia para promover la salud de las personas mayores &hellip; <a href=\"https:\/\/cursos.unipampa.edu.br\/cursos\/ppgcf\/es\/extensao\/\" class=\"more-link\">Continue reading <span class=\"screen-reader-text\">Extensi\u00f3n<\/span> <span class=\"meta-nav\">&rarr;<\/span><\/a><\/p>\n","protected":false},"author":952,"featured_media":0,"parent":0,"menu_order":0,"comment_status":"closed","ping_status":"closed","template":"","meta":[],"_links":{"self":[{"href":"https:\/\/cursos.unipampa.edu.br\/cursos\/ppgcf\/es\/wp-json\/wp\/v2\/pages\/4424"}],"collection":[{"href":"https:\/\/cursos.unipampa.edu.br\/cursos\/ppgcf\/es\/wp-json\/wp\/v2\/pages"}],"about":[{"href":"https:\/\/cursos.unipampa.edu.br\/cursos\/ppgcf\/es\/wp-json\/wp\/v2\/types\/page"}],"author":[{"embeddable":true,"href":"https:\/\/cursos.unipampa.edu.br\/cursos\/ppgcf\/es\/wp-json\/wp\/v2\/users\/952"}],"replies":[{"embeddable":true,"href":"https:\/\/cursos.unipampa.edu.br\/cursos\/ppgcf\/es\/wp-json\/wp\/v2\/comments?post=4424"}],"version-history":[{"count":2,"href":"https:\/\/cursos.unipampa.edu.br\/cursos\/ppgcf\/es\/wp-json\/wp\/v2\/pages\/4424\/revisions"}],"predecessor-version":[{"id":4495,"href":"https:\/\/cursos.unipampa.edu.br\/cursos\/ppgcf\/es\/wp-json\/wp\/v2\/pages\/4424\/revisions\/4495"}],"wp:attachment":[{"href":"https:\/\/cursos.unipampa.edu.br\/cursos\/ppgcf\/es\/wp-json\/wp\/v2\/media?parent=4424"}],"curies":[{"name":"wp","href":"https:\/\/api.w.org\/{rel}","templated":true}]}}