
{"id":4407,"date":"2025-03-13T17:44:31","date_gmt":"2025-03-13T20:44:31","guid":{"rendered":"https:\/\/cursos.unipampa.edu.br\/cursos\/ppgcf\/?page_id=4407"},"modified":"2025-08-06T16:36:22","modified_gmt":"2025-08-06T19:36:22","slug":"eventos","status":"publish","type":"page","link":"https:\/\/cursos.unipampa.edu.br\/cursos\/ppgcf\/es\/eventos\/","title":{"rendered":"Eventos"},"content":{"rendered":"<p><\/p>\n<ul>\n<li>El IV Simposio Integrado de los PPGs de la UNIPAMPA &#8211; Campus Uruguaiana, fue un evento organizado por el PPGCF en noviembre de 2023, con la cooperaci\u00f3n de los otros cuatro PPGs con sede en Uruguaiana: PPG en Ciencias Farmac\u00e9uticas, PPG en Ciencia Animal, PPG en Bioqu\u00edmica y PPG en Ciencias Fisiol\u00f3gicas. Este evento permiti\u00f3 al PPGCF dar a conocer su trabajo a la comunidad uruguaya, dando mayor visibilidad regional a sus actividades. El programa incluy\u00f3 conferencias y talleres, y la presentaci\u00f3n de 200 trabajos en forma de res\u00famenes y presentaciones orales. Cabe destacar que en la previa del Simposio, se realiz\u00f3 una conferencia a cargo de la Profesora Dra. Elena Maria Mallmann, de la UFSM, en el Teatro Municipal de la ciudad, sobre el tema \u00abDemocratizaci\u00f3n de la educaci\u00f3n mediada por las tecnolog\u00edas\u00bb, a la que fueron invitados docentes de escuelas primarias y secundarias municipales y estaduales de Uruguaiana y la regi\u00f3n.<\/li>\n<li>VI Simposio Gaucho de Innovaci\u00f3n en Salud \u00ab<em>OneHealth<\/em> &#8211; Integraci\u00f3n e Innovaci\u00f3n en Respuesta al Cambio Clim\u00e1tico\u00bb, que tuvo lugar entre los d\u00edas 3 y 5 de diciembre de 2024, bajo la coordinaci\u00f3n general de la Prof. Sandra Elisa Haas. El evento abarc\u00f3 una serie de conferencias, mesas redondas, talleres y actividades interactivas que explorar\u00e1n temas cruciales para el desarrollo de soluciones innovadoras en salud p\u00fablica, incluyendo la relaci\u00f3n entre la salud humana, animal y ambiental, as\u00ed como las implicaciones del cambio clim\u00e1tico en este contexto. El simposio cont\u00f3 con ponentes de renombre y expertos en la materia, adem\u00e1s de presentar oportunidades para el desarrollo de nuevas ideas a trav\u00e9s de paneles sobre emprendimiento acad\u00e9mico, innovaci\u00f3n e investigaci\u00f3n cient\u00edfica (https:\/<a href=\"http:\/\/www.jornalcidade.net.br\/noticias\/geral\/_simposio_de_inovacao_em_saude_v\">\/www.jornalcidade.net.br\/noticias\/geral\/_simposio_de_inovacao_em_saude_v<\/a> ai_discutir_mudancas_climaticas_.622703).<\/li>\n<\/ul>\n<p><\/p>","protected":false},"excerpt":{"rendered":"<p>El IV Simposio Integrado de los PPGs de la UNIPAMPA &#8211; Campus Uruguaiana, fue un evento organizado por el PPGCF en noviembre de 2023, con la cooperaci\u00f3n de los otros cuatro PPGs con sede en Uruguaiana: PPG en Ciencias Farmac\u00e9uticas, PPG en Ciencia Animal, PPG en Bioqu\u00edmica y PPG en Ciencias Fisiol\u00f3gicas. Este evento permiti\u00f3 &hellip; <a href=\"https:\/\/cursos.unipampa.edu.br\/cursos\/ppgcf\/es\/eventos\/\" class=\"more-link\">Continue reading <span class=\"screen-reader-text\">Eventos<\/span> <span class=\"meta-nav\">&rarr;<\/span><\/a><\/p>\n","protected":false},"author":952,"featured_media":0,"parent":0,"menu_order":0,"comment_status":"closed","ping_status":"closed","template":"","meta":[],"_links":{"self":[{"href":"https:\/\/cursos.unipampa.edu.br\/cursos\/ppgcf\/es\/wp-json\/wp\/v2\/pages\/4407"}],"collection":[{"href":"https:\/\/cursos.unipampa.edu.br\/cursos\/ppgcf\/es\/wp-json\/wp\/v2\/pages"}],"about":[{"href":"https:\/\/cursos.unipampa.edu.br\/cursos\/ppgcf\/es\/wp-json\/wp\/v2\/types\/page"}],"author":[{"embeddable":true,"href":"https:\/\/cursos.unipampa.edu.br\/cursos\/ppgcf\/es\/wp-json\/wp\/v2\/users\/952"}],"replies":[{"embeddable":true,"href":"https:\/\/cursos.unipampa.edu.br\/cursos\/ppgcf\/es\/wp-json\/wp\/v2\/comments?post=4407"}],"version-history":[{"count":3,"href":"https:\/\/cursos.unipampa.edu.br\/cursos\/ppgcf\/es\/wp-json\/wp\/v2\/pages\/4407\/revisions"}],"predecessor-version":[{"id":4494,"href":"https:\/\/cursos.unipampa.edu.br\/cursos\/ppgcf\/es\/wp-json\/wp\/v2\/pages\/4407\/revisions\/4494"}],"wp:attachment":[{"href":"https:\/\/cursos.unipampa.edu.br\/cursos\/ppgcf\/es\/wp-json\/wp\/v2\/media?parent=4407"}],"curies":[{"name":"wp","href":"https:\/\/api.w.org\/{rel}","templated":true}]}}