
{"id":43,"date":"2014-12-11T19:58:20","date_gmt":"2014-12-11T21:58:20","guid":{"rendered":"http:\/\/cursos.unipampa.edu.br\/cursos\/ppgcf\/?page_id=43"},"modified":"2025-07-09T13:56:33","modified_gmt":"2025-07-09T16:56:33","slug":"apresentacao","status":"publish","type":"page","link":"https:\/\/cursos.unipampa.edu.br\/cursos\/ppgcf\/es\/","title":{"rendered":"1. Presentaci\u00f3n"},"content":{"rendered":"<p><\/p>\n<p>El Programa de Posgrado en Ciencias Farmac\u00e9uticas (PPGCF), nivel de Maestr\u00eda, fue creado y aprobado por resoluci\u00f3n del Consejo Universitario de la Universidad Federal de Pampa en 2011. El PPGCF ha logrado el reconocimiento a trav\u00e9s del n\u00famero 601 de la Ordenanza del Ministerio de Educaci\u00f3n brasilero en el 09 de julio de 2013 e inici\u00f3 sus actividades en el segundo semestre de 2012.<\/p>\n<p>El PPGCF de la UNIPAMPA cuenta con un grupo de investigadores cualificados que trabajan en \u00e1reas de investigaci\u00f3n como productos naturales, qu\u00edmica medic\u00ednale, farmacocin\u00e9tica, farmacodinamia, farmacogen\u00e9tica, toxicolog\u00eda, inmunolog\u00eda, biolog\u00eda molecular, el desarrollo y control calidad de los insumos, los productos farmac\u00e9uticos innovadores y cosm\u00e9ticos y nanotecnolog\u00eda. La investigaci\u00f3n est\u00e1 relacionada con la obtenci\u00f3n de mol\u00e9culas de inter\u00e9s terap\u00e9utico a partir de fuentes naturales o sint\u00e9ticas, la evaluaci\u00f3n de su potencial toxicidad y actividad biol\u00f3gica. Estas acciones incluyen todo el proceso comprendido en el desarrollo de f\u00e1rmacos, desde el descubrimiento\/dise\u00f1o de nuevas mol\u00e9culas hasta la obtenci\u00f3n de las formas farmac\u00e9uticas.<\/p>\n<p>Adem\u00e1s el PPGCF presenta aspectos diferenciales en el desarrollo de sus actividades relacionadas con el estudio de las materias primas y los compuestos bioactivos derivados del \u00a0Bioma Pampa, en el Sur de Brasil, y su uso como insumo para el desarrollo de productos farmac\u00e9uticos; y el estudio de drogas, medicamentos y cosm\u00e9ticos de uso humano y veterinario procedentes de pa\u00edses del MERCOSUR.<\/p>\n<p>Los principales objetivos del Programa son desarrollar el conocimiento t\u00e9cnico y cient\u00edfico de alta calidad en el campo de las Ciencias Farmac\u00e9uticas; capacitar personal cient\u00edfico de alto nivel para promover el desarrollo de la investigaci\u00f3n y<span style=\"color: #000000\"> la ense\u00f1anza en el pa\u00eds y en el Mercosur; <\/span>contribuir al desarrollo regional y nacional.<\/p>\n<p>&nbsp;<\/p>\n<p><a href=\"http:\/\/cursos.unipampa.edu.br\/cursos\/ppgcf\/files\/2014\/12\/Logo-do-PPGCF.jpg\"><img decoding=\"async\" loading=\"lazy\" class=\"wp-image-845 size-medium alignleft\" src=\"http:\/\/cursos.unipampa.edu.br\/cursos\/ppgcf\/files\/2014\/12\/Logo-do-PPGCF-219x300.jpg\" alt=\"Logo do PPGCF\" width=\"219\" height=\"300\" srcset=\"https:\/\/cursos.unipampa.edu.br\/cursos\/ppgcf\/files\/2014\/12\/Logo-do-PPGCF-219x300.jpg 219w, https:\/\/cursos.unipampa.edu.br\/cursos\/ppgcf\/files\/2014\/12\/Logo-do-PPGCF.jpg 246w\" sizes=\"(max-width: 219px) 100vw, 219px\" \/><\/a><a href=\"http:\/\/cursos.unipampa.edu.br\/cursos\/ppgcf\/files\/2014\/12\/Logo-da-Capes.jpg\"><img decoding=\"async\" loading=\"lazy\" class=\"size-medium wp-image-1013 alignleft\" src=\"http:\/\/cursos.unipampa.edu.br\/cursos\/ppgcf\/files\/2014\/12\/Logo-da-Capes-300x255.jpg\" alt=\"Logo da Capes\" width=\"300\" height=\"255\" srcset=\"https:\/\/cursos.unipampa.edu.br\/cursos\/ppgcf\/files\/2014\/12\/Logo-da-Capes-300x255.jpg 300w, https:\/\/cursos.unipampa.edu.br\/cursos\/ppgcf\/files\/2014\/12\/Logo-da-Capes-1024x870.jpg 1024w, https:\/\/cursos.unipampa.edu.br\/cursos\/ppgcf\/files\/2014\/12\/Logo-da-Capes.jpg 1288w\" sizes=\"(max-width: 300px) 100vw, 300px\" \/><\/a><\/p>\n<p><\/p>","protected":false},"excerpt":{"rendered":"<p>El Programa de Posgrado en Ciencias Farmac\u00e9uticas (PPGCF), nivel de Maestr\u00eda, fue creado y aprobado por resoluci\u00f3n del Consejo Universitario de la Universidad Federal de Pampa en 2011. El PPGCF ha logrado el reconocimiento a trav\u00e9s del n\u00famero 601 de la Ordenanza del Ministerio de Educaci\u00f3n brasilero en el 09 de julio de 2013 e &hellip; <a href=\"https:\/\/cursos.unipampa.edu.br\/cursos\/ppgcf\/es\/\" class=\"more-link\">Continue reading <span class=\"screen-reader-text\">1. Presentaci\u00f3n<\/span> <span class=\"meta-nav\">&rarr;<\/span><\/a><\/p>\n","protected":false},"author":471,"featured_media":0,"parent":0,"menu_order":1,"comment_status":"open","ping_status":"closed","template":"","meta":[],"_links":{"self":[{"href":"https:\/\/cursos.unipampa.edu.br\/cursos\/ppgcf\/es\/wp-json\/wp\/v2\/pages\/43"}],"collection":[{"href":"https:\/\/cursos.unipampa.edu.br\/cursos\/ppgcf\/es\/wp-json\/wp\/v2\/pages"}],"about":[{"href":"https:\/\/cursos.unipampa.edu.br\/cursos\/ppgcf\/es\/wp-json\/wp\/v2\/types\/page"}],"author":[{"embeddable":true,"href":"https:\/\/cursos.unipampa.edu.br\/cursos\/ppgcf\/es\/wp-json\/wp\/v2\/users\/471"}],"replies":[{"embeddable":true,"href":"https:\/\/cursos.unipampa.edu.br\/cursos\/ppgcf\/es\/wp-json\/wp\/v2\/comments?post=43"}],"version-history":[{"count":61,"href":"https:\/\/cursos.unipampa.edu.br\/cursos\/ppgcf\/es\/wp-json\/wp\/v2\/pages\/43\/revisions"}],"predecessor-version":[{"id":4465,"href":"https:\/\/cursos.unipampa.edu.br\/cursos\/ppgcf\/es\/wp-json\/wp\/v2\/pages\/43\/revisions\/4465"}],"wp:attachment":[{"href":"https:\/\/cursos.unipampa.edu.br\/cursos\/ppgcf\/es\/wp-json\/wp\/v2\/media?parent=43"}],"curies":[{"name":"wp","href":"https:\/\/api.w.org\/{rel}","templated":true}]}}