
{"id":4071,"date":"2023-02-10T13:43:43","date_gmt":"2023-02-10T16:43:43","guid":{"rendered":"https:\/\/cursos.unipampa.edu.br\/cursos\/ppgcf\/?page_id=4071"},"modified":"2024-03-04T18:33:04","modified_gmt":"2024-03-04T21:33:04","slug":"informes-2023","status":"publish","type":"page","link":"https:\/\/cursos.unipampa.edu.br\/cursos\/ppgcf\/es\/informes-2023\/","title":{"rendered":"(Portugu\u00eas) Informes 2023"},"content":{"rendered":"<p class=\"qtranxs-available-languages-message qtranxs-available-languages-message-es\">Disculpa, pero esta entrada est\u00e1 disponible s\u00f3lo en <a href=\"https:\/\/cursos.unipampa.edu.br\/cursos\/ppgcf\/pt\/wp-json\/wp\/v2\/pages\/4071\" class=\"qtranxs-available-language-link qtranxs-available-language-link-pt\" title=\"Portugu\u00eas\">Portugu\u00e9s De Brasil<\/a>.<\/p>","protected":false},"excerpt":{"rendered":"<p>Disculpa, pero esta entrada est\u00e1 disponible s\u00f3lo en Portugu\u00e9s De Brasil.<\/p>\n","protected":false},"author":736,"featured_media":0,"parent":0,"menu_order":0,"comment_status":"closed","ping_status":"closed","template":"","meta":[],"_links":{"self":[{"href":"https:\/\/cursos.unipampa.edu.br\/cursos\/ppgcf\/es\/wp-json\/wp\/v2\/pages\/4071"}],"collection":[{"href":"https:\/\/cursos.unipampa.edu.br\/cursos\/ppgcf\/es\/wp-json\/wp\/v2\/pages"}],"about":[{"href":"https:\/\/cursos.unipampa.edu.br\/cursos\/ppgcf\/es\/wp-json\/wp\/v2\/types\/page"}],"author":[{"embeddable":true,"href":"https:\/\/cursos.unipampa.edu.br\/cursos\/ppgcf\/es\/wp-json\/wp\/v2\/users\/736"}],"replies":[{"embeddable":true,"href":"https:\/\/cursos.unipampa.edu.br\/cursos\/ppgcf\/es\/wp-json\/wp\/v2\/comments?post=4071"}],"version-history":[{"count":43,"href":"https:\/\/cursos.unipampa.edu.br\/cursos\/ppgcf\/es\/wp-json\/wp\/v2\/pages\/4071\/revisions"}],"predecessor-version":[{"id":4264,"href":"https:\/\/cursos.unipampa.edu.br\/cursos\/ppgcf\/es\/wp-json\/wp\/v2\/pages\/4071\/revisions\/4264"}],"wp:attachment":[{"href":"https:\/\/cursos.unipampa.edu.br\/cursos\/ppgcf\/es\/wp-json\/wp\/v2\/media?parent=4071"}],"curies":[{"name":"wp","href":"https:\/\/api.w.org\/{rel}","templated":true}]}}