
{"id":35,"date":"2012-04-23T19:54:54","date_gmt":"2012-04-23T22:54:54","guid":{"rendered":"http:\/\/cursos.unipampa.edu.br\/cursos\/ppgcf\/?page_id=35"},"modified":"2026-03-05T08:40:34","modified_gmt":"2026-03-05T11:40:34","slug":"documentos","status":"publish","type":"page","link":"https:\/\/cursos.unipampa.edu.br\/cursos\/ppgcf\/es\/documentos\/","title":{"rendered":"Normas, Documentos y Procesos"},"content":{"rendered":"<p><img decoding=\"async\" class=\"aligncenter\" src=\"https:\/\/2.bp.blogspot.com\/-3n91Eeg4I3M\/V2aXcGrkIDI\/AAAAAAAAK3g\/-FTW04G6E8MfT4IVbussKOs8IMn4gTzkQCLcB\/s1600\/Formacao.jpg\" alt=\"Resultado de imagem para normas e instru\u00e7\u00f5e\" \/><\/p>\n<p>&nbsp;<\/p>\n<p>En esta p\u00e1gina encontrar\u00e1 todas las Normas aprobadas por el Comit\u00e9 Cient\u00edfico del PPGCF y los Modelos de Documentos para Solicitudes:<\/p>\n<p>Reglamento General del <a href=\"http:\/\/cursos.unipampa.edu.br\/cursos\/ppgcf\/files\/2012\/04\/Regimento-Interno-do-PPGCF-UNIPAMPA-20151.pdf\">PPGCF Reglamento Interno del PPGCF UNIPAMPA 2015<\/a>:<\/p>\n<p>Reglamento de Posgrado Stricto Sensu de la Universidad Federal de la Pampa: <a href=\"http:\/\/cursos.unipampa.edu.br\/cursos\/ppgcf\/files\/2012\/04\/Normas-de-P%C3%B3s-Gradua%C3%A7%C3%A3o-UNIPAMPA1.pdf\">Reglamento de Posgrado UNIPAMPA<\/a><\/p>\n<p><u>Reglamento<\/u> <u>de<\/u> <u>Selecci\u00f3n<\/u> <u>y<\/u> <u>Clasificaci\u00f3n<\/u> <u>de<\/u> <u>Becas<\/u> <u>2024<\/u><\/p>\n<p>Formulario de Postulaci\u00f3n a la Junta Evaluadora de Proyectos: <a href=\"http:\/\/cursos.unipampa.edu.br\/cursos\/ppgcf\/files\/2012\/04\/Termo-de-Indica%C3%A7%C3%A3o-de-Banca-Avaliadora-do-Projeto.docx\">Formulario de<\/a> <a href=\"http:\/\/cursos.unipampa.edu.br\/cursos\/ppgcf\/files\/2012\/04\/Termo-de-Indica%C3%A7%C3%A3o-de-Banca-Avaliadora-do-Projeto.docx\">Postulaci\u00f3n<\/a> a la Junta Evaluadora de Proyectos<\/p>\n<p>Reglamento para la Defensa de Disertaciones: Resoluci\u00f3n PPGCF 03-2015 Declaraci\u00f3n de Co-Orientaci\u00f3n Cient\u00edfica: Declaraci\u00f3n de Co-Orientaci\u00f3n Cient\u00edfica<\/p>\n<p>PROCEDIMIENTO PARA LA DEFENSA DE DISERTACI\u00d3N\/TESIS\/TRABAJO DE CONCLUSI\u00d3N Y GRADUACI\u00d3N V\u00cdA SEI EN UNIPAMPA 2024<\/p>\n<p>&nbsp;<\/p>\n<p style=\"text-align: center\"><strong><span style=\"color: #ff6600\">\u2666 NUEVO \u2666<\/span> PROCEDIMIENTO PARA DEFENSA DE DISERTACI\u00d3N\/TESIS\/TRABAJO DE CONCLUSI\u00d3N Y GRADUACI\u00d3N V\u00cdA SEI EN UNIPAMPA<\/strong><\/p>\n<p style=\"text-align: center\"><a href=\"https:\/\/acrobat.adobe.com\/id\/urn:aaid:sc:va6c2:949d9bf4-059e-494f-80e8-9466e5dbaa06\">Consulta el documento aqui.<\/a><\/p>\n<p><\/p>","protected":false},"excerpt":{"rendered":"<p>&nbsp; En esta p\u00e1gina encontrar\u00e1 todas las Normas aprobadas por el Comit\u00e9 Cient\u00edfico del PPGCF y los Modelos de Documentos para Solicitudes: Reglamento General del PPGCF Reglamento Interno del PPGCF UNIPAMPA 2015: Reglamento de Posgrado Stricto Sensu de la Universidad Federal de la Pampa: Reglamento de Posgrado UNIPAMPA Reglamento de Selecci\u00f3n y Clasificaci\u00f3n de Becas &hellip; <a href=\"https:\/\/cursos.unipampa.edu.br\/cursos\/ppgcf\/es\/documentos\/\" class=\"more-link\">Continue reading <span class=\"screen-reader-text\">Normas, Documentos y Procesos<\/span> <span class=\"meta-nav\">&rarr;<\/span><\/a><\/p>\n","protected":false},"author":471,"featured_media":0,"parent":0,"menu_order":3,"comment_status":"open","ping_status":"closed","template":"","meta":[],"_links":{"self":[{"href":"https:\/\/cursos.unipampa.edu.br\/cursos\/ppgcf\/es\/wp-json\/wp\/v2\/pages\/35"}],"collection":[{"href":"https:\/\/cursos.unipampa.edu.br\/cursos\/ppgcf\/es\/wp-json\/wp\/v2\/pages"}],"about":[{"href":"https:\/\/cursos.unipampa.edu.br\/cursos\/ppgcf\/es\/wp-json\/wp\/v2\/types\/page"}],"author":[{"embeddable":true,"href":"https:\/\/cursos.unipampa.edu.br\/cursos\/ppgcf\/es\/wp-json\/wp\/v2\/users\/471"}],"replies":[{"embeddable":true,"href":"https:\/\/cursos.unipampa.edu.br\/cursos\/ppgcf\/es\/wp-json\/wp\/v2\/comments?post=35"}],"version-history":[{"count":50,"href":"https:\/\/cursos.unipampa.edu.br\/cursos\/ppgcf\/es\/wp-json\/wp\/v2\/pages\/35\/revisions"}],"predecessor-version":[{"id":4582,"href":"https:\/\/cursos.unipampa.edu.br\/cursos\/ppgcf\/es\/wp-json\/wp\/v2\/pages\/35\/revisions\/4582"}],"wp:attachment":[{"href":"https:\/\/cursos.unipampa.edu.br\/cursos\/ppgcf\/es\/wp-json\/wp\/v2\/media?parent=35"}],"curies":[{"name":"wp","href":"https:\/\/api.w.org\/{rel}","templated":true}]}}