
{"id":17,"date":"2012-04-23T19:50:43","date_gmt":"2012-04-23T22:50:43","guid":{"rendered":"http:\/\/cursos.unipampa.edu.br\/cursos\/ppgcf\/?page_id=17"},"modified":"2026-03-20T08:20:21","modified_gmt":"2026-03-20T11:20:21","slug":"disciplinas","status":"publish","type":"page","link":"https:\/\/cursos.unipampa.edu.br\/cursos\/ppgcf\/es\/disciplinas\/","title":{"rendered":"4. Asignaturas y oferta 2016 \/ I"},"content":{"rendered":"<p><\/p>\n<p><p><a href=\"http:\/\/cursos.unipampa.edu.br\/cursos\/ppgcf\/files\/2012\/04\/our_courses.jpg\"><img decoding=\"async\" loading=\"lazy\" class=\"aligncenter size-medium wp-image-977\" src=\"http:\/\/cursos.unipampa.edu.br\/cursos\/ppgcf\/files\/2012\/04\/our_courses-300x125.jpg\" alt=\"our_courses\" width=\"300\" height=\"125\" srcset=\"https:\/\/cursos.unipampa.edu.br\/cursos\/ppgcf\/files\/2012\/04\/our_courses-300x125.jpg 300w, https:\/\/cursos.unipampa.edu.br\/cursos\/ppgcf\/files\/2012\/04\/our_courses.jpg 948w\" sizes=\"(max-width: 300px) 100vw, 300px\" \/><\/a><\/p>\n<p><strong>En el Programa de Posgrado en Ciencias Farmac\u00e9uticas, el estudiante debe cumplir con 24 cr\u00e9ditos, 7 de las asignaturas obligatorias y actividades, y 17 sujetos y actividades electivas.<\/strong><\/p>\n<p>&nbsp;<\/p>\n<p><strong>Asignaturas<\/strong><\/p>\n<p>UR5301 &#8211; La ense\u00f1anza en la educaci\u00f3n superior<\/p>\n<p>UR5302 &#8211; Seminarios de Posgrado<\/p>\n<p>UR5314 &#8211; Co-orientaci\u00f3n en trabajo de Iniciaci\u00f3n Cient\u00edfica<\/p>\n<p>UR5315 &#8211; Tesis<\/p>\n<p>UR5114 &#8211; Acreditaci\u00f3n de dominio de lengua extranjera<\/p>\n<p>&nbsp;<\/p>\n<p><strong>Asignaturas optativas<\/strong><\/p>\n<p>UR5303 \u2013 Estad\u00edstica<\/p>\n<p>UR5304 &#8211; Investigaci\u00f3n, desarrollo y validaci\u00f3n de m\u00e9todos anal\u00edticos<\/p>\n<p>UR5305 &#8211; Nanotecnolog\u00eda para Ciencias Farmac\u00e9uticas<\/p>\n<p>UR5306 &#8211; Desarrollo y control de calidad de formas farmac\u00e9uticas de liberaci\u00f3n controlada<\/p>\n<p>UR5307 &#8211; Cromatograf\u00eda Avanzada<\/p>\n<p>UR5308 &#8211; Estabilidad de drogas y medicamentos<\/p>\n<p>UR5309 &#8211; M\u00e9todos espectrosc\u00f3picos de an\u00e1lisis<\/p>\n<p>UR5310 &#8211; Dise\u00f1o y descubrimiento de f\u00e1rmacos<\/p>\n<p>UR5311 &#8211; Purificaci\u00f3n y aislamiento de compuestos de extractos de plantas<\/p>\n<p>UR5312 &#8211; M\u00e9todos avanzados en toxicolog\u00eda de materias primas, los compuestos bioactivos y f\u00e1rmacos<\/p>\n<p>UR5313 &#8211; Ensayos de Evaluaci\u00f3n pr\u00e9-cl\u00ednicos de f\u00e1rmacos y medicamentos<\/p>\n<p>UR5316 &#8211; Farmacocin\u00e9tica<\/p>\n<p>&nbsp;<\/p>\n<\/p>\n<p><\/p>","protected":false},"excerpt":{"rendered":"<p>En el Programa de Posgrado en Ciencias Farmac\u00e9uticas, el estudiante debe cumplir con 24 cr\u00e9ditos, 7 de las asignaturas obligatorias y actividades, y 17 sujetos y actividades electivas. &nbsp; Asignaturas UR5301 &#8211; La ense\u00f1anza en la educaci\u00f3n superior UR5302 &#8211; Seminarios de Posgrado UR5314 &#8211; Co-orientaci\u00f3n en trabajo de Iniciaci\u00f3n Cient\u00edfica UR5315 &#8211; Tesis UR5114 &hellip; <a href=\"https:\/\/cursos.unipampa.edu.br\/cursos\/ppgcf\/es\/disciplinas\/\" class=\"more-link\">Continue reading <span class=\"screen-reader-text\">4. Asignaturas y oferta 2016 \/ I<\/span> <span class=\"meta-nav\">&rarr;<\/span><\/a><\/p>\n","protected":false},"author":155,"featured_media":0,"parent":0,"menu_order":4,"comment_status":"open","ping_status":"closed","template":"","meta":[],"_links":{"self":[{"href":"https:\/\/cursos.unipampa.edu.br\/cursos\/ppgcf\/es\/wp-json\/wp\/v2\/pages\/17"}],"collection":[{"href":"https:\/\/cursos.unipampa.edu.br\/cursos\/ppgcf\/es\/wp-json\/wp\/v2\/pages"}],"about":[{"href":"https:\/\/cursos.unipampa.edu.br\/cursos\/ppgcf\/es\/wp-json\/wp\/v2\/types\/page"}],"author":[{"embeddable":true,"href":"https:\/\/cursos.unipampa.edu.br\/cursos\/ppgcf\/es\/wp-json\/wp\/v2\/users\/155"}],"replies":[{"embeddable":true,"href":"https:\/\/cursos.unipampa.edu.br\/cursos\/ppgcf\/es\/wp-json\/wp\/v2\/comments?post=17"}],"version-history":[{"count":48,"href":"https:\/\/cursos.unipampa.edu.br\/cursos\/ppgcf\/es\/wp-json\/wp\/v2\/pages\/17\/revisions"}],"predecessor-version":[{"id":4596,"href":"https:\/\/cursos.unipampa.edu.br\/cursos\/ppgcf\/es\/wp-json\/wp\/v2\/pages\/17\/revisions\/4596"}],"wp:attachment":[{"href":"https:\/\/cursos.unipampa.edu.br\/cursos\/ppgcf\/es\/wp-json\/wp\/v2\/media?parent=17"}],"curies":[{"name":"wp","href":"https:\/\/api.w.org\/{rel}","templated":true}]}}