
{"id":1573,"date":"2016-09-12T17:03:51","date_gmt":"2016-09-12T20:03:51","guid":{"rendered":"http:\/\/cursos.unipampa.edu.br\/cursos\/ppgcf\/?page_id=1573"},"modified":"2022-04-15T10:55:00","modified_gmt":"2022-04-15T13:55:00","slug":"informes-2","status":"publish","type":"page","link":"https:\/\/cursos.unipampa.edu.br\/cursos\/ppgcf\/es\/informes-2\/","title":{"rendered":"(Portugu\u00eas) Informes 2021"},"content":{"rendered":"<p class=\"qtranxs-available-languages-message qtranxs-available-languages-message-es\">Disculpa, pero esta entrada est\u00e1 disponible s\u00f3lo en <a href=\"https:\/\/cursos.unipampa.edu.br\/cursos\/ppgcf\/pt\/wp-json\/wp\/v2\/pages\/1573\" class=\"qtranxs-available-language-link qtranxs-available-language-link-pt\" title=\"Portugu\u00eas\">Portugu\u00e9s De Brasil<\/a>.<\/p>","protected":false},"excerpt":{"rendered":"<p>Disculpa, pero esta entrada est\u00e1 disponible s\u00f3lo en Portugu\u00e9s De Brasil.<\/p>\n","protected":false},"author":362,"featured_media":0,"parent":0,"menu_order":0,"comment_status":"closed","ping_status":"closed","template":"","meta":[],"_links":{"self":[{"href":"https:\/\/cursos.unipampa.edu.br\/cursos\/ppgcf\/es\/wp-json\/wp\/v2\/pages\/1573"}],"collection":[{"href":"https:\/\/cursos.unipampa.edu.br\/cursos\/ppgcf\/es\/wp-json\/wp\/v2\/pages"}],"about":[{"href":"https:\/\/cursos.unipampa.edu.br\/cursos\/ppgcf\/es\/wp-json\/wp\/v2\/types\/page"}],"author":[{"embeddable":true,"href":"https:\/\/cursos.unipampa.edu.br\/cursos\/ppgcf\/es\/wp-json\/wp\/v2\/users\/362"}],"replies":[{"embeddable":true,"href":"https:\/\/cursos.unipampa.edu.br\/cursos\/ppgcf\/es\/wp-json\/wp\/v2\/comments?post=1573"}],"version-history":[{"count":94,"href":"https:\/\/cursos.unipampa.edu.br\/cursos\/ppgcf\/es\/wp-json\/wp\/v2\/pages\/1573\/revisions"}],"predecessor-version":[{"id":3883,"href":"https:\/\/cursos.unipampa.edu.br\/cursos\/ppgcf\/es\/wp-json\/wp\/v2\/pages\/1573\/revisions\/3883"}],"wp:attachment":[{"href":"https:\/\/cursos.unipampa.edu.br\/cursos\/ppgcf\/es\/wp-json\/wp\/v2\/media?parent=1573"}],"curies":[{"name":"wp","href":"https:\/\/api.w.org\/{rel}","templated":true}]}}