
{"id":15,"date":"2012-04-23T19:48:40","date_gmt":"2012-04-23T22:48:40","guid":{"rendered":"http:\/\/cursos.unipampa.edu.br\/cursos\/ppgcf\/?page_id=15"},"modified":"2025-08-06T15:44:45","modified_gmt":"2025-08-06T18:44:45","slug":"comissao-coordenadora","status":"publish","type":"page","link":"https:\/\/cursos.unipampa.edu.br\/cursos\/ppgcf\/es\/comissao-coordenadora\/","title":{"rendered":"Coordinaci\u00f3n del Programa"},"content":{"rendered":"<p><strong>Coordinaci\u00f3n del Programa<\/strong><\/p>\n<p><em>Prof. Marcelo Donadel Malesuik\u00a0 \u00a0 \u00a0<\/em><img decoding=\"async\" loading=\"lazy\" class=\"\" src=\"https:\/\/cursos.unipampa.edu.br\/cursos\/ppgcf\/files\/2025\/06\/foto-marcelo.jpg\" alt=\"foto-marcelo.jpg (335\u00d7338)\" width=\"134\" height=\"136\" \/><\/p>\n<p>E-mail: marcelomalesuik@unipampa.edu.br<\/p>\n<p>Licenciado en Farmacia Industrial por la <em>Universidade Federal de Santa Maria<\/em> (2003), Licenciado en Farmacia y Bioqu\u00edmica &#8211; Tecnolog\u00eda de los Alimentos por la <em>Universidade Federal de Santa Maria<\/em> (2001), M\u00e1ster en Ciencias Farmac\u00e9uticas por la <em>Universidade Federal de Santa Maria<\/em> (2005) y Doctor en Ciencias Farmac\u00e9uticas por la <em>Universidade Federal do Rio Grande do Sul<\/em> (2010). Ocup\u00f3 el cargo de Supervisor del Sector F\u00edsico-Qu\u00edmico del Centro de Desarrollo de Pruebas y Ensayos Farmac\u00e9uticos (CTEFAR &#8211; UFSM) durante cuatro a\u00f1os. Trabaj\u00f3 profesionalmente como farmac\u00e9utico industrial en el sector de investigaci\u00f3n y desarrollo anal\u00edtico en <em>Multilab Ind\u00fastria e Com\u00e9rcio de Produtos Farmac\u00eauticos Ltda<\/em>. Tiene experiencia en el \u00e1rea anal\u00edtica, con \u00e9nfasis en el desarrollo y validaci\u00f3n de m\u00e9todos anal\u00edticos, control de calidad de medicamentos, estabilidad de medicamentos, aislamiento e identificaci\u00f3n de productos de degradaci\u00f3n. Desde 2010, se desempe\u00f1a como docente del Curso de Farmacia de la Universidad Federal de Pampa (UNIPAMPA) &#8211; Campus Uruguaiana y, desde 2012, como miembro titular del Programa de Posgrado en Ciencias Farmac\u00e9uticas de la misma instituci\u00f3n.<\/p>\n<p>&nbsp;<\/p>\n<p><strong>Coordinadora Suplente del Programa<\/strong><\/p>\n<p><em>Prof. Fabiana Ernestina Barcellos da Silva\u00a0 \u00a0<\/em><img decoding=\"async\" loading=\"lazy\" class=\"\" src=\"https:\/\/wwws.cnpq.br\/cvlattesweb\/pkg_util_img.show_foto?v_cod=K4760086T0\" alt=\"Foto\" width=\"104\" height=\"139\" \/><\/p>\n<p>E-mail: fabianasilva@unipampa.edu.br<\/p>\n<p>Licenciada en Farmacia &#8211; Farmac\u00e9utico Industrial por la <em>Universidade Federal de Santa Maria<\/em> (1998), mag\u00edster en Ciencia y Tecnolog\u00eda Farmac\u00e9utica por la <em>Universidade Federal de Santa Maria<\/em> (2002) y doctora en Qu\u00edmica (Qu\u00edmica Anal\u00edtica) por la <em>Universidade Federal de Santa Maria<\/em> (2008). Actualmente es profesora de la <em>Universidade Federal do Pampa<\/em> &#8211; UNIPAMPA &#8211; Campus Uruguaiana. Tiene experiencia en Farmacia, con \u00e9nfasis en An\u00e1lisis y Control de Calidad de Medicamentos de uso humano y veterinario. Trabaja principalmente en el desarrollo de metodolog\u00edas alternativas y an\u00e1lisis multivariado. Desarrolla proyectos de docencia y extensi\u00f3n en el \u00e1rea de \u00abEducaci\u00f3n Interdisciplinar entre Farmacia y Veterinaria\u00bb.<\/p>","protected":false},"excerpt":{"rendered":"<p>Coordinaci\u00f3n del Programa Prof. Marcelo Donadel Malesuik\u00a0 \u00a0 \u00a0 E-mail: marcelomalesuik@unipampa.edu.br Licenciado en Farmacia Industrial por la Universidade Federal de Santa Maria (2003), Licenciado en Farmacia y Bioqu\u00edmica &#8211; Tecnolog\u00eda de los Alimentos por la Universidade Federal de Santa Maria (2001), M\u00e1ster en Ciencias Farmac\u00e9uticas por la Universidade Federal de Santa Maria (2005) y Doctor &hellip; <a href=\"https:\/\/cursos.unipampa.edu.br\/cursos\/ppgcf\/es\/comissao-coordenadora\/\" class=\"more-link\">Continue reading <span class=\"screen-reader-text\">Coordinaci\u00f3n del Programa<\/span> <span class=\"meta-nav\">&rarr;<\/span><\/a><\/p>\n","protected":false},"author":181,"featured_media":0,"parent":0,"menu_order":9,"comment_status":"open","ping_status":"closed","template":"","meta":[],"_links":{"self":[{"href":"https:\/\/cursos.unipampa.edu.br\/cursos\/ppgcf\/es\/wp-json\/wp\/v2\/pages\/15"}],"collection":[{"href":"https:\/\/cursos.unipampa.edu.br\/cursos\/ppgcf\/es\/wp-json\/wp\/v2\/pages"}],"about":[{"href":"https:\/\/cursos.unipampa.edu.br\/cursos\/ppgcf\/es\/wp-json\/wp\/v2\/types\/page"}],"author":[{"embeddable":true,"href":"https:\/\/cursos.unipampa.edu.br\/cursos\/ppgcf\/es\/wp-json\/wp\/v2\/users\/181"}],"replies":[{"embeddable":true,"href":"https:\/\/cursos.unipampa.edu.br\/cursos\/ppgcf\/es\/wp-json\/wp\/v2\/comments?post=15"}],"version-history":[{"count":55,"href":"https:\/\/cursos.unipampa.edu.br\/cursos\/ppgcf\/es\/wp-json\/wp\/v2\/pages\/15\/revisions"}],"predecessor-version":[{"id":4475,"href":"https:\/\/cursos.unipampa.edu.br\/cursos\/ppgcf\/es\/wp-json\/wp\/v2\/pages\/15\/revisions\/4475"}],"wp:attachment":[{"href":"https:\/\/cursos.unipampa.edu.br\/cursos\/ppgcf\/es\/wp-json\/wp\/v2\/media?parent=15"}],"curies":[{"name":"wp","href":"https:\/\/api.w.org\/{rel}","templated":true}]}}