
{"id":9,"date":"2012-04-23T19:45:09","date_gmt":"2012-04-23T22:45:09","guid":{"rendered":"http:\/\/cursos.unipampa.edu.br\/cursos\/ppgcf\/linhas-de-pesquisa\/"},"modified":"2026-03-16T17:37:33","modified_gmt":"2026-03-16T20:37:33","slug":"linhas-de-pesquisa","status":"publish","type":"page","link":"https:\/\/cursos.unipampa.edu.br\/cursos\/ppgcf\/en\/linhas-de-pesquisa\/","title":{"rendered":"2. Lines of Research"},"content":{"rendered":"<p><\/p>\n<p><p><strong><span style=\"color: #000000\"><span style=\"font-family: Arial, sans-serif\"><span style=\"font-size: small\">1. Desenvolvimento e controle de qualidade de f\u00e1rmacos, medicamentos e cosm\u00e9ticos.<\/span><\/span><\/span><\/strong><\/p>\n<p class=\"western\" style=\"line-height: 150%\">\n<p class=\"western\" style=\"line-height: 150%\"><span style=\"color: #000000\"><span style=\"font-family: Arial, sans-serif\"><span style=\"font-size: small\">Esta linha de pesquisa prop\u00f5e a realiza\u00e7\u00e3o de atividades de pesquisa em \u00e1rea de desenvolvimento e controle de qualidade de insumos farmac\u00eauticos, oriundos de fontes naturais e sint\u00e9ticas, de medicamentos e cosm\u00e9ticos para uso humano e\/ou veterin\u00e1rio. Os pesquisadores envolvidos nesta linha de pesquisa possuem experi\u00eancia no desenvolvimento de produtos nanotecnol\u00f3gicos, desenvolvimento e valida\u00e7\u00e3o de metodologias anal\u00edticas, estudos de disponibilidade <\/span><\/span><\/span><em><span style=\"color: #000000\"><span style=\"font-family: Arial, sans-serif\"><span style=\"font-size: small\">in vitro<\/span><\/span><\/span><\/em><span style=\"color: #000000\"><span style=\"font-family: Arial, sans-serif\"><span style=\"font-size: small\">, aplica\u00e7\u00e3o de ferramentas quimiom\u00e9tricas e m\u00e9todos de calibra\u00e7\u00e3o multivariada na quantifica\u00e7\u00e3o de subst\u00e2ncias de uso terap\u00eautico, estudos de estabilidade, caracteriza\u00e7\u00e3o f\u00edsico-qu\u00edmica de insumos, f\u00e1rmacos, medicamentos e cosm\u00e9ticos.<\/span><\/span><\/span><\/p>\n<p class=\"western\" style=\"line-height: 150%\">\n<p class=\"western\" style=\"line-height: 150%\"><strong><span style=\"color: #000000\"><span style=\"font-family: Arial, sans-serif\"><span style=\"font-size: small\">2. Obten\u00e7\u00e3o e avalia\u00e7\u00e3o das propriedades qu\u00edmicas e biol\u00f3gicas de compostos bioativos e insumos farmac\u00eauticos.<\/span><\/span><\/span><\/strong><\/p>\n<p class=\"western\" style=\"line-height: 150%\">\n<p class=\"western\" style=\"line-height: 150%\"><span style=\"color: #000000\"><span style=\"font-family: Arial, sans-serif\"><span style=\"font-size: small\">Esta linha de pesquisa prop\u00f5e a obten\u00e7\u00e3o, identifica\u00e7\u00e3o e avalia\u00e7\u00e3o da atividade biol\u00f3gica e t\u00f3xica de produtos naturais, compostos bioativos e insumos de interesse farmac\u00eautico, de uso humano e\/ou veterin\u00e1rio, al\u00e9m do estudo de suas propriedades f\u00edsico-qu\u00edmicas e da investiga\u00e7\u00e3o de sua influ\u00eancia sobre a atividade biol\u00f3gica. Os pesquisadores envolvidos nesta linha possuem experi\u00eancia nas atividades propostas como a obten\u00e7\u00e3o de compostos bioativos, a avalia\u00e7\u00e3o de compostos de origem natural, da realiza\u00e7\u00e3o de estudos de rela\u00e7\u00f5es estrutura-atividade, da investiga\u00e7\u00e3o de atividade microbiol\u00f3gica e anti-inflamat\u00f3ria, do efeito cardiovascular, de estresse oxidativo, <\/span><\/span><\/span><em><span style=\"color: #000000\"><span style=\"font-family: Arial, sans-serif\"><span style=\"font-size: small\">in vitro<\/span><\/span><\/span><\/em><span style=\"color: #000000\"><span style=\"font-family: Arial, sans-serif\"><span style=\"font-size: small\"> e <\/span><\/span><\/span><em><span style=\"color: #000000\"><span style=\"font-family: Arial, sans-serif\"><span style=\"font-size: small\">in vivo<\/span><\/span><\/span><\/em><span style=\"color: #000000\"><span style=\"font-family: Arial, sans-serif\"><span style=\"font-size: small\">, e tens\u00e3o arterial e sobre o sistema nervoso central em animais de experimenta\u00e7\u00e3o.<\/span><\/span><\/span><\/p>\n<\/p>\n<p><\/p>","protected":false},"excerpt":{"rendered":"<p>1. Desenvolvimento e controle de qualidade de f\u00e1rmacos, medicamentos e cosm\u00e9ticos. Esta linha de pesquisa prop\u00f5e a realiza\u00e7\u00e3o de atividades de pesquisa em \u00e1rea de desenvolvimento e controle de qualidade de insumos farmac\u00eauticos, oriundos de fontes naturais e sint\u00e9ticas, de medicamentos e cosm\u00e9ticos para uso humano e\/ou veterin\u00e1rio. Os pesquisadores envolvidos nesta linha de pesquisa &hellip; <a href=\"https:\/\/cursos.unipampa.edu.br\/cursos\/ppgcf\/en\/linhas-de-pesquisa\/\" class=\"more-link\">Continue reading <span class=\"screen-reader-text\">2. Lines of Research<\/span> <span class=\"meta-nav\">&rarr;<\/span><\/a><\/p>\n","protected":false},"author":181,"featured_media":0,"parent":0,"menu_order":2,"comment_status":"open","ping_status":"closed","template":"","meta":[],"_links":{"self":[{"href":"https:\/\/cursos.unipampa.edu.br\/cursos\/ppgcf\/en\/wp-json\/wp\/v2\/pages\/9"}],"collection":[{"href":"https:\/\/cursos.unipampa.edu.br\/cursos\/ppgcf\/en\/wp-json\/wp\/v2\/pages"}],"about":[{"href":"https:\/\/cursos.unipampa.edu.br\/cursos\/ppgcf\/en\/wp-json\/wp\/v2\/types\/page"}],"author":[{"embeddable":true,"href":"https:\/\/cursos.unipampa.edu.br\/cursos\/ppgcf\/en\/wp-json\/wp\/v2\/users\/181"}],"replies":[{"embeddable":true,"href":"https:\/\/cursos.unipampa.edu.br\/cursos\/ppgcf\/en\/wp-json\/wp\/v2\/comments?post=9"}],"version-history":[{"count":31,"href":"https:\/\/cursos.unipampa.edu.br\/cursos\/ppgcf\/en\/wp-json\/wp\/v2\/pages\/9\/revisions"}],"predecessor-version":[{"id":4585,"href":"https:\/\/cursos.unipampa.edu.br\/cursos\/ppgcf\/en\/wp-json\/wp\/v2\/pages\/9\/revisions\/4585"}],"wp:attachment":[{"href":"https:\/\/cursos.unipampa.edu.br\/cursos\/ppgcf\/en\/wp-json\/wp\/v2\/media?parent=9"}],"curies":[{"name":"wp","href":"https:\/\/api.w.org\/{rel}","templated":true}]}}