
{"id":39,"date":"2012-04-23T19:55:30","date_gmt":"2012-04-23T22:55:30","guid":{"rendered":"http:\/\/cursos.unipampa.edu.br\/cursos\/ppgcf\/?page_id=39"},"modified":"2017-02-07T15:36:39","modified_gmt":"2017-02-07T17:36:39","slug":"links","status":"publish","type":"page","link":"https:\/\/cursos.unipampa.edu.br\/cursos\/ppgcf\/en\/links\/","title":{"rendered":"13. Useful Links"},"content":{"rendered":"<p><\/p>\n<p><p><span style=\"font-family: Arial, sans-serif\"><span style=\"font-size: small\"><span style=\"color: #000000\"><strong>Scientific Research Support Agencies<\/strong><\/span><\/span><\/span><\/p>\n<p><span style=\"color: #000000\"><span style=\"font-family: Arial, sans-serif\"><span style=\"font-size: small\">CAPES: <\/span><\/span><span style=\"text-decoration: underline\"><a href=\"http:\/\/www.capes.gov.br\/\"><span style=\"font-family: Arial, sans-serif\"><span style=\"font-size: small\">http:\/\/www.capes.gov.br\/<\/span><\/span><\/a><\/span><\/span><\/p>\n<p><span style=\"color: #000000\"><span style=\"font-family: Arial, sans-serif\"><span style=\"font-size: small\">Minist\u00e9rio de Ci\u00eancia e Tecnologia (Brazil): <\/span><\/span><span style=\"text-decoration: underline\"><a href=\"http:\/\/www.mct.gov.br\/\"><span style=\"font-family: Arial, sans-serif\"><span style=\"font-size: small\">http:\/\/www.mct.gov.br\/<\/span><\/span><\/a><\/span><\/span><\/p>\n<p><span style=\"color: #000000\"><span style=\"font-family: Arial, sans-serif\"><span style=\"font-size: small\">CNPq: <\/span><\/span><span style=\"text-decoration: underline\"><a href=\"http:\/\/www.cnpq.br\/\"><span style=\"font-family: Arial, sans-serif\"><span style=\"font-size: small\">http:\/\/www.cnpq.br\/<\/span><\/span><\/a><\/span><\/span><\/p>\n<p><span style=\"color: #000000\"><span style=\"font-family: Arial, sans-serif\"><span style=\"font-size: small\">FAPERGS: <\/span><\/span><span style=\"text-decoration: underline\"><a href=\"http:\/\/www.fapergs.rs.gov.br\/\"><span style=\"font-family: Arial, sans-serif\"><span style=\"font-size: small\">http:\/\/www.fapergs.rs.gov.br\/<\/span><\/span><\/a><\/span><\/span><\/p>\n<p><span style=\"color: #000000\"><span style=\"font-family: Arial, sans-serif\"><span style=\"font-size: small\">FINEP \u2013 Financiadora de Estudos e Projetos: <\/span><\/span><span style=\"text-decoration: underline\"><a href=\"http:\/\/www.finep.gov.br\/\"><span style=\"font-family: Arial, sans-serif\"><span style=\"font-size: small\">http:\/\/www.finep.gov.br\/<\/span><\/span><\/a><\/span><\/span><\/p>\n<p><span style=\"font-family: Arial, sans-serif\"><span style=\"font-size: small\"><span style=\"color: #000000\"><strong><span style=\"color: #000000\">\u00a0<\/span><\/strong><\/span><\/span><\/span><\/p>\n<p><span style=\"font-family: Arial, sans-serif\"><span style=\"font-size: small\"><span style=\"color: #000000\"><strong><span style=\"color: #000000\">Scientific Journals<\/span><\/strong><\/span><\/span><\/span><\/p>\n<p><span style=\"color: #000000\"><span style=\"font-family: Arial, sans-serif\"><span style=\"font-size: small\">Peri\u00f3dicos CAPES: <\/span><\/span><span style=\"text-decoration: underline\"><a href=\"http:\/\/www.periodicos.capes.gov.br\/\"><span style=\"font-family: Arial, sans-serif\"><span style=\"font-size: small\">http:\/\/www.periodicos.capes.gov.br\/<\/span><\/span><\/a><\/span><\/span><\/p>\n<p><span style=\"font-family: Arial, sans-serif\"><span style=\"font-size: small\"><span style=\"color: #000000\"><strong><span style=\"color: #000000\">\u00a0<\/span><\/strong><\/span><\/span><\/span><\/p>\n<p><span style=\"font-family: Arial, sans-serif\"><span style=\"font-size: small\"><span style=\"color: #000000\"><strong><span style=\"color: #000000\">Links<\/span><\/strong><\/span><\/span><\/span><\/p>\n<p><span style=\"color: #000000\"><span style=\"font-family: Arial, sans-serif\"><span style=\"font-size: small\">Curso de Farm\u00e1cia UNIPAMPA:<\/span><\/span><span style=\"text-decoration: underline\"><a href=\"http:\/\/cursos.unipampa.edu.br\/cursos\/farmacia\/\"><span style=\"font-family: Arial, sans-serif\"><span style=\"font-size: small\">http:\/\/cursos.unipampa.edu.br\/cursos\/farmacia\/<\/span><\/span><\/a><\/span><\/span><\/p>\n<p><span style=\"color: #000000\">\u00a0<\/span><span style=\"color: #000000\">Pr\u00f3-Reitoria de P\u00f3s-Gradua\u00e7\u00e3o UNIPAMPA: <\/span><strong><a href=\"http:\/\/sites.unipampa.edu.br\/prpg\/\">http:\/\/sites.unipampa.edu.br\/prpg\/<\/a><\/strong><\/p>\n<p>\u00a0<\/p>\n<p><b><span style=\"color: #000000\">Patent Office Services<\/span><\/b><\/p>\n<p>Instituto Nacional de Propriedade Intelectual \u2013 INPI: <a href=\"http:\/\/www.inpi.gov.br\/portal\/\"><span style=\"color: #0000ff\">http:\/\/www.inpi.gov.br\/portal\/<\/span><\/a><\/p>\n<p>United States Patent and Trade Mark Office \u2013 USPTO: <a href=\"http:\/\/www.uspto.gov\/\"><span style=\"color: #0000ff\">http:\/\/www.uspto.gov\/<\/span><\/a><\/p>\n<p>European Patent Office \u2013 EPO: <a href=\"http:\/\/www.epo.org\/\"><span style=\"color: #0000ff\">http:\/\/www.epo.org\/<\/span><\/a><\/p>\n<p>\u00a0<\/p>\n<p><b>Pharmacopeias<\/b><\/p>\n<p>Farmacop\u00e9ia Brasileira: <a href=\"http:\/\/www.anvisa.gov.br\/hotsite\/cd_farmacopeia\/index.htm\"><span style=\"color: #0000ff\">http:\/\/www.anvisa.gov.br\/hotsite\/cd_farmacopeia\/index.htm<\/span><\/a><\/p>\n<p>International Pharmacopeia: <a href=\"http:\/\/apps.who.int\/phint\/en\/p\/about\/\"><span style=\"color: #0000ff\">http:\/\/apps.who.int\/phint\/en\/p\/about\/<\/span><\/a><\/p>\n<p>U.S. Pharmacopeial Convention: <a href=\"http:\/\/www.usp.org\/\"><span style=\"color: #0000ff\">http:\/\/www.usp.org\/<\/span><\/a><\/p>\n<p>Brithish Pharmacopoeia: <a href=\"http:\/\/www.pharmacopoeia.co.uk\/\"><span style=\"color: #0000ff\">http:\/\/www.pharmacopoeia.co.uk\/<\/span><\/a><\/p>\n<\/p>\n<p><\/p>","protected":false},"excerpt":{"rendered":"<p>Scientific Research Support Agencies CAPES: http:\/\/www.capes.gov.br\/ Minist\u00e9rio de Ci\u00eancia e Tecnologia (Brazil): http:\/\/www.mct.gov.br\/ CNPq: http:\/\/www.cnpq.br\/ FAPERGS: http:\/\/www.fapergs.rs.gov.br\/ FINEP \u2013 Financiadora de Estudos e Projetos: http:\/\/www.finep.gov.br\/ \u00a0 Scientific Journals Peri\u00f3dicos CAPES: http:\/\/www.periodicos.capes.gov.br\/ \u00a0 Links Curso de Farm\u00e1cia UNIPAMPA:http:\/\/cursos.unipampa.edu.br\/cursos\/farmacia\/ \u00a0Pr\u00f3-Reitoria de P\u00f3s-Gradua\u00e7\u00e3o UNIPAMPA: http:\/\/sites.unipampa.edu.br\/prpg\/ \u00a0 Patent Office Services Instituto Nacional de Propriedade Intelectual \u2013 INPI: http:\/\/www.inpi.gov.br\/portal\/ United &hellip; <a href=\"https:\/\/cursos.unipampa.edu.br\/cursos\/ppgcf\/en\/links\/\" class=\"more-link\">Continue reading <span class=\"screen-reader-text\">13. Useful Links<\/span> <span class=\"meta-nav\">&rarr;<\/span><\/a><\/p>\n","protected":false},"author":380,"featured_media":0,"parent":0,"menu_order":13,"comment_status":"open","ping_status":"closed","template":"","meta":[],"_links":{"self":[{"href":"https:\/\/cursos.unipampa.edu.br\/cursos\/ppgcf\/en\/wp-json\/wp\/v2\/pages\/39"}],"collection":[{"href":"https:\/\/cursos.unipampa.edu.br\/cursos\/ppgcf\/en\/wp-json\/wp\/v2\/pages"}],"about":[{"href":"https:\/\/cursos.unipampa.edu.br\/cursos\/ppgcf\/en\/wp-json\/wp\/v2\/types\/page"}],"author":[{"embeddable":true,"href":"https:\/\/cursos.unipampa.edu.br\/cursos\/ppgcf\/en\/wp-json\/wp\/v2\/users\/380"}],"replies":[{"embeddable":true,"href":"https:\/\/cursos.unipampa.edu.br\/cursos\/ppgcf\/en\/wp-json\/wp\/v2\/comments?post=39"}],"version-history":[{"count":25,"href":"https:\/\/cursos.unipampa.edu.br\/cursos\/ppgcf\/en\/wp-json\/wp\/v2\/pages\/39\/revisions"}],"predecessor-version":[{"id":1822,"href":"https:\/\/cursos.unipampa.edu.br\/cursos\/ppgcf\/en\/wp-json\/wp\/v2\/pages\/39\/revisions\/1822"}],"wp:attachment":[{"href":"https:\/\/cursos.unipampa.edu.br\/cursos\/ppgcf\/en\/wp-json\/wp\/v2\/media?parent=39"}],"curies":[{"name":"wp","href":"https:\/\/api.w.org\/{rel}","templated":true}]}}