
{"id":625,"date":"2012-06-05T14:33:32","date_gmt":"2012-06-05T17:33:32","guid":{"rendered":"http:\/\/cursos.unipampa.edu.br\/cursos\/ppgcb\/selecao\/"},"modified":"2025-11-24T21:22:26","modified_gmt":"2025-11-25T00:22:26","slug":"selecao","status":"publish","type":"page","link":"https:\/\/cursos.unipampa.edu.br\/cursos\/ppgcb\/es\/selecao\/","title":{"rendered":"Sele\u00e7\u00f5es"},"content":{"rendered":"<p><strong>Admiss\u00e3o no programa:<\/strong><\/p>\n<p>O programa de p\u00f3s-gradua\u00e7\u00e3o em Ci\u00eancias Biol\u00f3gicas prev\u00ea ingresso anual para a admiss\u00e3o nos cursos de mestrado e doutorado do programa, no in\u00edcio de cada ano letivo. As etapas do processo seletivo para ingresso consistem de an\u00e1lise de projeto de pesquisa, prova de conhecimento de l\u00edngua inglesa e an\u00e1lise de curr\u00edculo.<\/p>\n<p>A admiss\u00e3o no programa, no entanto, n\u00e3o garante bolsas de mestrado e doutorado, sendo que a sele\u00e7\u00e3o para as bolsas obedecer\u00e1 o <a href=\"https:\/\/cursos.unipampa.edu.br\/cursos\/ppgcb\/files\/2010\/11\/Regulamento-de-Gest%C3%A3o-de-Bolsas-PPGCB-2015.pdf\" target=\"_blank\" rel=\"noopener noreferrer\">Regulamento de Gest\u00e3o de Bolsas<\/a> e a <a href=\"https:\/\/cursos.unipampa.edu.br\/cursos\/ppgcb\/files\/2010\/11\/Par%C3%A2metros-e-crit%C3%A9rios-de-concess%C3%A3o-de-bolsas-PPGCB-2015.pdf\" target=\"_blank\" rel=\"noopener noreferrer\">resolu\u00e7\u00e3o 01\/2015 do PPGCB<\/a>.<\/p>\n<p><strong>Editais e resultados:<\/strong><\/p>\n<p><a href=\"https:\/\/cursos.unipampa.edu.br\/cursos\/ppgcb\/2016\/09\/22\/resultado-preliminar-do-edital-de-selecao-interno-bolsas-pdsecapes-doutorado-sanduiche-no-exterior\/\" target=\"_blank\" rel=\"noopener noreferrer\">&#8211;\u00a0Resultado preliminar do edital de sele\u00e7\u00e3o interno \u2013 Bolsas PDSE\/CAPES Doutorado Sandu\u00edche no exterior<\/a>\u00a0<a href=\"https:\/\/cursos.unipampa.edu.br\/cursos\/ppgcb\/files\/2012\/06\/EDITAL-DE-SELEC\u0327A\u0303O-INTERNO-SANDUICHE_RETIFICA\u00c7\u00c3O-II.pdf\" target=\"_blank\" rel=\"noopener noreferrer\"><span style=\"color: #2b2b2b\"><span style=\"font-family: 'Source Sans Pro', Lato, sans-serif\"><span style=\"font-size: medium\"><span style=\"color: #008000\"><strong><span style=\"color: #3366ff\">&#8211; NOVO<\/span><\/strong><\/span><\/span><\/span><\/span><\/a><\/p>\n<p><a href=\"https:\/\/cursos.unipampa.edu.br\/cursos\/ppgcb\/files\/2012\/06\/EDITAL-DE-SELEC\u0327A\u0303O-INTERNO-SANDUICHE_RETIFICA\u00c7\u00c3O-II.pdf\" target=\"_blank\" rel=\"noopener noreferrer\"><span style=\"color: #2b2b2b\"><span style=\"font-family: 'Source Sans Pro', Lato, sans-serif\"><span style=\"font-size: medium\"><span style=\"color: #008000\">&#8211; RETIFICA\u00c7\u00c3O II &#8211; Edital De Sele\u00e7\u00e3o Interno &#8211; Bolsas PDSE\/CAPES Doutorado Sandu\u00edche No Exterior\u00a0<strong><span style=\"color: #3366ff\">&#8211; NOVO<\/span><\/strong><\/span><\/span><\/span><\/span><\/a><\/p>\n<p>&#8211; <a href=\"https:\/\/cursos.unipampa.edu.br\/cursos\/ppgcb\/files\/2012\/06\/RETIFICA\u00c7\u00c3O-Edital-217-2016.pdf\" target=\"_blank\" rel=\"noopener noreferrer\">RETIFICA\u00c7\u00c3O \u2013\u00a0Edital 217\/2016\u00a0&#8211; MESTRADO E DOUTORADO EM CI\u00caNCIAS BIOL\u00d3GICAS<\/a>\u00a0<strong><span style=\"color: #2b2b2b\"><span style=\"font-family: 'Source Sans Pro', Lato, sans-serif\"><span style=\"font-size: medium\"><span style=\"color: #3366ff\">&#8211; NOVO<\/span><\/span><\/span><\/span><\/strong><\/p>\n<p>&#8211; \u00a0<a href=\"https:\/\/unipampa.edu.br\/portal\/sites\/default\/files\/documentos\/edital_217-2016_processo_seletivo_programa_pos-graduacao_ciencias_biologicas.pdf\" target=\"_blank\" rel=\"noopener noreferrer\">Edital 217\/2016 \u2013\u00a0 MESTRADO E DOUTORADO EM CI\u00caNCIAS BIOL\u00d3GICAS<\/a><\/p>\n<p><a href=\"https:\/\/cursos.unipampa.edu.br\/cursos\/ppgcb\/files\/2012\/06\/EDITAL-DE-SELEC\u0327A\u0303O-INTERNO-SANDUICHE_RETIFICADO.pdf\" target=\"_blank\" rel=\"noopener noreferrer\"><span style=\"color: #2b2b2b\"><span style=\"font-family: 'Source Sans Pro', Lato, sans-serif\"><span style=\"font-size: medium\"><span style=\"color: #008000\">&#8211; RETIFICA\u00c7\u00c3O &#8211; Edital De Sele\u00e7\u00e3o Interno &#8211; Bolsas PDSE\/CAPES Doutorado Sandu\u00edche No Exterior<\/span><\/span><\/span><\/span><\/a><\/p>\n<p><a href=\"https:\/\/cursos.unipampa.edu.br\/cursos\/ppgcb\/files\/2012\/06\/Sele\u00e7\u00e3o-PDSE-CAPES-192016.zip\"><span style=\"color: #2b2b2b\"><span style=\"font-family: 'Source Sans Pro', Lato, sans-serif\"><span style=\"font-size: medium\"><span style=\"color: #008000\">&#8211; Edital De Sele\u00e7\u00e3o Interno &#8211; Bolsas PDSE\/CAPES Doutorado Sandu\u00edche No Exterior<\/span><\/span><\/span><\/span><\/a><\/p>\n<p><a href=\"https:\/\/cursos.unipampa.edu.br\/cursos\/ppgcb\/files\/2012\/06\/Homologados-Regime-Especial-2016-2.pdf\">&#8211;\u00a0Regime Especial PPGCB 2016\/2 &#8211; Inscri\u00e7\u00f5es homologadas<\/a><\/p>\n<p><a href=\"https:\/\/cursos.unipampa.edu.br\/cursos\/ppgcb\/files\/2016\/02\/Homologa%C3%A7%C3%B5es-em-Regime-especial-2016-1.pdf\" target=\"_blank\" rel=\"noopener noreferrer\">&#8211;\u00a0Regime Especial PPGCB 2016\/1 &#8211; Inscri\u00e7\u00f5es homologadas<\/a><\/p>\n<p><a href=\"https:\/\/cursos.unipampa.edu.br\/cursos\/ppgcb\/files\/2015\/12\/20151208_095330_HDR.jpg\">&#8211;\u00a0Edital 235\/2015 \u2013 Resultado final<\/a><\/p>\n<p><a href=\"https:\/\/cursos.unipampa.edu.br\/cursos\/ppgcb\/files\/2015\/12\/Edital-235-2015-Resultado-da-prova-de-ingles-corrigido.pdf\" target=\"_blank\" rel=\"noopener noreferrer\">&#8211;\u00a0Edital 235-2015 -Resultado da avalia\u00e7\u00e3o em l\u00edngua inglesa<\/a><\/p>\n<p>&#8211;\u00a0<a href=\"https:\/\/cursos.unipampa.edu.br\/cursos\/ppgcb\/files\/2015\/11\/Edital-235-2015-Nota-final-projetos-de-pesquisa.pdf\" target=\"_blank\" rel=\"noopener noreferrer\">Edital 235-2015 \u2013 Nota final dos projetos de pesquisa<\/a><\/p>\n<p><a href=\"https:\/\/cursos.unipampa.edu.br\/cursos\/ppgcb\/files\/2015\/11\/Edital-235-2015-Nota-parcial-projetos-de-pesquisa.pdf\" target=\"_blank\" rel=\"noopener noreferrer\">&#8211;\u00a0Avalia\u00e7\u00e3o dos projetos de pesquisa PPGCB 235\/2015 \u2013 Resultado parcial<\/a><\/p>\n<p>&#8211;\u00a0<a href=\"https:\/\/cursos.unipampa.edu.br\/cursos\/ppgcb\/2015\/11\/23\/selecao-ppgcb-edital-2352015-inscricoes-homologadas\/\" rel=\"bookmark\">Sele\u00e7\u00e3o PPGCB \u2013 Edital 235\/2015 \u2013 Inscri\u00e7\u00f5es homologadas<\/a><\/p>\n<p><a href=\"http:\/\/sites.unipampa.edu.br\/prpg\/files\/2015\/03\/Edital_262_retifica%C3%A7%C3%A3o.pdf\" target=\"_blank\" rel=\"noopener noreferrer\">&#8211; Sele\u00e7\u00e3o de Mestrado e Doutorado PPGCB \u2013 Edital 235\/2015 \u2013 Retifica\u00e7\u00e3o (2)<\/a><\/p>\n<p><a href=\"http:\/\/sites.unipampa.edu.br\/prpg\/files\/2015\/03\/Edital_256_retifica%C3%A7%C3%A3o.pdf\" target=\"_blank\" rel=\"noopener noreferrer\">&#8211;\u00a0Sele\u00e7\u00e3o de Mestrado e Doutorado PPGCB \u2013 Edital 235\/2015 \u2013 Retifica\u00e7\u00e3o<\/a><\/p>\n<p><a href=\"http:\/\/sites.unipampa.edu.br\/prpg\/files\/2015\/03\/Edital_2351.pdf\" target=\"_blank\" rel=\"noopener noreferrer\">&#8211;\u00a0Mestrado e Doutorado em Ci\u00eancias Biol\u00f3gicas \u2013 Edital 235\/2015<\/a><\/p>\n<p>&#8211;\u00a0<a href=\"https:\/\/cursos.unipampa.edu.br\/cursos\/ppgcb\/files\/2012\/06\/EDITAL-PNPD-PPGCB_2015.pdf\" target=\"_blank\" rel=\"noopener noreferrer\">Edital-PNPD-PPGCB_2015<\/a><\/p>\n<p>&#8211;\u00a0<a href=\"https:\/\/cursos.unipampa.edu.br\/cursos\/ppgcb\/files\/2012\/06\/Portaria-86-2013-Regulamento-PNPD-ANEXO-I.pdf\" target=\"_blank\" rel=\"noopener noreferrer\">Portaria 86\/2013 &#8211; Regulamento PNPD (ANEXO-I<\/a>)<\/p>\n<p><a href=\"https:\/\/cursos.unipampa.edu.br\/cursos\/ppgcb\/files\/2015\/06\/Resultado-Final-edital-141-15.pdf\" target=\"_blank\" rel=\"noopener noreferrer\">&#8211; Resultado Final \u2013 edital 141-15<\/a><\/p>\n<p><a href=\"https:\/\/cursos.unipampa.edu.br\/cursos\/ppgcb\/files\/2015\/06\/Resultado-Final-edital-142-15.pdf\" target=\"_blank\" rel=\"noopener noreferrer\">&#8211; Resultado Final \u2013 edital 142-15<\/a><\/p>\n<p><a href=\"https:\/\/cursos.unipampa.edu.br\/cursos\/ppgcb\/files\/2015\/06\/Resultado-prova-ingles-edital-141-15.pdf\" target=\"_blank\" rel=\"noopener noreferrer\">&#8211; Resultado prova ingles \u2013 edital 141-15<\/a><\/p>\n<p>&#8211;\u00a0<a href=\"https:\/\/cursos.unipampa.edu.br\/cursos\/ppgcb\/files\/2015\/06\/Resultado-final-av.-projeto-Edital-141-15.pdf\" target=\"_blank\" rel=\"noopener noreferrer\">Resultado final av. projeto \u2013 Edital 141-15<\/a><\/p>\n<p>&#8211;\u00a0<a href=\"https:\/\/cursos.unipampa.edu.br\/cursos\/ppgcb\/files\/2015\/06\/Resultado-parcial-av.-projeto-Edital-142-15.pdf\" target=\"_blank\" rel=\"noopener noreferrer\">Resultado parcial av. projeto \u2013 Edital 142-15<\/a><\/p>\n<p>&#8211;\u00a0<a href=\"https:\/\/cursos.unipampa.edu.br\/cursos\/ppgcb\/files\/2012\/06\/Resultado-da-Avalia\u00e7\u00e3o-Edital-141-15-PPGCB.pdf\" target=\"_blank\" rel=\"noopener noreferrer\">Resultado da avalia\u00e7\u00e3o dos projetos de pesquisa &#8211; Edital 141\/2015<\/a><\/p>\n<p>&#8211;\u00a0<a href=\"https:\/\/cursos.unipampa.edu.br\/cursos\/ppgcb\/files\/2015\/06\/Homologa\u00e7\u00e3o-inscri\u00e7\u00f5es-Edital-141-15.pdf\">Homologa\u00e7\u00e3o preliminar das inscri\u00e7\u00f5es- Edital 141\/2015<\/a><\/p>\n<p>&#8211;\u00a0<a href=\"https:\/\/cursos.unipampa.edu.br\/cursos\/ppgcb\/files\/2015\/06\/Homologa\u00e7\u00e3o-inscri\u00e7\u00f5es-Edital-142-15.pdf\">Homologa\u00e7\u00e3o prelininar das inscri\u00e7\u00f5es- Edital 142\/2015<\/a><\/p>\n<p>&nbsp;<\/p>","protected":false},"excerpt":{"rendered":"<p>Admiss\u00e3o no programa: O programa de p\u00f3s-gradua\u00e7\u00e3o em Ci\u00eancias Biol\u00f3gicas prev\u00ea ingresso anual para a admiss\u00e3o nos cursos de mestrado e doutorado do programa, no in\u00edcio de cada ano letivo. As etapas do processo seletivo para ingresso consistem de an\u00e1lise de projeto de pesquisa, prova de conhecimento de l\u00edngua inglesa e an\u00e1lise de curr\u00edculo. A &hellip; <a href=\"https:\/\/cursos.unipampa.edu.br\/cursos\/ppgcb\/es\/selecao\/\" class=\"more-link\">Continue reading <span class=\"screen-reader-text\">Sele\u00e7\u00f5es<\/span> <span class=\"meta-nav\">&rarr;<\/span><\/a><\/p>\n","protected":false},"author":235,"featured_media":0,"parent":0,"menu_order":0,"comment_status":"open","ping_status":"open","template":"","meta":[],"_links":{"self":[{"href":"https:\/\/cursos.unipampa.edu.br\/cursos\/ppgcb\/es\/wp-json\/wp\/v2\/pages\/625"}],"collection":[{"href":"https:\/\/cursos.unipampa.edu.br\/cursos\/ppgcb\/es\/wp-json\/wp\/v2\/pages"}],"about":[{"href":"https:\/\/cursos.unipampa.edu.br\/cursos\/ppgcb\/es\/wp-json\/wp\/v2\/types\/page"}],"author":[{"embeddable":true,"href":"https:\/\/cursos.unipampa.edu.br\/cursos\/ppgcb\/es\/wp-json\/wp\/v2\/users\/235"}],"replies":[{"embeddable":true,"href":"https:\/\/cursos.unipampa.edu.br\/cursos\/ppgcb\/es\/wp-json\/wp\/v2\/comments?post=625"}],"version-history":[{"count":195,"href":"https:\/\/cursos.unipampa.edu.br\/cursos\/ppgcb\/es\/wp-json\/wp\/v2\/pages\/625\/revisions"}],"predecessor-version":[{"id":4851,"href":"https:\/\/cursos.unipampa.edu.br\/cursos\/ppgcb\/es\/wp-json\/wp\/v2\/pages\/625\/revisions\/4851"}],"wp:attachment":[{"href":"https:\/\/cursos.unipampa.edu.br\/cursos\/ppgcb\/es\/wp-json\/wp\/v2\/media?parent=625"}],"curies":[{"name":"wp","href":"https:\/\/api.w.org\/{rel}","templated":true}]}}