
{"id":4596,"date":"2025-01-17T15:19:33","date_gmt":"2025-01-17T18:19:33","guid":{"rendered":"https:\/\/cursos.unipampa.edu.br\/cursos\/ppgcb\/?page_id=4596"},"modified":"2025-01-17T15:25:34","modified_gmt":"2025-01-17T18:25:34","slug":"resultado-parcial-da-matricula-condicional-do-processo-de-selecao-para-ingresso-01-2025-do-ppg-em-ciencias-biologicas","status":"publish","type":"page","link":"https:\/\/cursos.unipampa.edu.br\/cursos\/ppgcb\/es\/resultado-parcial-da-matricula-condicional-do-processo-de-selecao-para-ingresso-01-2025-do-ppg-em-ciencias-biologicas\/","title":{"rendered":"(Portugu\u00eas) Resultado Parcial da matr\u00edcula condicional do processo de sele\u00e7\u00e3o para Ingresso 01\/2025 do PPG em Ci\u00eancias Biol\u00f3gicas"},"content":{"rendered":"<p class=\"qtranxs-available-languages-message qtranxs-available-languages-message-es\">Disculpa, pero esta entrada est\u00e1 disponible s\u00f3lo en <a href=\"https:\/\/cursos.unipampa.edu.br\/cursos\/ppgcb\/pb\/wp-json\/wp\/v2\/pages\/4596\" class=\"qtranxs-available-language-link qtranxs-available-language-link-pb\" title=\"Portugu\u00eas\">Portugu\u00e9s De Brasil<\/a>.<\/p>","protected":false},"excerpt":{"rendered":"<p>Disculpa, pero esta entrada est\u00e1 disponible s\u00f3lo en Portugu\u00e9s De Brasil.<\/p>\n","protected":false},"author":1055,"featured_media":0,"parent":0,"menu_order":0,"comment_status":"closed","ping_status":"closed","template":"","meta":[],"_links":{"self":[{"href":"https:\/\/cursos.unipampa.edu.br\/cursos\/ppgcb\/es\/wp-json\/wp\/v2\/pages\/4596"}],"collection":[{"href":"https:\/\/cursos.unipampa.edu.br\/cursos\/ppgcb\/es\/wp-json\/wp\/v2\/pages"}],"about":[{"href":"https:\/\/cursos.unipampa.edu.br\/cursos\/ppgcb\/es\/wp-json\/wp\/v2\/types\/page"}],"author":[{"embeddable":true,"href":"https:\/\/cursos.unipampa.edu.br\/cursos\/ppgcb\/es\/wp-json\/wp\/v2\/users\/1055"}],"replies":[{"embeddable":true,"href":"https:\/\/cursos.unipampa.edu.br\/cursos\/ppgcb\/es\/wp-json\/wp\/v2\/comments?post=4596"}],"version-history":[{"count":8,"href":"https:\/\/cursos.unipampa.edu.br\/cursos\/ppgcb\/es\/wp-json\/wp\/v2\/pages\/4596\/revisions"}],"predecessor-version":[{"id":4605,"href":"https:\/\/cursos.unipampa.edu.br\/cursos\/ppgcb\/es\/wp-json\/wp\/v2\/pages\/4596\/revisions\/4605"}],"wp:attachment":[{"href":"https:\/\/cursos.unipampa.edu.br\/cursos\/ppgcb\/es\/wp-json\/wp\/v2\/media?parent=4596"}],"curies":[{"name":"wp","href":"https:\/\/api.w.org\/{rel}","templated":true}]}}