
{"id":4136,"date":"2023-02-07T16:47:35","date_gmt":"2023-02-07T19:47:35","guid":{"rendered":"https:\/\/cursos.unipampa.edu.br\/cursos\/ppgcb\/?page_id=4136"},"modified":"2024-04-02T09:23:43","modified_gmt":"2024-04-02T12:23:43","slug":"consultar-fator-de-impacto-jcr","status":"publish","type":"page","link":"https:\/\/cursos.unipampa.edu.br\/cursos\/ppgcb\/es\/consultar-fator-de-impacto-jcr\/","title":{"rendered":"(Portugu\u00eas) Consultar Fator de Impacto (JCR)"},"content":{"rendered":"<p class=\"qtranxs-available-languages-message qtranxs-available-languages-message-es\">Disculpa, pero esta entrada est\u00e1 disponible s\u00f3lo en <a href=\"https:\/\/cursos.unipampa.edu.br\/cursos\/ppgcb\/pb\/wp-json\/wp\/v2\/pages\/4136\" class=\"qtranxs-available-language-link qtranxs-available-language-link-pb\" title=\"Portugu\u00eas\">Portugu\u00e9s De Brasil<\/a>.<\/p>","protected":false},"excerpt":{"rendered":"<p>Disculpa, pero esta entrada est\u00e1 disponible s\u00f3lo en Portugu\u00e9s De Brasil.<\/p>\n","protected":false},"author":556,"featured_media":0,"parent":0,"menu_order":0,"comment_status":"closed","ping_status":"closed","template":"","meta":[],"_links":{"self":[{"href":"https:\/\/cursos.unipampa.edu.br\/cursos\/ppgcb\/es\/wp-json\/wp\/v2\/pages\/4136"}],"collection":[{"href":"https:\/\/cursos.unipampa.edu.br\/cursos\/ppgcb\/es\/wp-json\/wp\/v2\/pages"}],"about":[{"href":"https:\/\/cursos.unipampa.edu.br\/cursos\/ppgcb\/es\/wp-json\/wp\/v2\/types\/page"}],"author":[{"embeddable":true,"href":"https:\/\/cursos.unipampa.edu.br\/cursos\/ppgcb\/es\/wp-json\/wp\/v2\/users\/556"}],"replies":[{"embeddable":true,"href":"https:\/\/cursos.unipampa.edu.br\/cursos\/ppgcb\/es\/wp-json\/wp\/v2\/comments?post=4136"}],"version-history":[{"count":5,"href":"https:\/\/cursos.unipampa.edu.br\/cursos\/ppgcb\/es\/wp-json\/wp\/v2\/pages\/4136\/revisions"}],"predecessor-version":[{"id":4421,"href":"https:\/\/cursos.unipampa.edu.br\/cursos\/ppgcb\/es\/wp-json\/wp\/v2\/pages\/4136\/revisions\/4421"}],"wp:attachment":[{"href":"https:\/\/cursos.unipampa.edu.br\/cursos\/ppgcb\/es\/wp-json\/wp\/v2\/media?parent=4136"}],"curies":[{"name":"wp","href":"https:\/\/api.w.org\/{rel}","templated":true}]}}