
{"id":354,"date":"2011-05-05T11:45:28","date_gmt":"2011-05-05T14:45:28","guid":{"rendered":"http:\/\/cursos.unipampa.edu.br\/cursos\/ppgcb\/?page_id=354"},"modified":"2019-10-02T16:38:29","modified_gmt":"2019-10-02T19:38:29","slug":"calendario","status":"publish","type":"page","link":"https:\/\/cursos.unipampa.edu.br\/cursos\/ppgcb\/es\/calendario\/","title":{"rendered":"Calend\u00e1rio"},"content":{"rendered":"<p>&nbsp;<\/p>\n<p><strong><a href=\"https:\/\/cursos.unipampa.edu.br\/cursos\/ppgcb\/files\/2016\/07\/Grade-de-hor\u00e1rios-PPGCB-2-2016.pdf\">Grade de\u00a0Hor\u00e1rios PPGCB &#8211; 2\u00ba semestre 2016<\/a><\/strong><\/p>\n<p><strong><a href=\"https:\/\/cursos.unipampa.edu.br\/cursos\/ppgcb\/files\/2011\/05\/Oferta-PPGCB-2016-1.pdf\" target=\"_blank\" rel=\"noopener noreferrer\">Grade de\u00a0Hor\u00e1rios PPGCB &#8211; 1\u00ba semestre 2016\u00a0<\/a><\/strong><\/p>\n<p><strong><a href=\"https:\/\/cursos.unipampa.edu.br\/cursos\/ppgcb\/files\/2010\/11\/CALEND\u00c1RIO-REGIME-ESPECIAL-2016.docx\" target=\"_blank\" rel=\"noopener noreferrer\">Calend\u00e1rio Regime Especial 2016<\/a><\/strong><\/p>\n<p><span style=\"color: #008000\"><strong style=\"color: #008000\"><a style=\"color: #008000\" href=\"http:\/\/sites.unipampa.edu.br\/prpg\/files\/2011\/04\/Calend%C3%A1rio-P%C3%B3s-Gradua%C3%A7%C3%A3o-2016.pdf\" target=\"_blank\" rel=\"noopener noreferrer\">Calend\u00e1rio Acad\u00eamico 2016<\/a><\/strong><\/span><\/p>\n<p><a href=\"https:\/\/cursos.unipampa.edu.br\/cursos\/ppgcb\/files\/2011\/05\/Hor\u00e1rios-PPGCB-2-2015.pdf\" target=\"_blank\" rel=\"noopener noreferrer\"><strong>Grade\u00a0de\u00a0Hor\u00e1rios PPGCB &#8211; 2\u00ba semestre 2015\u00a0<\/strong><\/a><\/p>\n<p><strong><a title=\"Hor\u00e1rios PPGCB 1-2015\" href=\"https:\/\/cursos.unipampa.edu.br\/cursos\/ppgcb\/files\/2011\/05\/Hor\u00e1rios-PPGCB-1-2015-3.pdf\" target=\"_blank\" rel=\"noopener noreferrer\">Grade de\u00a0Hor\u00e1rios PPGCB &#8211; 1\u00ba semestre 2015\u00a0<\/a><\/strong><\/p>\n<p><strong><a href=\"http:\/\/sites.unipampa.edu.br\/prpg\/files\/2014\/12\/Calend%C3%A1rio-Regime-Especial-2015.pdf\" target=\"_blank\" rel=\"noopener noreferrer\">Calend\u00e1rio Regime Especial 2015<\/a><\/strong><\/p>\n<p><strong><a href=\"https:\/\/cursos.unipampa.edu.br\/cursos\/bachareladoemcienciasbiologicas\/files\/2012\/03\/Portaria_1487-2014_calend\u00e1rio_acad\u00eamico_ano_letivo_2015.pdf\">Calend\u00e1rio Acad\u00eamico 2015<\/a><\/strong><\/p>\n<p>&nbsp;<\/p>","protected":false},"excerpt":{"rendered":"<p>&nbsp; Grade de\u00a0Hor\u00e1rios PPGCB &#8211; 2\u00ba semestre 2016 Grade de\u00a0Hor\u00e1rios PPGCB &#8211; 1\u00ba semestre 2016\u00a0 Calend\u00e1rio Regime Especial 2016 Calend\u00e1rio Acad\u00eamico 2016 Grade\u00a0de\u00a0Hor\u00e1rios PPGCB &#8211; 2\u00ba semestre 2015\u00a0 Grade de\u00a0Hor\u00e1rios PPGCB &#8211; 1\u00ba semestre 2015\u00a0 Calend\u00e1rio Regime Especial 2015 Calend\u00e1rio Acad\u00eamico 2015 &nbsp;<\/p>\n","protected":false},"author":235,"featured_media":0,"parent":0,"menu_order":0,"comment_status":"open","ping_status":"open","template":"","meta":[],"_links":{"self":[{"href":"https:\/\/cursos.unipampa.edu.br\/cursos\/ppgcb\/es\/wp-json\/wp\/v2\/pages\/354"}],"collection":[{"href":"https:\/\/cursos.unipampa.edu.br\/cursos\/ppgcb\/es\/wp-json\/wp\/v2\/pages"}],"about":[{"href":"https:\/\/cursos.unipampa.edu.br\/cursos\/ppgcb\/es\/wp-json\/wp\/v2\/types\/page"}],"author":[{"embeddable":true,"href":"https:\/\/cursos.unipampa.edu.br\/cursos\/ppgcb\/es\/wp-json\/wp\/v2\/users\/235"}],"replies":[{"embeddable":true,"href":"https:\/\/cursos.unipampa.edu.br\/cursos\/ppgcb\/es\/wp-json\/wp\/v2\/comments?post=354"}],"version-history":[{"count":50,"href":"https:\/\/cursos.unipampa.edu.br\/cursos\/ppgcb\/es\/wp-json\/wp\/v2\/pages\/354\/revisions"}],"predecessor-version":[{"id":2849,"href":"https:\/\/cursos.unipampa.edu.br\/cursos\/ppgcb\/es\/wp-json\/wp\/v2\/pages\/354\/revisions\/2849"}],"wp:attachment":[{"href":"https:\/\/cursos.unipampa.edu.br\/cursos\/ppgcb\/es\/wp-json\/wp\/v2\/media?parent=354"}],"curies":[{"name":"wp","href":"https:\/\/api.w.org\/{rel}","templated":true}]}}