
{"id":2834,"date":"2019-10-02T16:26:59","date_gmt":"2019-10-02T19:26:59","guid":{"rendered":"http:\/\/cursos.unipampa.edu.br\/cursos\/ppgcb\/?page_id=2834"},"modified":"2026-01-19T14:28:08","modified_gmt":"2026-01-19T17:28:08","slug":"academico","status":"publish","type":"page","link":"https:\/\/cursos.unipampa.edu.br\/cursos\/ppgcb\/es\/academico\/","title":{"rendered":"(Portugu\u00eas) Acad\u00eamico"},"content":{"rendered":"<p class=\"qtranxs-available-languages-message qtranxs-available-languages-message-es\">Disculpa, pero esta entrada est\u00e1 disponible s\u00f3lo en <a href=\"https:\/\/cursos.unipampa.edu.br\/cursos\/ppgcb\/pb\/wp-json\/wp\/v2\/pages\/2834\" class=\"qtranxs-available-language-link qtranxs-available-language-link-pb\" title=\"Portugu\u00eas\">Portugu\u00e9s De Brasil<\/a>.<\/p>","protected":false},"excerpt":{"rendered":"<p>Disculpa, pero esta entrada est\u00e1 disponible s\u00f3lo en Portugu\u00e9s De Brasil.<\/p>\n","protected":false},"author":556,"featured_media":0,"parent":0,"menu_order":0,"comment_status":"closed","ping_status":"closed","template":"","meta":[],"_links":{"self":[{"href":"https:\/\/cursos.unipampa.edu.br\/cursos\/ppgcb\/es\/wp-json\/wp\/v2\/pages\/2834"}],"collection":[{"href":"https:\/\/cursos.unipampa.edu.br\/cursos\/ppgcb\/es\/wp-json\/wp\/v2\/pages"}],"about":[{"href":"https:\/\/cursos.unipampa.edu.br\/cursos\/ppgcb\/es\/wp-json\/wp\/v2\/types\/page"}],"author":[{"embeddable":true,"href":"https:\/\/cursos.unipampa.edu.br\/cursos\/ppgcb\/es\/wp-json\/wp\/v2\/users\/556"}],"replies":[{"embeddable":true,"href":"https:\/\/cursos.unipampa.edu.br\/cursos\/ppgcb\/es\/wp-json\/wp\/v2\/comments?post=2834"}],"version-history":[{"count":14,"href":"https:\/\/cursos.unipampa.edu.br\/cursos\/ppgcb\/es\/wp-json\/wp\/v2\/pages\/2834\/revisions"}],"predecessor-version":[{"id":4879,"href":"https:\/\/cursos.unipampa.edu.br\/cursos\/ppgcb\/es\/wp-json\/wp\/v2\/pages\/2834\/revisions\/4879"}],"wp:attachment":[{"href":"https:\/\/cursos.unipampa.edu.br\/cursos\/ppgcb\/es\/wp-json\/wp\/v2\/media?parent=2834"}],"curies":[{"name":"wp","href":"https:\/\/api.w.org\/{rel}","templated":true}]}}