
{"id":277,"date":"2011-03-30T15:54:57","date_gmt":"2011-03-30T18:54:57","guid":{"rendered":"http:\/\/cursos.unipampa.edu.br\/cursos\/ppgcb\/?page_id=277"},"modified":"2018-01-31T13:59:45","modified_gmt":"2018-01-31T16:59:45","slug":"ecologia-e-sistematica","status":"publish","type":"page","link":"https:\/\/cursos.unipampa.edu.br\/cursos\/ppgcb\/es\/linhas-de-pesquisa\/ecologia-e-sistematica\/","title":{"rendered":"Ecologia e Sistem\u00e1tica"},"content":{"rendered":"<p><strong>Ecologia e sistem\u00e1tica<\/strong><\/p>\n<p><strong>Descri\u00e7\u00e3o\/caracteriza\u00e7\u00e3o:<\/strong><\/p>\n<p>Estudo sobre a estrutura e din\u00e2mica de popula\u00e7\u00f5es e comunidades animais e vegetais. Auto-ecologia. Estudo da diversidade biol\u00f3gica, visando sua cataloga\u00e7\u00e3o, a constru\u00e7\u00e3o de sistemas gerais de refer\u00eancia. Relacionamento filogen\u00e9tico entre os grupos. Estudo de padr\u00f5es e processos biogeogr\u00e1ficos a partir da distribui\u00e7\u00e3o geogr\u00e1fica dos organismos.<\/p>\n<p>Corpo docente atuante nesta linha: Angelo Alberto Schneider, Antonio Batista Pereira, Carlos Benhur Kasper, Filipe de Carvalho Victoria, Luiz Fernando Wurdig Roesch\u00a0e Valdir Marcos Stefenon.<\/p>\n<p>&nbsp;<\/p>","protected":false},"excerpt":{"rendered":"<p>Ecologia e sistem\u00e1tica Descri\u00e7\u00e3o\/caracteriza\u00e7\u00e3o: Estudo sobre a estrutura e din\u00e2mica de popula\u00e7\u00f5es e comunidades animais e vegetais. Auto-ecologia. Estudo da diversidade biol\u00f3gica, visando sua cataloga\u00e7\u00e3o, a constru\u00e7\u00e3o de sistemas gerais de refer\u00eancia. Relacionamento filogen\u00e9tico entre os grupos. Estudo de padr\u00f5es e processos biogeogr\u00e1ficos a partir da distribui\u00e7\u00e3o geogr\u00e1fica dos organismos. Corpo docente atuante nesta linha: &hellip; <a href=\"https:\/\/cursos.unipampa.edu.br\/cursos\/ppgcb\/es\/linhas-de-pesquisa\/ecologia-e-sistematica\/\" class=\"more-link\">Continue reading <span class=\"screen-reader-text\">Ecologia e Sistem\u00e1tica<\/span> <span class=\"meta-nav\">&rarr;<\/span><\/a><\/p>\n","protected":false},"author":235,"featured_media":0,"parent":3,"menu_order":0,"comment_status":"open","ping_status":"open","template":"","meta":[],"_links":{"self":[{"href":"https:\/\/cursos.unipampa.edu.br\/cursos\/ppgcb\/es\/wp-json\/wp\/v2\/pages\/277"}],"collection":[{"href":"https:\/\/cursos.unipampa.edu.br\/cursos\/ppgcb\/es\/wp-json\/wp\/v2\/pages"}],"about":[{"href":"https:\/\/cursos.unipampa.edu.br\/cursos\/ppgcb\/es\/wp-json\/wp\/v2\/types\/page"}],"author":[{"embeddable":true,"href":"https:\/\/cursos.unipampa.edu.br\/cursos\/ppgcb\/es\/wp-json\/wp\/v2\/users\/235"}],"replies":[{"embeddable":true,"href":"https:\/\/cursos.unipampa.edu.br\/cursos\/ppgcb\/es\/wp-json\/wp\/v2\/comments?post=277"}],"version-history":[{"count":5,"href":"https:\/\/cursos.unipampa.edu.br\/cursos\/ppgcb\/es\/wp-json\/wp\/v2\/pages\/277\/revisions"}],"predecessor-version":[{"id":2192,"href":"https:\/\/cursos.unipampa.edu.br\/cursos\/ppgcb\/es\/wp-json\/wp\/v2\/pages\/277\/revisions\/2192"}],"up":[{"embeddable":true,"href":"https:\/\/cursos.unipampa.edu.br\/cursos\/ppgcb\/es\/wp-json\/wp\/v2\/pages\/3"}],"wp:attachment":[{"href":"https:\/\/cursos.unipampa.edu.br\/cursos\/ppgcb\/es\/wp-json\/wp\/v2\/media?parent=277"}],"curies":[{"name":"wp","href":"https:\/\/api.w.org\/{rel}","templated":true}]}}