
{"id":228,"date":"2011-03-23T16:00:59","date_gmt":"2011-03-23T19:00:59","guid":{"rendered":"http:\/\/cursos.unipampa.edu.br\/cursos\/ppgcb\/?page_id=228"},"modified":"2025-12-09T14:13:52","modified_gmt":"2025-12-09T17:13:52","slug":"comissao-coordenadora","status":"publish","type":"page","link":"https:\/\/cursos.unipampa.edu.br\/cursos\/ppgcb\/es\/comissao-coordenadora\/","title":{"rendered":"Coordena\u00e7\u00e3o"},"content":{"rendered":"<p><strong>&#8211; Coordenador:<\/strong> Prof. Dr. Adriano Luis Sch\u00fcnemann<br \/>\n<strong>&#8211; Coordenador Substituto:<\/strong> Prof. Dr. Luiz Fernando W\u00fcrdig Roesch<\/p>\n<p><strong>Comiss\u00e3o Coordenadora:<\/strong><\/p>\n<p>Prof. Dr. Adriano Luis Sch\u00fcnemann<\/p>\n<p>Prof. Dr. Luiz Fernando W\u00fcrdig Roesch<\/p>\n<p>Prof. Dr. Carlos Benhur Kasper<\/p>\n<p>Prof. Dr. Ricardo Jos\u00e9 Gunsky<\/p>\n<p>Representante Discente: Cristiane Barbossa D&#8217;Oliveira<br \/>\nRepresentante T\u00e9cnico: Rafael Pl\u00e1 Matielo Lemos<\/p>\n<p><strong>Conselho de P\u00f3s- Gradua\u00e7\u00e3o em Ci\u00eancias Biol\u00f3gicas:<\/strong><\/p>\n<p>Prof. Dr. Adriano Luis Schunemann &#8211;\u00a0UNIPAMPA &#8211; Campus S\u00e3o Gabriel<\/p>\n<p>Prof\u00aa. Dr\u00aa. Anal\u00eda del Valle Garnero &#8211; UNIPAMPA &#8211; Campus S\u00e3o Gabriel<\/p>\n<p>Prof. Dr. Andr\u00e9s Delgado Ca\u00f1edo &#8211; UNIPAMPA &#8211; Campus S\u00e3o Gabriel<\/p>\n<p>Prof. Dr. Angelo Alberto Schneider &#8211; UNIPAMPA &#8211; Campus S\u00e3o Gabriel<\/p>\n<p>Prof. Dr. Ant\u00f4nio Batista Pereira &#8211; UNIPAMPA &#8211; Campus S\u00e3o Gabriel<\/p>\n<p>Prof. Dr. Carlos Benhur Kasper &#8211;\u00a0UNIPAMPA &#8211; Campus S\u00e3o Gabriel<\/p>\n<p>Prof. Dr. Ch\u00e1riston Andr\u00e9 Dal Belo &#8211; UNIPAMPA &#8211; Campus S\u00e3o Gabriel<\/p>\n<p>Prof. Dr. Filipe de Carvalho Victoria &#8211; UNIPAMPA &#8211; Campus S\u00e3o Gabriel<\/p>\n<p>Prof. Dr. Felipe Lima Pinheiro &#8211;\u00a0UNIPAMPA &#8211; Campus S\u00e3o Gabriel<\/p>\n<p>Prof. Dr. Frederico Costa Beber Vieira &#8211; UNIPAMPA &#8211; Campus S\u00e3o Gabriel<\/p>\n<p>Prof. Dr. Jair Putzke &#8211;\u00a0UNIPAMPA &#8211; Campus S\u00e3o Gabriel<\/p>\n<p>Prof. Dr. Jeferson Luis Franco &#8211; UNIPAMPA &#8211; Campus S\u00e3o Gabriel<\/p>\n<p>Prof. Dr. Juliano Tomazzoni Boldo &#8211; UNIPAMPA &#8211; Campus S\u00e3o Gabriel<\/p>\n<p>Prof\u00aa. Dr\u00aa. L\u00facia Helena do Canto Vinad\u00e9 &#8211; UNIPAMPA &#8211; Campus S\u00e3o Gabriel<\/p>\n<p>Prof. Dr. Luiz Fernando Wurdig Roesch &#8211; UNIPAMPA &#8211; Campus S\u00e3o Gabriel<\/p>\n<p>Prof. Dr. Paulo Marcos Pinto &#8211; UNIPAMPA &#8211; Campus S\u00e3o Gabriel<\/p>\n<p>Prof. Dr. Ricardo Jos\u00e9 Gunski &#8211; UNIPAMPA &#8211; Campus S\u00e3o Gabriel<\/p>\n<p>Prof\u00aa. Dr\u00aa. Tha\u00eds Posser \u2013 UNIPAMPA- \u00a0Campus S\u00e3o Gabriel<\/p>\n<p>Prof. Dr. Valdir Marcos Stefenon- UNIPAMPA- Campus S\u00e3o Gabriel<\/p>\n<p>Prof. Dr. Velci Queiroz de Souza &#8211;\u00a0UNIPAMPA &#8211; Campus Dom Pedrito<\/p>\n<p>Representante Discente: Bruna Trindade Borges<\/p>\n<p>Representante T\u00e9cnico: Maria Carolina dos Santos Figueiredo<\/p>\n<p><strong>Comiss\u00e3o de Bolsas do PPGCB:<\/strong><\/p>\n<p>Prof. Dr.Filipe de Carvalho Vict\u00f3ria<\/p>\n<p>Prof. Dr. Paulo Marcos Pinto<\/p>\n<p>Prof. Dr. Jeferson Luis Franco<\/p>\n<p>Representante Discente: Bruna Trindade Borges<\/p>","protected":false},"excerpt":{"rendered":"<p>&#8211; Coordenador: Prof. Dr. Adriano Luis Sch\u00fcnemann &#8211; Coordenador Substituto: Prof. Dr. Luiz Fernando W\u00fcrdig Roesch Comiss\u00e3o Coordenadora: Prof. Dr. Adriano Luis Sch\u00fcnemann Prof. Dr. Luiz Fernando W\u00fcrdig Roesch Prof. Dr. Carlos Benhur Kasper Prof. Dr. Ricardo Jos\u00e9 Gunsky Representante Discente: Cristiane Barbossa D&#8217;Oliveira Representante T\u00e9cnico: Rafael Pl\u00e1 Matielo Lemos Conselho de P\u00f3s- Gradua\u00e7\u00e3o em &hellip; <a href=\"https:\/\/cursos.unipampa.edu.br\/cursos\/ppgcb\/es\/comissao-coordenadora\/\" class=\"more-link\">Continue reading <span class=\"screen-reader-text\">Coordena\u00e7\u00e3o<\/span> <span class=\"meta-nav\">&rarr;<\/span><\/a><\/p>\n","protected":false},"author":235,"featured_media":0,"parent":0,"menu_order":0,"comment_status":"open","ping_status":"open","template":"","meta":[],"_links":{"self":[{"href":"https:\/\/cursos.unipampa.edu.br\/cursos\/ppgcb\/es\/wp-json\/wp\/v2\/pages\/228"}],"collection":[{"href":"https:\/\/cursos.unipampa.edu.br\/cursos\/ppgcb\/es\/wp-json\/wp\/v2\/pages"}],"about":[{"href":"https:\/\/cursos.unipampa.edu.br\/cursos\/ppgcb\/es\/wp-json\/wp\/v2\/types\/page"}],"author":[{"embeddable":true,"href":"https:\/\/cursos.unipampa.edu.br\/cursos\/ppgcb\/es\/wp-json\/wp\/v2\/users\/235"}],"replies":[{"embeddable":true,"href":"https:\/\/cursos.unipampa.edu.br\/cursos\/ppgcb\/es\/wp-json\/wp\/v2\/comments?post=228"}],"version-history":[{"count":51,"href":"https:\/\/cursos.unipampa.edu.br\/cursos\/ppgcb\/es\/wp-json\/wp\/v2\/pages\/228\/revisions"}],"predecessor-version":[{"id":4868,"href":"https:\/\/cursos.unipampa.edu.br\/cursos\/ppgcb\/es\/wp-json\/wp\/v2\/pages\/228\/revisions\/4868"}],"wp:attachment":[{"href":"https:\/\/cursos.unipampa.edu.br\/cursos\/ppgcb\/es\/wp-json\/wp\/v2\/media?parent=228"}],"curies":[{"name":"wp","href":"https:\/\/api.w.org\/{rel}","templated":true}]}}