
{"id":2,"date":"2010-11-18T09:17:38","date_gmt":"2010-11-18T12:17:38","guid":{"rendered":""},"modified":"2025-12-09T14:11:35","modified_gmt":"2025-12-09T17:11:35","slug":"contatos","status":"publish","type":"page","link":"https:\/\/cursos.unipampa.edu.br\/cursos\/ppgcb\/es\/contatos\/","title":{"rendered":"Corpo Docente"},"content":{"rendered":"<p><\/p>\n<h2><strong><span style=\"color: #000000\">Elenco de professores permanentes<\/span><\/strong><\/h2>\n<p><strong><span style=\"color: #000000\"><br \/>\n<\/span><\/strong><\/p>\n<p><strong><span style=\"color: #000000\">ANAL\u00cdA DEL VALLE GARNERO <\/span><\/strong><\/p>\n<p><span style=\"color: #000000\">\u00c1rea b\u00e1sica da titula\u00e7\u00e3o: Gen\u00e9tica<\/span><\/p>\n<p>\u00c1rea de interesse: Citogenetica; Variabilidade Gen\u00e9tica Animal<\/p>\n<p><a href=\"http:\/\/lattes.cnpq.br\/4075727326925108\" target=\"_blank\" rel=\"noopener\"><span style=\"color: #0000ff\">Link curr\u00edculo Lattes<\/span><\/a><\/p>\n<p><a href=\"mailto:analiagarnero@unipampa.edu.br\"><span style=\"color: #0000ff\">analiagarnero@unipampa.edu.br<\/span><\/a><\/p>\n<p><span style=\"color: #000000\">_____________________________________________________________________<\/span><\/p>\n<p><strong><span style=\"color: #000000\">ANDRES DELGADO CA\u00d1EDO<\/span><\/strong><\/p>\n<p><span style=\"color: #000000\">\u00c1rea b\u00e1sica da titula\u00e7\u00e3o: Gen\u00e9tica<\/span><\/p>\n<p><span style=\"color: #000000\">\u00c1rea de interesse: Express\u00e3o g\u00eanica<\/span><\/p>\n<p><a href=\"http:\/\/lattes.cnpq.br\/6438232190557212\" target=\"_blank\" rel=\"noopener\"><span style=\"color: #0000ff\">Link curr\u00edculo Lattes<\/span><\/a><\/p>\n<p><a href=\"mailto:andrescanedo@unipampa.edu.br\"><span style=\"color: #0000ff\">andrescanedo@unipampa.edu.br<\/span><\/a><\/p>\n<p><span style=\"color: #000000\">_____________________________________________________________________<\/span><\/p>\n<p><strong>ANGELO ALBERTO SCHNEIDER<\/strong><\/p>\n<p>\u00c1rea b\u00e1sica da titula\u00e7\u00e3o: Bot\u00e2nica<\/p>\n<p>\u00c1rea de interesse: Taxonomia e flor\u00edstica da fam\u00edlia Asteraceae, flor\u00edstica e\u00a0fitossociologia de vegeta\u00e7\u00e3o campestre, estudos da flora ruderal ocorrente no\u00a0estado do Rio Grande do Sul<\/p>\n<p><a href=\"http:\/\/lattes.cnpq.br\/0905235589505578\" target=\"_blank\" rel=\"noopener\"><span style=\"color: #0000ff\">Link curr\u00edculo Lattes<\/span><\/a><\/p>\n<p><a href=\"mailto:angeloschneider@unipampa.edu.br\"><span style=\"color: #0000ff\">angeloschneider@unipampa.edu.br<\/span><\/a><\/p>\n<p>_____________________________________________________________________<\/p>\n<p><strong><span style=\"color: #000000\">ANTONIO BATISTA PEREIRA<\/span><\/strong><\/p>\n<p><span style=\"color: #000000\">\u00c1rea\u00a0b\u00e1sica da titula\u00e7\u00e3o: Bot\u00e2nica<\/span><\/p>\n<p><span style=\"color: #000000\">\u00c1rea de interesse: Comunidades Vegetais de \u00e1reas de degelo da Ant\u00e1rtica<\/span><\/p>\n<p><a href=\"http:\/\/lattes.cnpq.br\/2960319577737903\" target=\"_blank\" rel=\"noopener\"><span style=\"color: #0000ff\">Link curr\u00edculo Lattes<\/span><\/a><\/p>\n<p><a href=\"mailto:antoniopereira@unipampa.edu.br\"><span style=\"color: #0000ff\">antoniopereira@unipampa.edu.br<\/span><\/a><\/p>\n<p><span style=\"color: #000000\">_____________________________________________________________________<\/span><\/p>\n<p><strong>CARLOS BENHUR KASPER<\/strong><\/p>\n<p>\u00c1rea b\u00e1sica da titula\u00e7\u00e3o: Biologia animal<\/p>\n<p>\u00c1rea de interesse: Estudos ecol\u00f3gicos de mam\u00edferos, com \u00eanfase em\u00a0carn\u00edvoros, avaliando aspectos como h\u00e1bitos alimentares, \u00e1rea de vida, uso do\u00a0habitat, abund\u00e2ncia \/ densidade, comportamento e conserva\u00e7\u00e3o<\/p>\n<p><a href=\"http:\/\/lattes.cnpq.br\/3758714218353612\" target=\"_blank\" rel=\"noopener\"><span style=\"color: #0000ff\">Link curr\u00edculo Lattes<\/span><\/a><\/p>\n<p><a href=\"mailto:cbkasper@yahoo.com.br\"><span style=\"color: #0000ff\">cbkasper@yahoo.com.br<\/span><\/a><\/p>\n<p>_____________________________________________________________________<\/p>\n<p><strong><span style=\"color: #000000\">CH\u00c1RISTON ANDR\u00c9 DAL BELO<\/span><\/strong><\/p>\n<p><span style=\"color: #000000\">\u00c1rea b\u00e1sica da titula\u00e7\u00e3o: Farmacologia<\/span><\/p>\n<p><span style=\"color: #000000\">\u00c1rea de interesse: Neurofarmacologia de venenos animais e princ\u00edpios ativos vegetais<\/span><\/p>\n<p><span style=\"color: #0000ff\"><a href=\"http:\/\/lattes.cnpq.br\/3500651347964867\" target=\"_blank\" rel=\"noopener\"><span style=\"color: #0000ff\">Link curr\u00edculo Lattes<\/span><\/a><\/span><\/p>\n<p><span style=\"color: #0000ff\"><a href=\"mailto:charistonbelo@unipampa.edu.br\"><span style=\"color: #0000ff\">charistonbelo@unipampa.edu.br<\/span><\/a><\/span><\/p>\n<p><span style=\"color: #000000\">_____________________________________________________________________<\/span><\/p>\n<p><strong><span style=\"color: #000000\">\u00a0FILIPE DE CARVALHO VICTORIA<\/span><\/strong><\/p>\n<p>\u00c1rea b\u00e1sica da titula\u00e7\u00e3o: Biotecnologia<\/p>\n<p>\u00c1rea de interesse: Biologia, Evolu\u00e7\u00e3o &amp; Biotecnologia de plantas da Ant\u00e1rtica<\/p>\n<p><span style=\"color: #0000ff\"><a title=\"Link curr\u00edculo lattes\" href=\"http:\/\/buscatextual.cnpq.br\/buscatextual\/visualizacv.do?metodo=apresentar&amp;id=K4708745E6\"><span style=\"color: #0000ff\">Link curr\u00edculo Lattes<\/span><\/a><\/span><\/p>\n<p><span style=\"color: #0000ff\"><a href=\"mailto:filipevictoria@unipampa.edu.br\"><span style=\"color: #0000ff\">filipevictoria@unipampa.edu.br<\/span><\/a><\/span><\/p>\n<p>________________________________________________________________<\/p>\n<p><strong><span style=\"color: #000000\">FREDERICO COSTA BEBER VIEIRA<\/span><\/strong><\/p>\n<p><span style=\"color: #000000\">\u00c1rea b\u00e1sica da titula\u00e7\u00e3o: Agronomia<\/span><\/p>\n<p><span style=\"color: #000000\">\u00c1rea de interesse: Solos e ambiente; fluxo de gases de efeito estufa em solos; din\u00e2mica de nutrientes; manejo e conserva\u00e7\u00e3o do solo; recupera\u00e7\u00e3o de \u00e1reas degradadas<\/span><\/p>\n<p><a href=\"http:\/\/lattes.cnpq.br\/4002044761102234\" target=\"_blank\" rel=\"noopener\"><span style=\"color: #0000ff\">Link curr\u00edculo Lattes<\/span><\/a><\/p>\n<p><a href=\"mailto:fredericovieira@unipampa.edu.br\"><span style=\"color: #0000ff\">fredericovieira@unipampa.edu.br<\/span><\/a><\/p>\n<p><span style=\"color: #000000\">_____________________________________________________________________<\/span><\/p>\n<p><strong><span style=\"color: #000000\">\u00a0<\/span><\/strong><strong><span style=\"color: #000000\">JEFERSON LUIS FRANCO<\/span><\/strong><\/p>\n<p><span style=\"color: #000000\">\u00c1rea b\u00e1sica da titula\u00e7\u00e3o: Neuroci\u00eancias<\/span><\/p>\n<p><span style=\"color: #000000\">\u00c1rea de interesse: Neuroqu\u00edmica<\/span><\/p>\n<p><a href=\"http:\/\/lattes.cnpq.br\/1680065573338339\" target=\"_blank\" rel=\"noopener\"><span style=\"color: #0000ff\">Link curr\u00edculo Latte<\/span><\/a><span style=\"color: #0000ff\">s<\/span><\/p>\n<p><a href=\"mailto:jefersonfranco@unipampa.edu.br\"><span style=\"color: #0000ff\">jefersonfranco@unipampa.edu.br<\/span><\/a><\/p>\n<p><span style=\"color: #000000\">_____________________________________________________________________<\/span><\/p>\n<p><strong>JULIANO TOMAZZONI BOLDO<\/strong><\/p>\n<p>\u00c1rea b\u00e1sica da titula\u00e7\u00e3o: Biologia Celular e Molecular<\/p>\n<p>\u00c1rea de interesse: Controle Biol\u00f3gico<\/p>\n<p><span style=\"color: #0000ff\"><a href=\"http:\/\/buscatextual.cnpq.br\/buscatextual\/visualizacv.do?id=K4704944P7\" target=\"_blank\" rel=\"noopener\"><span style=\"color: #0000ff\">Link curr\u00edculo Lattes<\/span><\/a><\/span><\/p>\n<p><a href=\"mailto:julianoboldo@unipampa.edu.br\"><span style=\"color: #0000ff\">julianoboldo@unipampa.edu.br<\/span><\/a><\/p>\n<p><span style=\"color: #000000\">_____________________________________________________________________<\/span><\/p>\n<p><strong>L\u00daCIA HELENA DO CANTO VINAD\u00c9<\/strong><\/p>\n<p>\u00c1rea b\u00e1sica da titula\u00e7\u00e3o: Ci\u00eancias Biol\u00f3gicas (Bioqu\u00edmica)<\/p>\n<p>\u00c1rea de interesse: neuroqu\u00edmica, com \u00eanfase em prote\u00ednas astrocit\u00e1rias e<\/p>\n<p>sin\u00e1pticas envolvidas na sinalizacao da neurotransmissao e neuroprote\u00e7\u00e3o<\/p>\n<p><a href=\"http:\/\/lattes.cnpq.br\/9245604354419040\" target=\"_blank\" rel=\"noopener\"><span style=\"color: #0000ff\">Link curr\u00edculo Lattes<\/span><\/a><\/p>\n<p><a href=\"mailto:luciavinade@unipampa.edu.br\"><span style=\"color: #0000ff\">luciavinade@unipampa.edu.br<\/span><\/a><\/p>\n<p>_____________________________________________________________________<\/p>\n<p><strong><span style=\"color: #000000\">LUIZ FERNANDO WURDIG ROESCH<\/span><\/strong><\/p>\n<p><span style=\"color: #000000\">\u00c1rea b\u00e1sica da titula\u00e7\u00e3o: Agronomia<\/span><\/p>\n<p><span style=\"color: #000000\">\u00c1rea de interesse: Ecologia microbiana; Microbioma do solo; Associa\u00e7\u00e3o entre microorganismos e plantas<\/span><\/p>\n<p><a href=\"http:\/\/lattes.cnpq.br\/4304180741961721\" target=\"_blank\" rel=\"noopener\"><span style=\"color: #0000ff\">Link curr\u00edculo Lattes<\/span><\/a><\/p>\n<p><a href=\"mailto:luizroesch@unipampa.edu.br\"><span style=\"color: #0000ff\">luizroesch@unipampa.edu.br<\/span><\/a><\/p>\n<p><span style=\"color: #000000\">_____________________________________________________________________<\/span><\/p>\n<p><strong>PAULO MARCOS PINTO<\/strong><\/p>\n<p>\u00c1rea b\u00e1sica da titula\u00e7\u00e3o: Biologia Celular e Molecular<\/p>\n<p>\u00c1rea de interesse: Prote\u00f4mica Aplicada<\/p>\n<p><a href=\"http:\/\/buscatextual.cnpq.br\/buscatextual\/visualizacv.do?id=K4764349D1\" target=\"_blank\" rel=\"noopener\"><span style=\"color: #0000ff\">Link curr\u00edculo Lattes<\/span><\/a><\/p>\n<p><a href=\"mailto:paulopinto@unipampa.edu.br\"><span style=\"color: #0000ff\">paulopinto@unipampa.edu.br<\/span><\/a><\/p>\n<p>____________________________________________________________________<\/p>\n<p><strong>THA\u00cdS POSSER<\/strong><\/p>\n<p>\u00c1rea b\u00e1sica da titula\u00e7\u00e3o: Neuroci\u00eancia<\/p>\n<p>\u00c1rea de interesse: Bioqu\u00edmica, Toxicologia, Mecanismos de Neutoxicidade e Neuroprote\u00e7\u00e3o.<\/p>\n<p><a href=\"http:\/\/lattes.cnpq.br\/2277857386983441\" target=\"_blank\" rel=\"noopener\"><span style=\"color: #0000ff\">Link curr\u00edculo Lattes\u00a0<\/span><\/a><span style=\"color: #0000ff\">\u00a0\u00a0\u00a0\u00a0\u00a0\u00a0\u00a0\u00a0\u00a0\u00a0\u00a0\u00a0<\/span><\/p>\n<p><a href=\"mailto:fredericovieira@unipampa.edu.br\"><span style=\"color: #0000ff\">thaisposser@unipampa.edu.br<\/span><\/a><\/p>\n<p>_____________________________________________________________________<\/p>\n<p><strong><span style=\"color: #000000\">VALDIR MARCOS STEFENON<\/span><\/strong><\/p>\n<p><span style=\"color: #000000\">\u00c1rea b\u00e1sica da titula\u00e7\u00e3o: Recursos Gen\u00e9ticos Florestais, Gen\u00e9tica e Evoluc\u00e3o de Plantas<\/span><\/p>\n<p><span style=\"color: #000000\">\u00c1rea de interesse: An\u00e1lise da diversidade gen\u00e9tica de popula\u00e7\u00f5es de plantas, visando a caracteriza\u00e7\u00e3o do patrim\u00f4nio gen\u00e9tico de esp\u00e9cies, sua evolu\u00e7\u00e3o e conserva\u00e7\u00e3o, atrav\u00e9s de ferramentas da Gen\u00e9tica Molecular e da Ecologia Molecular.<\/span><\/p>\n<p><a href=\"http:\/\/lattes.cnpq.br\/6868213051236665\" target=\"_blank\" rel=\"noopener\"><span style=\"color: #0000ff\">Link curr\u00edculo Lattes<\/span><\/a><\/p>\n<p><a href=\"mailto:valdirstefenon@unipampa.edu.br\"><span style=\"color: #0000ff\">valdirstefenon@unipampa.edu.br<\/span><\/a><\/p>\n<p><span style=\"color: #000000\">_____________________________________________________________________<\/span><\/p>\n<h2><strong><span style=\"color: #000000\">Elenco de professores colaboradores<\/span><\/strong><\/h2>\n<p>&nbsp;<\/p>\n<p><strong><span style=\"color: #000000\">RICARDO JOS\u00c9 GUNSKI<\/span><\/strong><\/p>\n<p><span style=\"color: #000000\">\u00c1rea b\u00e1sica da titula\u00e7\u00e3o: Gen\u00e9tica<\/span><\/p>\n<p><span style=\"color: #000000\">\u00c1rea de interesse: Citogenetica; Variabilidade Gen\u00e9tica Animal<\/span><\/p>\n<p><a href=\"http:\/\/lattes.cnpq.br\/2410346128596894\" target=\"_blank\" rel=\"noopener\"><span style=\"color: #0000ff\">Link curr\u00edculo Lattes<\/span><\/a><\/p>\n<p><a href=\"mailto:ricardogunski@unipampa.edu.br\"><span style=\"color: #0000ff\">ricardogunski@unipampa.edu.br<\/span><\/a><\/p>","protected":false},"excerpt":{"rendered":"<p>Elenco de professores permanentes ANAL\u00cdA DEL VALLE GARNERO \u00c1rea b\u00e1sica da titula\u00e7\u00e3o: Gen\u00e9tica \u00c1rea de interesse: Citogenetica; Variabilidade Gen\u00e9tica Animal Link curr\u00edculo Lattes analiagarnero@unipampa.edu.br _____________________________________________________________________ ANDRES DELGADO CA\u00d1EDO \u00c1rea b\u00e1sica da titula\u00e7\u00e3o: Gen\u00e9tica \u00c1rea de interesse: Express\u00e3o g\u00eanica Link curr\u00edculo Lattes andrescanedo@unipampa.edu.br _____________________________________________________________________ ANGELO ALBERTO SCHNEIDER \u00c1rea b\u00e1sica da titula\u00e7\u00e3o: Bot\u00e2nica \u00c1rea de interesse: Taxonomia &hellip; <a href=\"https:\/\/cursos.unipampa.edu.br\/cursos\/ppgcb\/es\/contatos\/\" class=\"more-link\">Continue reading <span class=\"screen-reader-text\">Corpo Docente<\/span> <span class=\"meta-nav\">&rarr;<\/span><\/a><\/p>\n","protected":false},"author":235,"featured_media":0,"parent":0,"menu_order":3,"comment_status":"open","ping_status":"open","template":"","meta":[],"_links":{"self":[{"href":"https:\/\/cursos.unipampa.edu.br\/cursos\/ppgcb\/es\/wp-json\/wp\/v2\/pages\/2"}],"collection":[{"href":"https:\/\/cursos.unipampa.edu.br\/cursos\/ppgcb\/es\/wp-json\/wp\/v2\/pages"}],"about":[{"href":"https:\/\/cursos.unipampa.edu.br\/cursos\/ppgcb\/es\/wp-json\/wp\/v2\/types\/page"}],"author":[{"embeddable":true,"href":"https:\/\/cursos.unipampa.edu.br\/cursos\/ppgcb\/es\/wp-json\/wp\/v2\/users\/235"}],"replies":[{"embeddable":true,"href":"https:\/\/cursos.unipampa.edu.br\/cursos\/ppgcb\/es\/wp-json\/wp\/v2\/comments?post=2"}],"version-history":[{"count":53,"href":"https:\/\/cursos.unipampa.edu.br\/cursos\/ppgcb\/es\/wp-json\/wp\/v2\/pages\/2\/revisions"}],"predecessor-version":[{"id":4867,"href":"https:\/\/cursos.unipampa.edu.br\/cursos\/ppgcb\/es\/wp-json\/wp\/v2\/pages\/2\/revisions\/4867"}],"wp:attachment":[{"href":"https:\/\/cursos.unipampa.edu.br\/cursos\/ppgcb\/es\/wp-json\/wp\/v2\/media?parent=2"}],"curies":[{"name":"wp","href":"https:\/\/api.w.org\/{rel}","templated":true}]}}