
{"id":4606,"date":"2025-01-17T15:28:55","date_gmt":"2025-01-17T18:28:55","guid":{"rendered":"https:\/\/cursos.unipampa.edu.br\/cursos\/ppgcb\/?page_id=4606"},"modified":"2025-01-17T15:29:17","modified_gmt":"2025-01-17T18:29:17","slug":"resultado-parcial-da-matricula-condicional-do-processo-de-selecao-para-ingresso-01-2025-do-ppg-em-ciencias-biologicas-2","status":"publish","type":"page","link":"https:\/\/cursos.unipampa.edu.br\/cursos\/ppgcb\/en\/resultado-parcial-da-matricula-condicional-do-processo-de-selecao-para-ingresso-01-2025-do-ppg-em-ciencias-biologicas-2\/","title":{"rendered":"(Portugu\u00eas) Resultado Parcial da matr\u00edcula condicional do processo de sele\u00e7\u00e3o para Ingresso 01\/2025 do PPG em Ci\u00eancias Biol\u00f3gicas"},"content":{"rendered":"<p class=\"qtranxs-available-languages-message qtranxs-available-languages-message-en\">Sorry, this entry is only available in <a href=\"https:\/\/cursos.unipampa.edu.br\/cursos\/ppgcb\/pb\/wp-json\/wp\/v2\/pages\/4606\" class=\"qtranxs-available-language-link qtranxs-available-language-link-pb\" title=\"Portugu\u00eas\">Brazilian Portuguese<\/a>.<\/p>","protected":false},"excerpt":{"rendered":"<p>Sorry, this entry is only available in Brazilian Portuguese.<\/p>\n","protected":false},"author":1055,"featured_media":0,"parent":0,"menu_order":0,"comment_status":"closed","ping_status":"closed","template":"","meta":[],"_links":{"self":[{"href":"https:\/\/cursos.unipampa.edu.br\/cursos\/ppgcb\/en\/wp-json\/wp\/v2\/pages\/4606"}],"collection":[{"href":"https:\/\/cursos.unipampa.edu.br\/cursos\/ppgcb\/en\/wp-json\/wp\/v2\/pages"}],"about":[{"href":"https:\/\/cursos.unipampa.edu.br\/cursos\/ppgcb\/en\/wp-json\/wp\/v2\/types\/page"}],"author":[{"embeddable":true,"href":"https:\/\/cursos.unipampa.edu.br\/cursos\/ppgcb\/en\/wp-json\/wp\/v2\/users\/1055"}],"replies":[{"embeddable":true,"href":"https:\/\/cursos.unipampa.edu.br\/cursos\/ppgcb\/en\/wp-json\/wp\/v2\/comments?post=4606"}],"version-history":[{"count":1,"href":"https:\/\/cursos.unipampa.edu.br\/cursos\/ppgcb\/en\/wp-json\/wp\/v2\/pages\/4606\/revisions"}],"predecessor-version":[{"id":4608,"href":"https:\/\/cursos.unipampa.edu.br\/cursos\/ppgcb\/en\/wp-json\/wp\/v2\/pages\/4606\/revisions\/4608"}],"wp:attachment":[{"href":"https:\/\/cursos.unipampa.edu.br\/cursos\/ppgcb\/en\/wp-json\/wp\/v2\/media?parent=4606"}],"curies":[{"name":"wp","href":"https:\/\/api.w.org\/{rel}","templated":true}]}}