
{"id":383,"date":"2011-05-23T15:22:51","date_gmt":"2011-05-23T18:22:51","guid":{"rendered":"http:\/\/cursos.unipampa.edu.br\/cursos\/ppgcb\/?page_id=383"},"modified":"2017-09-15T14:28:39","modified_gmt":"2017-09-15T17:28:39","slug":"links","status":"publish","type":"page","link":"https:\/\/cursos.unipampa.edu.br\/cursos\/ppgcb\/en\/links\/","title":{"rendered":"Links Relacionados"},"content":{"rendered":"<p><a href=\"http:\/\/www.unipampa.edu.br\/portal\/\" target=\"_blank\">UNIPAMPA<\/a><\/p>\n<p><a href=\"http:\/\/porteiras.unipampa.edu.br\/saogabriel\/\" target=\"_blank\">UNIPAMPA- Campus S\u00e3o Gabriel<\/a><\/p>\n<p><a href=\"http:\/\/www.capes.gov.br\/\" target=\"_blank\">Coordena\u00e7\u00e3o de\u00a0Aperfei\u00e7oamento de Pessoal de N\u00edvel Superior &#8211; CAPES<\/a><\/p>\n<p><a href=\"http:\/\/cnpq.br\/\" target=\"_blank\">Conselho Nacional de Desenvolvimento Cient\u00edfico\u00a0e Tecnol\u00f3gico &#8211; CNPq<\/a><\/p>\n<p><a href=\"http:\/\/www.fapergs.rs.gov.br\/\" target=\"_blank\">FAPERGS<\/a><\/p>\n<p><a href=\"http:\/\/www.finep.gov.br\/\" target=\"_blank\">FINEP<\/a><\/p>\n<p><a href=\"http:\/\/www.mec.gov.br\/\" target=\"_blank\">Minist\u00e9rio da Educa\u00e7\u00e3o &#8211; MEC<\/a><\/p>","protected":false},"excerpt":{"rendered":"<p>UNIPAMPA UNIPAMPA- Campus S\u00e3o Gabriel Coordena\u00e7\u00e3o de\u00a0Aperfei\u00e7oamento de Pessoal de N\u00edvel Superior &#8211; CAPES Conselho Nacional de Desenvolvimento Cient\u00edfico\u00a0e Tecnol\u00f3gico &#8211; CNPq FAPERGS FINEP Minist\u00e9rio da Educa\u00e7\u00e3o &#8211; MEC<\/p>\n","protected":false},"author":416,"featured_media":0,"parent":0,"menu_order":0,"comment_status":"open","ping_status":"open","template":"","meta":[],"_links":{"self":[{"href":"https:\/\/cursos.unipampa.edu.br\/cursos\/ppgcb\/en\/wp-json\/wp\/v2\/pages\/383"}],"collection":[{"href":"https:\/\/cursos.unipampa.edu.br\/cursos\/ppgcb\/en\/wp-json\/wp\/v2\/pages"}],"about":[{"href":"https:\/\/cursos.unipampa.edu.br\/cursos\/ppgcb\/en\/wp-json\/wp\/v2\/types\/page"}],"author":[{"embeddable":true,"href":"https:\/\/cursos.unipampa.edu.br\/cursos\/ppgcb\/en\/wp-json\/wp\/v2\/users\/416"}],"replies":[{"embeddable":true,"href":"https:\/\/cursos.unipampa.edu.br\/cursos\/ppgcb\/en\/wp-json\/wp\/v2\/comments?post=383"}],"version-history":[{"count":5,"href":"https:\/\/cursos.unipampa.edu.br\/cursos\/ppgcb\/en\/wp-json\/wp\/v2\/pages\/383\/revisions"}],"predecessor-version":[{"id":2014,"href":"https:\/\/cursos.unipampa.edu.br\/cursos\/ppgcb\/en\/wp-json\/wp\/v2\/pages\/383\/revisions\/2014"}],"wp:attachment":[{"href":"https:\/\/cursos.unipampa.edu.br\/cursos\/ppgcb\/en\/wp-json\/wp\/v2\/media?parent=383"}],"curies":[{"name":"wp","href":"https:\/\/api.w.org\/{rel}","templated":true}]}}