
{"id":30,"date":"2010-11-25T17:58:46","date_gmt":"2010-11-25T20:58:46","guid":{"rendered":"http:\/\/cursos.unipampa.edu.br\/cursos\/ppgcb\/?page_id=30"},"modified":"2025-09-12T08:33:39","modified_gmt":"2025-09-12T11:33:39","slug":"normas-e-regimento","status":"publish","type":"page","link":"https:\/\/cursos.unipampa.edu.br\/cursos\/ppgcb\/en\/normas-e-regimento\/","title":{"rendered":"Manuais, Normas e Regimento"},"content":{"rendered":"<p><\/p>\n<h3>Normas e Regimento<\/h3>\n<p>&nbsp;<\/p>\n<p><a href=\"https:\/\/cursos.unipampa.edu.br\/cursos\/ppgcb\/files\/2010\/11\/Normas-de-P\u00f3s-Gradua\u00e7\u00e3o-Stricto-Sensu.pdf\">Normas da P\u00f3s Gradua\u00e7\u00e3o <em>Stricto Sensu<\/em><\/a><\/p>\n<p><a href=\"https:\/\/cursos.unipampa.edu.br\/cursos\/ppgcb\/files\/2010\/11\/REGIMENTO-PPGCB-FINAL.pdf\" target=\"_blank\" rel=\"noopener noreferrer\">Regimento Interno &#8211; Mestrado e Doutorado em Ci\u00eancias Biol\u00f3gicas<\/a><\/p>\n<p><a href=\"https:\/\/cursos.unipampa.edu.br\/cursos\/ppgcb\/files\/2010\/11\/Credenciamento-e-descredenciamento-docentes-2011.pdf\">Resolu\u00e7\u00e3o PPGCB 01\/2011 &#8211; Credenciamento e Descredenciamento de Docentes no Programa<\/a><\/p>\n<p><a title=\"Regulamento de Gest\u00e3o de Bolsas PPGCB 2015\" href=\"https:\/\/cursos.unipampa.edu.br\/cursos\/ppgcb\/files\/2010\/11\/Regulamento-de-Gest\u00e3o-de-Bolsas-PPGCB-2015.pdf\" target=\"_blank\" rel=\"noopener noreferrer\">Regulamento de Gest\u00e3o de Bolsas PPGCB<\/a><\/p>\n<p><a title=\"Par\u00e2metros e crit\u00e9rios de concess\u00e3o de bolsas PPGCB 2015\" href=\"https:\/\/cursos.unipampa.edu.br\/cursos\/ppgcb\/files\/2010\/11\/Par\u00e2metros-e-crit\u00e9rios-de-concess\u00e3o-de-bolsas-PPGCB-2015.pdf\" target=\"_blank\" rel=\"noopener noreferrer\">Resolu\u00e7\u00e3o 01\/2015 &#8211; Par\u00e2metros, crit\u00e9rios de atribui\u00e7\u00e3o de bolsas e avalia\u00e7\u00e3o de desempenho dos bolsistas PPGCB\u00a0<\/a><\/p>\n<p><a href=\"https:\/\/cursos.unipampa.edu.br\/cursos\/ppgcb\/files\/2012\/06\/Portaria-86-2013-Regulamento-PNPD-ANEXO-I.pdf\" target=\"_blank\" rel=\"noopener noreferrer\">Portaria 86\/2013 &#8211; Regulamento PNPD (ANEXO-I<\/a>)<\/p>\n<p>&nbsp;<\/p>\n<h3>Manuais, Formul\u00e1rios e Procedimentos<\/h3>\n<p>&nbsp;<\/p>\n<p><a href=\"http:\/\/sites.unipampa.edu.br\/prpg\/files\/2014\/12\/Orienta%C3%A7%C3%A3o-aos-interessados-no-Regime-Especial-P%C3%B3s-Gradua%C3%A7%C3%A3o.pdf\" target=\"_blank\" rel=\"noopener noreferrer\">Orienta\u00e7\u00e3o aos interessados no Regime Especial P\u00f3s-Gradua\u00e7\u00e3o<\/a><\/p>\n<p><a href=\"http:\/\/sites.unipampa.edu.br\/prpg\/files\/2014\/12\/Processo-Seletivo-regime-especial.pdf\" target=\"_blank\" rel=\"noopener noreferrer\">Sele\u00e7\u00e3o e Matr\u00edcula em regime especial<\/a><\/p>\n<p><a href=\"https:\/\/cursos.unipampa.edu.br\/cursos\/ppgcb\/files\/2012\/02\/Modelo-Plano-de-Ensino-Stricto-Sensu.doc\">Modelo Plano de Ensino <em>Stricto Sensu<\/em><\/a><\/p>\n<p><a href=\"https:\/\/cursos.unipampa.edu.br\/cursos\/ppgcb\/files\/2012\/02\/Orienta\u00e7\u00f5es-aos-Programas-de-P\u00f3s-Gradua\u00e7\u00e3o-para-Exame-de-Qualifica\u00e7\u00e3o-Scricto-Sensu.doc\">Orienta\u00e7\u00f5es aos Programas de P\u00f3s-Gradua\u00e7\u00e3o para Exame de Qualifica\u00e7\u00e3o <em>Stricto Sensu<\/em><\/a><\/p>\n<p><a href=\"https:\/\/cursos.unipampa.edu.br\/cursos\/ppgcb\/files\/2016\/03\/Procedimentos-para-defesa-de-disserta\u00e7\u00e3o-Site.pdf\" target=\"_blank\" rel=\"noopener noreferrer\">Procedimentos para Defesa de Disserta\u00e7\u00e3o\/Tese \u2013 Processo de Diploma\u00e7\u00e3o <em>Stricto Sensu<\/em><\/a><\/p>\n<p><a href=\"http:\/\/sites.unipampa.edu.br\/prpg\/documentos-e-formularios\/formularios-para-a-diplomacao\/\">Formul\u00e1rios\u00a0para Defesa de Disserta\u00e7\u00e3o\/Tese &#8211; Processo de Diploma\u00e7\u00e3o <em>Stricto Sensu<\/em><\/a><\/p>\n<p><a href=\"https:\/\/cursos.unipampa.edu.br\/cursos\/ppgcb\/files\/2012\/02\/Requerimento-Dispensa-de-Disciplinas-na-P\u00f3s-Gradua\u00e7\u00e3o.doc\">Requerimento Dispensa de Disciplinas na P\u00f3s-Gradua\u00e7\u00e3o<\/a><\/p>\n<p><a href=\"https:\/\/cursos.unipampa.edu.br\/cursos\/ppgcb\/files\/2012\/02\/Requerimento-de-Matr\u00edcula.doc\">Requerimento de Matr\u00edcula<\/a><\/p>\n<p><a title=\"Solicita\u00e7\u00e3o de Atestados\" href=\"https:\/\/docs.google.com\/forms\/d\/15e9G69TRDAAG8RGfl34tg_9e5gaIEyERUcoWSOG0Ya4\/viewform\">Solicita\u00e7\u00e3o de Atestados<\/a><\/p>\n<p><a title=\"Modelo de relat\u00f3rio anual atividades bolsistas 2015\" href=\"https:\/\/cursos.unipampa.edu.br\/cursos\/ppgcb\/files\/2010\/11\/Modelo-de-relat\u00f3rio-anual-atividades-bolsistas-2015.pdf\" target=\"_blank\" rel=\"noopener noreferrer\">Modelo de Relat\u00f3rio Anual de Atividades Bolsistas<\/a><\/p>\n<p>&nbsp;<\/p>\n<p>&nbsp;<\/p>","protected":false},"excerpt":{"rendered":"<p>Normas e Regimento &nbsp; Normas da P\u00f3s Gradua\u00e7\u00e3o Stricto Sensu Regimento Interno &#8211; Mestrado e Doutorado em Ci\u00eancias Biol\u00f3gicas Resolu\u00e7\u00e3o PPGCB 01\/2011 &#8211; Credenciamento e Descredenciamento de Docentes no Programa Regulamento de Gest\u00e3o de Bolsas PPGCB Resolu\u00e7\u00e3o 01\/2015 &#8211; Par\u00e2metros, crit\u00e9rios de atribui\u00e7\u00e3o de bolsas e avalia\u00e7\u00e3o de desempenho dos bolsistas PPGCB\u00a0 Portaria 86\/2013 &#8211; &hellip; <a href=\"https:\/\/cursos.unipampa.edu.br\/cursos\/ppgcb\/en\/normas-e-regimento\/\" class=\"more-link\">Continue reading <span class=\"screen-reader-text\">Manuais, Normas e Regimento<\/span> <span class=\"meta-nav\">&rarr;<\/span><\/a><\/p>\n","protected":false},"author":235,"featured_media":0,"parent":0,"menu_order":0,"comment_status":"open","ping_status":"open","template":"","meta":[],"_links":{"self":[{"href":"https:\/\/cursos.unipampa.edu.br\/cursos\/ppgcb\/en\/wp-json\/wp\/v2\/pages\/30"}],"collection":[{"href":"https:\/\/cursos.unipampa.edu.br\/cursos\/ppgcb\/en\/wp-json\/wp\/v2\/pages"}],"about":[{"href":"https:\/\/cursos.unipampa.edu.br\/cursos\/ppgcb\/en\/wp-json\/wp\/v2\/types\/page"}],"author":[{"embeddable":true,"href":"https:\/\/cursos.unipampa.edu.br\/cursos\/ppgcb\/en\/wp-json\/wp\/v2\/users\/235"}],"replies":[{"embeddable":true,"href":"https:\/\/cursos.unipampa.edu.br\/cursos\/ppgcb\/en\/wp-json\/wp\/v2\/comments?post=30"}],"version-history":[{"count":160,"href":"https:\/\/cursos.unipampa.edu.br\/cursos\/ppgcb\/en\/wp-json\/wp\/v2\/pages\/30\/revisions"}],"predecessor-version":[{"id":4827,"href":"https:\/\/cursos.unipampa.edu.br\/cursos\/ppgcb\/en\/wp-json\/wp\/v2\/pages\/30\/revisions\/4827"}],"wp:attachment":[{"href":"https:\/\/cursos.unipampa.edu.br\/cursos\/ppgcb\/en\/wp-json\/wp\/v2\/media?parent=30"}],"curies":[{"name":"wp","href":"https:\/\/api.w.org\/{rel}","templated":true}]}}