
{"id":3,"date":"2010-11-18T13:46:26","date_gmt":"2010-11-18T16:46:26","guid":{"rendered":"http:\/\/cursos.unipampa.edu.br\/cursos\/ppgcb\/?page_id=3"},"modified":"2021-08-16T16:16:04","modified_gmt":"2021-08-16T19:16:04","slug":"linhas-de-pesquisa","status":"publish","type":"page","link":"https:\/\/cursos.unipampa.edu.br\/cursos\/ppgcb\/en\/linhas-de-pesquisa\/","title":{"rendered":"Linhas de pesquisa"},"content":{"rendered":"<p><strong><br \/>\n<\/strong><\/p>\n<p style=\"text-align: justify\">O Programa de P\u00f3s-gradua\u00e7\u00e3o em Ci\u00eancias Biol\u00f3gicas, modalidade Mestrado e Doutorado,\u00a0\u00a0visa proporcionar aos p\u00f3s-graduandos uma forma\u00e7\u00e3o transdisciplinar e se relaciona com os cinco cursos de gradua\u00e7\u00e3o (Biotecnologia, Ci\u00eancias Biol\u00f3gicas Bacharelado e Licenciatura, Engenharia Florestal e Gest\u00e3o Ambiental) que o campus possui e, ainda, com cursos de outros campi (como Agronomia em Itaqui; Medicina Veterin\u00e1ria, Farm\u00e1cia e Tecnologia em Aquicultura em Uruguaiana, Zootecnia em Dom Pedrito, Geof\u00edsica em Ca\u00e7apava do Sul, Engenharia de Produ\u00e7\u00e3o e Engenharia de Energias Renov\u00e1veis e de Ambiente em Bag\u00e9, entre outros).<\/p>\n<p>Conta com tr\u00eas linhas de pesquisa:<\/p>\n<p><a href=\"https:\/\/cursos.unipampa.edu.br\/cursos\/ppgcb\/linhas-de-pesquisa\/qualidade-ambiental\/\" target=\"_blank\" rel=\"noopener\"><strong><span style=\"color: #3366ff\">&#8211; Qualidade Ambiental<\/span><\/strong><\/a><\/p>\n<p><strong><span style=\"color: #3366ff\"><a href=\"https:\/\/cursos.unipampa.edu.br\/cursos\/ppgcb\/linhas-de-pesquisa\/ecologia-e-sistematica\/\" target=\"_blank\" rel=\"noopener\"><span style=\"color: #3366ff\">&#8211; Ecologia e Sistem\u00e1tica <\/span><\/a><\/span><\/strong><\/p>\n<p><strong><span style=\"color: #3366ff\"><a href=\"https:\/\/cursos.unipampa.edu.br\/cursos\/ppgcb\/linhas-de-pesquisa\/genetica\/\" target=\"_blank\" rel=\"noopener\"><span style=\"color: #3366ff\">&#8211; Gen\u00e9tica<\/span><\/a><\/span><\/strong><\/p>\n<p>Clique nos links \u00e0 direita para explorar os conte\u00fados das linhas de pesquisa.<\/p>","protected":false},"excerpt":{"rendered":"<p>O Programa de P\u00f3s-gradua\u00e7\u00e3o em Ci\u00eancias Biol\u00f3gicas, modalidade Mestrado e Doutorado,\u00a0\u00a0visa proporcionar aos p\u00f3s-graduandos uma forma\u00e7\u00e3o transdisciplinar e se relaciona com os cinco cursos de gradua\u00e7\u00e3o (Biotecnologia, Ci\u00eancias Biol\u00f3gicas Bacharelado e Licenciatura, Engenharia Florestal e Gest\u00e3o Ambiental) que o campus possui e, ainda, com cursos de outros campi (como Agronomia em Itaqui; Medicina Veterin\u00e1ria, Farm\u00e1cia &hellip; <a href=\"https:\/\/cursos.unipampa.edu.br\/cursos\/ppgcb\/en\/linhas-de-pesquisa\/\" class=\"more-link\">Continue reading <span class=\"screen-reader-text\">Linhas de pesquisa<\/span> <span class=\"meta-nav\">&rarr;<\/span><\/a><\/p>\n","protected":false},"author":235,"featured_media":0,"parent":0,"menu_order":2,"comment_status":"open","ping_status":"open","template":"","meta":[],"_links":{"self":[{"href":"https:\/\/cursos.unipampa.edu.br\/cursos\/ppgcb\/en\/wp-json\/wp\/v2\/pages\/3"}],"collection":[{"href":"https:\/\/cursos.unipampa.edu.br\/cursos\/ppgcb\/en\/wp-json\/wp\/v2\/pages"}],"about":[{"href":"https:\/\/cursos.unipampa.edu.br\/cursos\/ppgcb\/en\/wp-json\/wp\/v2\/types\/page"}],"author":[{"embeddable":true,"href":"https:\/\/cursos.unipampa.edu.br\/cursos\/ppgcb\/en\/wp-json\/wp\/v2\/users\/235"}],"replies":[{"embeddable":true,"href":"https:\/\/cursos.unipampa.edu.br\/cursos\/ppgcb\/en\/wp-json\/wp\/v2\/comments?post=3"}],"version-history":[{"count":21,"href":"https:\/\/cursos.unipampa.edu.br\/cursos\/ppgcb\/en\/wp-json\/wp\/v2\/pages\/3\/revisions"}],"predecessor-version":[{"id":3669,"href":"https:\/\/cursos.unipampa.edu.br\/cursos\/ppgcb\/en\/wp-json\/wp\/v2\/pages\/3\/revisions\/3669"}],"wp:attachment":[{"href":"https:\/\/cursos.unipampa.edu.br\/cursos\/ppgcb\/en\/wp-json\/wp\/v2\/media?parent=3"}],"curies":[{"name":"wp","href":"https:\/\/api.w.org\/{rel}","templated":true}]}}