
{"id":281,"date":"2011-03-30T15:58:25","date_gmt":"2011-03-30T18:58:25","guid":{"rendered":"http:\/\/cursos.unipampa.edu.br\/cursos\/ppgcb\/?page_id=281"},"modified":"2021-08-16T14:56:09","modified_gmt":"2021-08-16T17:56:09","slug":"qualidade-ambiental","status":"publish","type":"page","link":"https:\/\/cursos.unipampa.edu.br\/cursos\/ppgcb\/en\/linhas-de-pesquisa\/qualidade-ambiental\/","title":{"rendered":"Qualidade Ambiental"},"content":{"rendered":"<p><span style=\"color: #993366\"><strong>Qualidade ambiental<\/strong><\/span><\/p>\n<p><span style=\"color: #993366\"><strong>Descri\u00e7\u00e3o\/caracteriza\u00e7\u00e3o:<\/strong><\/span><\/p>\n<p>Sistemas de produ\u00e7\u00e3o e conserva\u00e7\u00e3o dos recursos naturais: qualidade do ar da \u00e1gua e do solo em sistemas naturais e antr\u00f3picos; Biorremedia\u00e7\u00e3o e uso do solo para descarte de res\u00edduos; Biodiversidade como indicador de qualidade ambiental.<\/p>\n<p>Corpo docente atuante nesta linha: Ant\u00f4nio Batista Pereira, Ch\u00e1riston Andr\u00e9 Dal Belo, Frederico Costa Beber Vieira, Jeferson Franco, Luiz Fernando Wurdig Roesch, L\u00facia Helena do Canto Vinad\u00e9, Juliano Tomazzoni Boldo, Paulo Marcos Pinto\u00a0e Tha\u00eds Posser.<\/p>\n<p>&nbsp;<\/p>","protected":false},"excerpt":{"rendered":"<p>Qualidade ambiental Descri\u00e7\u00e3o\/caracteriza\u00e7\u00e3o: Sistemas de produ\u00e7\u00e3o e conserva\u00e7\u00e3o dos recursos naturais: qualidade do ar da \u00e1gua e do solo em sistemas naturais e antr\u00f3picos; Biorremedia\u00e7\u00e3o e uso do solo para descarte de res\u00edduos; Biodiversidade como indicador de qualidade ambiental. Corpo docente atuante nesta linha: Ant\u00f4nio Batista Pereira, Ch\u00e1riston Andr\u00e9 Dal Belo, Frederico Costa Beber Vieira, &hellip; <a href=\"https:\/\/cursos.unipampa.edu.br\/cursos\/ppgcb\/en\/linhas-de-pesquisa\/qualidade-ambiental\/\" class=\"more-link\">Continue reading <span class=\"screen-reader-text\">Qualidade Ambiental<\/span> <span class=\"meta-nav\">&rarr;<\/span><\/a><\/p>\n","protected":false},"author":235,"featured_media":0,"parent":3,"menu_order":0,"comment_status":"open","ping_status":"open","template":"","meta":[],"_links":{"self":[{"href":"https:\/\/cursos.unipampa.edu.br\/cursos\/ppgcb\/en\/wp-json\/wp\/v2\/pages\/281"}],"collection":[{"href":"https:\/\/cursos.unipampa.edu.br\/cursos\/ppgcb\/en\/wp-json\/wp\/v2\/pages"}],"about":[{"href":"https:\/\/cursos.unipampa.edu.br\/cursos\/ppgcb\/en\/wp-json\/wp\/v2\/types\/page"}],"author":[{"embeddable":true,"href":"https:\/\/cursos.unipampa.edu.br\/cursos\/ppgcb\/en\/wp-json\/wp\/v2\/users\/235"}],"replies":[{"embeddable":true,"href":"https:\/\/cursos.unipampa.edu.br\/cursos\/ppgcb\/en\/wp-json\/wp\/v2\/comments?post=281"}],"version-history":[{"count":12,"href":"https:\/\/cursos.unipampa.edu.br\/cursos\/ppgcb\/en\/wp-json\/wp\/v2\/pages\/281\/revisions"}],"predecessor-version":[{"id":3654,"href":"https:\/\/cursos.unipampa.edu.br\/cursos\/ppgcb\/en\/wp-json\/wp\/v2\/pages\/281\/revisions\/3654"}],"up":[{"embeddable":true,"href":"https:\/\/cursos.unipampa.edu.br\/cursos\/ppgcb\/en\/wp-json\/wp\/v2\/pages\/3"}],"wp:attachment":[{"href":"https:\/\/cursos.unipampa.edu.br\/cursos\/ppgcb\/en\/wp-json\/wp\/v2\/media?parent=281"}],"curies":[{"name":"wp","href":"https:\/\/api.w.org\/{rel}","templated":true}]}}