
{"id":234,"date":"2011-03-30T14:47:55","date_gmt":"2011-03-30T17:47:55","guid":{"rendered":"http:\/\/cursos.unipampa.edu.br\/cursos\/ppgcb\/?page_id=234"},"modified":"2018-01-31T14:02:30","modified_gmt":"2018-01-31T17:02:30","slug":"genetica","status":"publish","type":"page","link":"https:\/\/cursos.unipampa.edu.br\/cursos\/ppgcb\/en\/linhas-de-pesquisa\/genetica\/","title":{"rendered":"Gen\u00e9tica"},"content":{"rendered":"<p><strong>Gen\u00e9tica\u00a0<\/strong><\/p>\n<p><strong>Descri\u00e7\u00e3o\/caracteriza\u00e7\u00e3o:<\/strong><\/p>\n<p style=\"text-align: justify\">An\u00e1lise da diversidade gen\u00e9tica de popula\u00e7\u00f5es, visando a caracteriza\u00e7\u00e3o do patrim\u00f4nio gen\u00e9tico de esp\u00e9cies, sua evolu\u00e7\u00e3o e conserva\u00e7\u00e3o. Desenvolver e\/ou utilizar m\u00e9todos padronizados de biologia molecular para o estudo da composi\u00e7\u00e3o gen\u00e9tica das esp\u00e9cies oriundas do Bioma Pampa, estudo da express\u00e3o desses genes e da intera\u00e7\u00e3o dos seus produtos dentro do sistema celular. Estudos em citogen\u00e9tica animal e melhoramento gen\u00e9tico de esp\u00e9cies dom\u00e9sticas e animais silvestres visando a produ\u00e7\u00e3o sustent\u00e1vel.<\/p>\n<p>Corpo docente atuante nesta linha: Anal\u00eda del Valle Garnero, Andr\u00e9s Delgado Ca\u00f1edo, Ricardo Jos\u00e9 Gunski, Juliano Tomazzoni Boldo, Paulo Marcos Pinto e Valdir Marcos Stefenon.<\/p>\n<p>&nbsp;<\/p>","protected":false},"excerpt":{"rendered":"<p>Gen\u00e9tica\u00a0 Descri\u00e7\u00e3o\/caracteriza\u00e7\u00e3o: An\u00e1lise da diversidade gen\u00e9tica de popula\u00e7\u00f5es, visando a caracteriza\u00e7\u00e3o do patrim\u00f4nio gen\u00e9tico de esp\u00e9cies, sua evolu\u00e7\u00e3o e conserva\u00e7\u00e3o. Desenvolver e\/ou utilizar m\u00e9todos padronizados de biologia molecular para o estudo da composi\u00e7\u00e3o gen\u00e9tica das esp\u00e9cies oriundas do Bioma Pampa, estudo da express\u00e3o desses genes e da intera\u00e7\u00e3o dos seus produtos dentro do sistema celular. &hellip; <a href=\"https:\/\/cursos.unipampa.edu.br\/cursos\/ppgcb\/en\/linhas-de-pesquisa\/genetica\/\" class=\"more-link\">Continue reading <span class=\"screen-reader-text\">Gen\u00e9tica<\/span> <span class=\"meta-nav\">&rarr;<\/span><\/a><\/p>\n","protected":false},"author":235,"featured_media":0,"parent":3,"menu_order":0,"comment_status":"open","ping_status":"open","template":"","meta":[],"_links":{"self":[{"href":"https:\/\/cursos.unipampa.edu.br\/cursos\/ppgcb\/en\/wp-json\/wp\/v2\/pages\/234"}],"collection":[{"href":"https:\/\/cursos.unipampa.edu.br\/cursos\/ppgcb\/en\/wp-json\/wp\/v2\/pages"}],"about":[{"href":"https:\/\/cursos.unipampa.edu.br\/cursos\/ppgcb\/en\/wp-json\/wp\/v2\/types\/page"}],"author":[{"embeddable":true,"href":"https:\/\/cursos.unipampa.edu.br\/cursos\/ppgcb\/en\/wp-json\/wp\/v2\/users\/235"}],"replies":[{"embeddable":true,"href":"https:\/\/cursos.unipampa.edu.br\/cursos\/ppgcb\/en\/wp-json\/wp\/v2\/comments?post=234"}],"version-history":[{"count":32,"href":"https:\/\/cursos.unipampa.edu.br\/cursos\/ppgcb\/en\/wp-json\/wp\/v2\/pages\/234\/revisions"}],"predecessor-version":[{"id":2195,"href":"https:\/\/cursos.unipampa.edu.br\/cursos\/ppgcb\/en\/wp-json\/wp\/v2\/pages\/234\/revisions\/2195"}],"up":[{"embeddable":true,"href":"https:\/\/cursos.unipampa.edu.br\/cursos\/ppgcb\/en\/wp-json\/wp\/v2\/pages\/3"}],"wp:attachment":[{"href":"https:\/\/cursos.unipampa.edu.br\/cursos\/ppgcb\/en\/wp-json\/wp\/v2\/media?parent=234"}],"curies":[{"name":"wp","href":"https:\/\/api.w.org\/{rel}","templated":true}]}}