
{"id":203,"date":"2011-03-18T14:39:02","date_gmt":"2011-03-18T17:39:02","guid":{"rendered":"http:\/\/cursos.unipampa.edu.br\/cursos\/ppgcb\/?page_id=203"},"modified":"2025-07-10T11:36:09","modified_gmt":"2025-07-10T14:36:09","slug":"contatos-2","status":"publish","type":"page","link":"https:\/\/cursos.unipampa.edu.br\/cursos\/ppgcb\/en\/contatos-2\/","title":{"rendered":"Contatos"},"content":{"rendered":"<p><\/p>\n<table border=\"0\" cellspacing=\"0\" cellpadding=\"0\">\n<tbody>\n<tr>\n<td valign=\"top\" width=\"132\"><\/td>\n<td valign=\"top\" width=\"316\">\n<p style=\"text-align: center\"><a href=\"https:\/\/cursos.unipampa.edu.br\/cursos\/ppgcb\/files\/2011\/03\/mestrado.jpg\"><img decoding=\"async\" loading=\"lazy\" class=\" wp-image-1116  aligncenter\" src=\"https:\/\/cursos.unipampa.edu.br\/cursos\/ppgcb\/files\/2011\/03\/mestrado.jpg\" alt=\"\" width=\"358\" height=\"158\" \/><\/a><\/p>\n<\/td>\n<td valign=\"top\" width=\"132\"><\/td>\n<\/tr>\n<tr>\n<td colspan=\"3\" valign=\"top\" width=\"581\">\n<table border=\"0\" cellspacing=\"0\" cellpadding=\"0\">\n<tbody>\n<tr>\n<td valign=\"top\" width=\"576\">\n<p align=\"center\">Informa\u00e7\u00f5es podem ser obtidas no Campus S\u00e3o Gabriel, atrav\u00e9s do telefone (55) 3237-0850 \u2013 R 9957\u00a0ou pelo e-mail\u00a0E-mail:\u00a0<a href=\"mailto:ppgcb.sg@gmail.com\">ppgcb.sg@gmail.com<\/a><\/p>\n<\/td>\n<\/tr>\n<\/tbody>\n<\/table>\n<p align=\"center\">\n<\/td>\n<\/tr>\n<\/tbody>\n<\/table>\n<p><b>Coordenador: \u00a0<\/b><\/p>\n<p>Professor Dr. Frederico Costa Beber Vieira<\/p>\n<p>Fone: (55) 3237-0850 ramal 2249<\/p>\n<p>E-mail:\u00a0<a href=\"mailto:fredericovieira@unipampa.edu.br\">fredericovieira@unipampa.edu.br<\/a><\/p>\n<p><b>Coordenador Substituto: \u00a0<\/b><\/p>\n<p><b><\/b>Professor Dr. Antonio Batista Pereira<\/p>\n<p>Fone: (55) 3237-0850 ramal 2249<\/p>\n<p>E-mail:\u00a0<a href=\"mailto:antoniopereira@unipampa.edu.br\">antoniopereira@unipampa.edu.br<\/a><\/p>\n<p>&nbsp;<\/p>\n<p><a href=\"http:\/\/porteiras.unipampa.edu.br\/saogabriel\/index.php?option=com_content&amp;view=article&amp;id=387&amp;Itemid=111\"><strong>Secretaria Acad\u00eamica\u00a0<\/strong><\/a><\/p>\n<p>Endere\u00e7o: Av. Antonio Trilha, 1847, S\u00e3o Gabriel \u2013 RS. CEP 97300-000.<\/p>\n<p>Fone: (55) 3421-8460 ou (55) 3237-0850 (ramal 9957)<\/p>\n<p>E-mail: sec.acad.saogabriel@unipampa.edu.br<\/p>\n<p>&nbsp;<\/p>\n<p><strong>Administrativo<\/strong><\/p>\n<p>E<strong>&#8211;<\/strong>mail<strong>:\u00a0<\/strong><a href=\"mailto:saogabriel@unipampa.edu.br\">saogabriel@unipampa.edu.br<\/a><\/p>\n<p><em>Sede Administrativa<\/em><\/p>\n<p>Av. Antonio Trilha, 1847-\u00a0S\u00e3o Gabriel &#8211; RS CEP.:\u00a097300-000<\/p>\n<p>Fone: (55) 3237-0850<\/p>\n<p><em>Campus<\/em><\/p>\n<p>Rua Alu\u00edzio Barros Macedo,\u00a0Br 290, km 423 Bairro Pira\u00ed &#8211;\u00a0S\u00e3o Gabriel &#8211; RS CEP.:97300-000<\/p>\n<p>Fone: (55) 32321444<\/p>\n<p>E<strong>&#8211;<\/strong>mail<strong>:\u00a0<\/strong><a href=\"mailto:saogabriel@unipampa.edu.br\">saogabriel@unipampa.edu.br<\/a><\/p>\n<p>&nbsp;<\/p>\n<p><a href=\"http:\/\/porteiras.unipampa.edu.br\/saogabriel\/index.php?option=com_content&amp;view=article&amp;id=444&amp;Itemid=114\"><strong>Assist\u00eancia Estudantil<\/strong><\/a><\/p>\n<p>Respons\u00e1vel: Assistente Social Tatiane Maciel<\/p>\n<p>Fone: (55) 3237-0850 ramal\u00a05345<\/p>\n<p>E-mail:\u00a0<a href=\"mailto:nude.saogabriel@unipampa.edu.br\" target=\"_blank\" rel=\"noopener noreferrer\">nude.saogabriel@unipampa.edu.br<\/a><\/p>\n<p>&nbsp;<\/p>\n<p><strong><a href=\"http:\/\/porteiras.unipampa.edu.br\/saogabriel\/index.php?option=com_content&amp;view=article&amp;id=393&amp;Itemid=112\">Biblioteca<\/a><\/strong><\/p>\n<p>Bibliotec\u00e1ria: Francine da Silva<\/p>\n<p>Fone: (55) 3421-8463 ou (55) 3237-0850 ramal 2246<\/p>\n<p>E-mail:\u00a0<a href=\"mailto:francinesilva@unipampa.edu.br\">francinesilva@unipampa.edu.br<\/a><\/p>\n<p>&nbsp;<\/p>","protected":false},"excerpt":{"rendered":"<p>Informa\u00e7\u00f5es podem ser obtidas no Campus S\u00e3o Gabriel, atrav\u00e9s do telefone (55) 3237-0850 \u2013 R 9957\u00a0ou pelo e-mail\u00a0E-mail:\u00a0ppgcb.sg@gmail.com Coordenador: \u00a0 Professor Dr. Frederico Costa Beber Vieira Fone: (55) 3237-0850 ramal 2249 E-mail:\u00a0fredericovieira@unipampa.edu.br Coordenador Substituto: \u00a0 Professor Dr. Antonio Batista Pereira Fone: (55) 3237-0850 ramal 2249 E-mail:\u00a0antoniopereira@unipampa.edu.br &nbsp; Secretaria Acad\u00eamica\u00a0 Endere\u00e7o: Av. Antonio Trilha, 1847, S\u00e3o &hellip; <a href=\"https:\/\/cursos.unipampa.edu.br\/cursos\/ppgcb\/en\/contatos-2\/\" class=\"more-link\">Continue reading <span class=\"screen-reader-text\">Contatos<\/span> <span class=\"meta-nav\">&rarr;<\/span><\/a><\/p>\n","protected":false},"author":297,"featured_media":0,"parent":0,"menu_order":0,"comment_status":"open","ping_status":"open","template":"","meta":[],"_links":{"self":[{"href":"https:\/\/cursos.unipampa.edu.br\/cursos\/ppgcb\/en\/wp-json\/wp\/v2\/pages\/203"}],"collection":[{"href":"https:\/\/cursos.unipampa.edu.br\/cursos\/ppgcb\/en\/wp-json\/wp\/v2\/pages"}],"about":[{"href":"https:\/\/cursos.unipampa.edu.br\/cursos\/ppgcb\/en\/wp-json\/wp\/v2\/types\/page"}],"author":[{"embeddable":true,"href":"https:\/\/cursos.unipampa.edu.br\/cursos\/ppgcb\/en\/wp-json\/wp\/v2\/users\/297"}],"replies":[{"embeddable":true,"href":"https:\/\/cursos.unipampa.edu.br\/cursos\/ppgcb\/en\/wp-json\/wp\/v2\/comments?post=203"}],"version-history":[{"count":41,"href":"https:\/\/cursos.unipampa.edu.br\/cursos\/ppgcb\/en\/wp-json\/wp\/v2\/pages\/203\/revisions"}],"predecessor-version":[{"id":4762,"href":"https:\/\/cursos.unipampa.edu.br\/cursos\/ppgcb\/en\/wp-json\/wp\/v2\/pages\/203\/revisions\/4762"}],"wp:attachment":[{"href":"https:\/\/cursos.unipampa.edu.br\/cursos\/ppgcb\/en\/wp-json\/wp\/v2\/media?parent=203"}],"curies":[{"name":"wp","href":"https:\/\/api.w.org\/{rel}","templated":true}]}}