
{"id":871,"date":"2019-09-09T18:39:24","date_gmt":"2019-09-09T18:39:24","guid":{"rendered":"http:\/\/cursos.unipampa.edu.br\/cursos\/ppga\/?page_id=871"},"modified":"2019-09-11T00:22:07","modified_gmt":"2019-09-11T00:22:07","slug":"observatorio-de-gestao-universitaria-para-a-inclusao-e-desenvolvimento-social-do-pampa","status":"publish","type":"page","link":"https:\/\/cursos.unipampa.edu.br\/cursos\/ppga\/es\/observatorio-de-gestao-universitaria-para-a-inclusao-e-desenvolvimento-social-do-pampa\/","title":{"rendered":"Observatorio de Gesti\u00f3n de la Universidad Pampa para la Inclusi\u00f3n y el Desarrollo Social"},"content":{"rendered":"<p><\/p>\n<p style=\"text-align: justify\">El Observatorio nace con el objetivo de desarrollar estudios en el \u00e1rea de Administraci\u00f3n, Econom\u00eda, Gesti\u00f3n P\u00fablica, teniendo como gu\u00eda los estudios sobre desarrollo econ\u00f3mico y social a trav\u00e9s de procesos de inclusi\u00f3n en el mundo del trabajo.<\/p>\n<p style=\"text-align: justify\">Esta propuesta de grupo de estudio surge de acuerdo con el Plan de Desarrollo Institucional (PDI) de la Universidad Federal de Pampa &#8211; UNIPAMPA, en el cual la misi\u00f3n establecida para esta universidad fue: \u00abpromover una educaci\u00f3n superior de calidad, con el objetivo de la formaci\u00f3n de asignaturas comprometido y capaz de trabajar para el desarrollo regional, nacional e internacional \u201d.<\/p>\n<p style=\"text-align: justify\">Ante esto, el Observatorio se presenta como un espacio acad\u00e9mico destinado a observar e intervenir a trav\u00e9s de la ense\u00f1anza, la investigaci\u00f3n y la extensi\u00f3n en los procesos de desarrollo social y econ\u00f3mico alrededor de la Universidad Federal de Pampa, la Regi\u00f3n Pampa Ga\u00facho y la Regi\u00f3n. Borde en el que se inserta.<\/p>\n<p style=\"text-align: justify\">Para obtener m\u00e1s informaci\u00f3n sobre el grupo, comun\u00edquese con el Prof. Sebasti\u00e3o Airton da Rosa Cerqueira-Ad\u00e3o por correo electr\u00f3nico: sebastiaocerqueira@unipampa.edu.br<\/p>\n<p><\/p>","protected":false},"excerpt":{"rendered":"<p>El Observatorio nace con el objetivo de desarrollar estudios en el \u00e1rea de Administraci\u00f3n, Econom\u00eda, Gesti\u00f3n P\u00fablica, teniendo como gu\u00eda los estudios sobre desarrollo econ\u00f3mico y social a trav\u00e9s de procesos de inclusi\u00f3n en el mundo del trabajo. Esta propuesta de grupo de estudio surge de acuerdo con el Plan de Desarrollo Institucional (PDI) de &hellip; <a href=\"https:\/\/cursos.unipampa.edu.br\/cursos\/ppga\/es\/observatorio-de-gestao-universitaria-para-a-inclusao-e-desenvolvimento-social-do-pampa\/\" class=\"more-link\">Continue reading <span class=\"screen-reader-text\">Observatorio de Gesti\u00f3n de la Universidad Pampa para la Inclusi\u00f3n y el Desarrollo Social<\/span> <span class=\"meta-nav\">&rarr;<\/span><\/a><\/p>\n","protected":false},"author":511,"featured_media":0,"parent":0,"menu_order":0,"comment_status":"closed","ping_status":"closed","template":"","meta":[],"_links":{"self":[{"href":"https:\/\/cursos.unipampa.edu.br\/cursos\/ppga\/es\/wp-json\/wp\/v2\/pages\/871"}],"collection":[{"href":"https:\/\/cursos.unipampa.edu.br\/cursos\/ppga\/es\/wp-json\/wp\/v2\/pages"}],"about":[{"href":"https:\/\/cursos.unipampa.edu.br\/cursos\/ppga\/es\/wp-json\/wp\/v2\/types\/page"}],"author":[{"embeddable":true,"href":"https:\/\/cursos.unipampa.edu.br\/cursos\/ppga\/es\/wp-json\/wp\/v2\/users\/511"}],"replies":[{"embeddable":true,"href":"https:\/\/cursos.unipampa.edu.br\/cursos\/ppga\/es\/wp-json\/wp\/v2\/comments?post=871"}],"version-history":[{"count":6,"href":"https:\/\/cursos.unipampa.edu.br\/cursos\/ppga\/es\/wp-json\/wp\/v2\/pages\/871\/revisions"}],"predecessor-version":[{"id":946,"href":"https:\/\/cursos.unipampa.edu.br\/cursos\/ppga\/es\/wp-json\/wp\/v2\/pages\/871\/revisions\/946"}],"wp:attachment":[{"href":"https:\/\/cursos.unipampa.edu.br\/cursos\/ppga\/es\/wp-json\/wp\/v2\/media?parent=871"}],"curies":[{"name":"wp","href":"https:\/\/api.w.org\/{rel}","templated":true}]}}