
{"id":797,"date":"2019-09-04T01:46:58","date_gmt":"2019-09-04T01:46:58","guid":{"rendered":"http:\/\/cursos.unipampa.edu.br\/cursos\/ppga\/?page_id=797"},"modified":"2025-04-17T02:21:23","modified_gmt":"2025-04-17T02:21:23","slug":"grupos-de-estudos","status":"publish","type":"page","link":"https:\/\/cursos.unipampa.edu.br\/cursos\/ppga\/es\/grupos-de-estudos\/","title":{"rendered":"Grupos de investigacion"},"content":{"rendered":"<p>Este espacio est\u00e1 reservado para la presentaci\u00f3n de grupos de investigaci\u00f3n vinculados a PPGA.<\/p>\n<p style=\"text-align: center\"><a href=\"https:\/\/cursos.unipampa.edu.br\/cursos\/ppga\/grupo-de-estudos-e-pesquisa-em-organizacoes-e-desenvolvimento-geodes\/\"><strong>GEODes<\/strong><\/a><\/p>\n<p style=\"text-align: center\"><a href=\"https:\/\/cursos.unipampa.edu.br\/cursos\/ppga\/grupo-de-pesquisa-nucleo-de-estudos-em-redes-nerds\/\"><strong>NERds<\/strong><\/a><\/p>\n<p style=\"text-align: center\"><a href=\"https:\/\/cursos.unipampa.edu.br\/cursos\/ppga\/grupo-de-estudos-em-pesquisa-em-adm\/\"><strong>NEPA<\/strong><\/a><\/p>\n<p><\/p>","protected":false},"excerpt":{"rendered":"<p>Este espacio est\u00e1 reservado para la presentaci\u00f3n de grupos de investigaci\u00f3n vinculados a PPGA. GEODes NERds NEPA<\/p>\n","protected":false},"author":480,"featured_media":0,"parent":0,"menu_order":0,"comment_status":"closed","ping_status":"closed","template":"","meta":[],"_links":{"self":[{"href":"https:\/\/cursos.unipampa.edu.br\/cursos\/ppga\/es\/wp-json\/wp\/v2\/pages\/797"}],"collection":[{"href":"https:\/\/cursos.unipampa.edu.br\/cursos\/ppga\/es\/wp-json\/wp\/v2\/pages"}],"about":[{"href":"https:\/\/cursos.unipampa.edu.br\/cursos\/ppga\/es\/wp-json\/wp\/v2\/types\/page"}],"author":[{"embeddable":true,"href":"https:\/\/cursos.unipampa.edu.br\/cursos\/ppga\/es\/wp-json\/wp\/v2\/users\/480"}],"replies":[{"embeddable":true,"href":"https:\/\/cursos.unipampa.edu.br\/cursos\/ppga\/es\/wp-json\/wp\/v2\/comments?post=797"}],"version-history":[{"count":10,"href":"https:\/\/cursos.unipampa.edu.br\/cursos\/ppga\/es\/wp-json\/wp\/v2\/pages\/797\/revisions"}],"predecessor-version":[{"id":2290,"href":"https:\/\/cursos.unipampa.edu.br\/cursos\/ppga\/es\/wp-json\/wp\/v2\/pages\/797\/revisions\/2290"}],"wp:attachment":[{"href":"https:\/\/cursos.unipampa.edu.br\/cursos\/ppga\/es\/wp-json\/wp\/v2\/media?parent=797"}],"curies":[{"name":"wp","href":"https:\/\/api.w.org\/{rel}","templated":true}]}}